{"id":2890,"date":"2024-10-23T14:36:59","date_gmt":"2024-10-23T12:36:59","guid":{"rendered":"http:\/\/billigtrikots.com\/?post_type=product&#038;p=2890"},"modified":"2024-10-23T14:38:58","modified_gmt":"2024-10-23T12:38:58","slug":"fc-bayern-muenchen-trikot-3rd-in-weiss-2022-fuer-kinder-mit-aufdruck-coman-29","status":"publish","type":"product","link":"https:\/\/www.billigtrikotde.com\/da\/vare\/fc-bayern-muenchen-trikot-3rd-in-weiss-2022-fuer-kinder-mit-aufdruck-coman-29\/","title":{"rendered":"FC Bayern M\u00fcnchen Jersey 3. i hvid 2022 til b\u00f8rn med tryk Coman 29"},"content":{"rendered":"<p>Du kan bedst vise din k\u00e6rlighed og samh\u00f8righed med din klub med adidas b\u00f8rneshirt i hvid. Elsk dit hold \u2013 med FC Bayern M\u00fcnchen's udebaneshirt, som endda bliver b\u00e5ret af spillerne i Bundesligaen, viser du, hvem dit hjerte banker for. Den \u00e5ndbare, lette, svedtransporterende og behagelige model overbeviser p\u00e5 alle fronter. Uanset hvor h\u00e5rdt tr\u00e6ningen eller kampen er, er du altid kl\u00e6dt bedst p\u00e5 med denne model. Det flotte udseende af denne sporttop understreges af et klubv\u00e5ben p\u00e5 brystet.<\/p>\n<p>Tips til udskrivning: Hvis navn og nummer p\u00e5 billedet er pr\u00e6cis det, du \u00f8nsker, beh\u00f8ver du ikke at indtaste dem igen. Hvis ikke, skal du indtaste det \u00f8nskede navn og nummer.<\/p>\n<p>Tips til vask: Det anbefales at vaske fodboldtr\u00f8jer i h\u00e5nden. Hvis du vil bruge vaskemaskinen, skal du huske at vende vrangen ud p\u00e5 fodboldtr\u00f8jerne og derefter vaske dem. Fyld maskinen med koldt vand, og brug et sk\u00e5neprogram for bedre at beskytte farverne.<\/p>","protected":false},"excerpt":{"rendered":"<p>Du kannst deine Liebe und Verbundenheit zu deinem Verein am besten mit dem adidas Kinder-Shirt in Wei\u00df zeigen. Liebe deine Mannschaft \u2013 mit dem Ausweich-Shirt des FC Bayern M\u00fcnchen, das sogar von den Spielern in der 1. Bundesliga getragen wird, zeigst du, f\u00fcr wen dein Herz schl\u00e4gt. Das atmungsaktive, leichte, schwei\u00dfableitende und bequeme Modell \u00fcberzeugt [&hellip;]<\/p>","protected":false},"featured_media":2932,"comment_status":"open","ping_status":"closed","template":"","meta":[],"product_brand":[],"product_cat":[135],"product_tag":[139,137,138,20,94],"class_list":{"0":"post-2890","1":"product","2":"type-product","3":"status-publish","4":"has-post-thumbnail","6":"product_cat-bayern-munich-kindertrikot","7":"product_tag-bayern-muenchen-ausweichtrikot","8":"product_tag-bayern-muenchen-trikots","9":"product_tag-bayern-munich-trikotsatz-fuer-kinder","10":"product_tag-coole-fussballtrikots","11":"product_tag-kinder-fussball-trikotsatz","13":"first","14":"instock","15":"shipping-taxable","16":"purchasable","17":"product-type-variable"},"_links":{"self":[{"href":"https:\/\/www.billigtrikotde.com\/da\/wp-json\/wp\/v2\/product\/2890","targetHints":{"allow":["GET"]}}],"collection":[{"href":"https:\/\/www.billigtrikotde.com\/da\/wp-json\/wp\/v2\/product"}],"about":[{"href":"https:\/\/www.billigtrikotde.com\/da\/wp-json\/wp\/v2\/types\/product"}],"replies":[{"embeddable":true,"href":"https:\/\/www.billigtrikotde.com\/da\/wp-json\/wp\/v2\/comments?post=2890"}],"wp:featuredmedia":[{"embeddable":true,"href":"https:\/\/www.billigtrikotde.com\/da\/wp-json\/wp\/v2\/media\/2932"}],"wp:attachment":[{"href":"https:\/\/www.billigtrikotde.com\/da\/wp-json\/wp\/v2\/media?parent=2890"}],"wp:term":[{"taxonomy":"product_brand","embeddable":true,"href":"https:\/\/www.billigtrikotde.com\/da\/wp-json\/wp\/v2\/product_brand?post=2890"},{"taxonomy":"product_cat","embeddable":true,"href":"https:\/\/www.billigtrikotde.com\/da\/wp-json\/wp\/v2\/product_cat?post=2890"},{"taxonomy":"product_tag","embeddable":true,"href":"https:\/\/www.billigtrikotde.com\/da\/wp-json\/wp\/v2\/product_tag?post=2890"}],"curies":[{"name":"wp","href":"https:\/\/api.w.org\/{rel}","templated":true}]}}