{"id":2837,"date":"2024-10-23T14:34:47","date_gmt":"2024-10-23T12:34:47","guid":{"rendered":"http:\/\/billigtrikots.com\/?post_type=product&#038;p=2837"},"modified":"2024-10-23T14:36:50","modified_gmt":"2024-10-23T12:36:50","slug":"kindertrikot-as-roma-heim-trikot-2022-rot-fuer-kinder-g-villar-14-trikotsatz","status":"publish","type":"product","link":"https:\/\/www.billigtrikotde.com\/da\/vare\/kindertrikot-as-roma-heim-trikot-2022-rot-fuer-kinder-g-villar-14-trikotsatz\/","title":{"rendered":"B\u00f8rnetr\u00f8je AS Roma Hjemmebanetr\u00f8je 2022 r\u00f8d til B\u00f8rn G.VILLAR 14 tr\u00f8jer s\u00e6t"},"content":{"rendered":"<p>Med den nye Roma Hjemmetr\u00f8je i original look af dine helte g\u00f8r du ikke kun stadion usikkert, men kan ogs\u00e5 vise dig frem i din egen tr\u00e6ning! Den kommer i de traditionelle hjemmefarver, r\u00f8d og gul, og bliver for\u00e6dlet med de officielle klubdetaljer og sponsorl\u00f3gos. For f\u00f8rste gang bliver de gule-r\u00f8de udstyret af New Balance til den kommende s\u00e6son!<\/p>\n<p>Udover designet har ogs\u00e5 materiale og snit meget at byde p\u00e5. S\u00e5 kommer hjemetr\u00f8jen i bedste kvalitet og er lavet af 100% holdbart polyester. Derudover leder NB Dry-materialet sveden v\u00e6k fra kroppen med det samme, og du forbliver t\u00f8r og k\u00f8lig. Den behagelige, normale pasform giver dig masser af bev\u00e6gelsesfrihed, og den bl\u00f8de V-krave ligger smidigt mod huden.<\/p>\n<p>Tips til udskrivning: Hvis navn og nummer p\u00e5 billedet er pr\u00e6cis det, du \u00f8nsker, beh\u00f8ver du ikke at indtaste dem igen. Hvis ikke, skal du indtaste det \u00f8nskede navn og nummer.<\/p>\n<p>Tips til vask: Det anbefales at vaske fodboldtr\u00f8jer i h\u00e5nden. Hvis du vil bruge vaskemaskinen, skal du huske at vende vrangen ud p\u00e5 fodboldtr\u00f8jerne og derefter vaske dem. Fyld maskinen med koldt vand, og brug et sk\u00e5neprogram for bedre at beskytte farverne.<\/p>","protected":false},"excerpt":{"rendered":"<p>Med den nye Roma Hjemmetr\u00f8je i original look af dine helte g\u00f8r du ikke kun stadion usikkert, men kan ogs\u00e5 vise dig frem i din egen tr\u00e6ning! Den kommer i de traditionelle hjemmefarver, r\u00f8d og gul, og bliver for\u00e6dlet med de officielle klubdetaljer og sponsorl\u00f3gos. For f\u00f8rste gang bliver de gule-r\u00f8de udstyret af New Balance til den kommende s\u00e6son!<\/p>","protected":false},"featured_media":2878,"comment_status":"open","ping_status":"closed","template":"","meta":[],"product_brand":[],"product_cat":[133],"product_tag":[86,87,134,20,94],"class_list":{"0":"post-2837","1":"product","2":"type-product","3":"status-publish","4":"has-post-thumbnail","6":"product_cat-as-roma-kindertrikot","7":"product_tag-as-roma-heimtrikot","8":"product_tag-as-roma-trikots","9":"product_tag-as-roma-trikotsatz-fuer-kinder","10":"product_tag-coole-fussballtrikots","11":"product_tag-kinder-fussball-trikotsatz","13":"first","14":"instock","15":"shipping-taxable","16":"purchasable","17":"product-type-variable"},"_links":{"self":[{"href":"https:\/\/www.billigtrikotde.com\/da\/wp-json\/wp\/v2\/product\/2837","targetHints":{"allow":["GET"]}}],"collection":[{"href":"https:\/\/www.billigtrikotde.com\/da\/wp-json\/wp\/v2\/product"}],"about":[{"href":"https:\/\/www.billigtrikotde.com\/da\/wp-json\/wp\/v2\/types\/product"}],"replies":[{"embeddable":true,"href":"https:\/\/www.billigtrikotde.com\/da\/wp-json\/wp\/v2\/comments?post=2837"}],"wp:featuredmedia":[{"embeddable":true,"href":"https:\/\/www.billigtrikotde.com\/da\/wp-json\/wp\/v2\/media\/2878"}],"wp:attachment":[{"href":"https:\/\/www.billigtrikotde.com\/da\/wp-json\/wp\/v2\/media?parent=2837"}],"wp:term":[{"taxonomy":"product_brand","embeddable":true,"href":"https:\/\/www.billigtrikotde.com\/da\/wp-json\/wp\/v2\/product_brand?post=2837"},{"taxonomy":"product_cat","embeddable":true,"href":"https:\/\/www.billigtrikotde.com\/da\/wp-json\/wp\/v2\/product_cat?post=2837"},{"taxonomy":"product_tag","embeddable":true,"href":"https:\/\/www.billigtrikotde.com\/da\/wp-json\/wp\/v2\/product_tag?post=2837"}],"curies":[{"name":"wp","href":"https:\/\/api.w.org\/{rel}","templated":true}]}}