{"id":2821,"date":"2024-10-23T14:34:12","date_gmt":"2024-10-23T12:34:12","guid":{"rendered":"http:\/\/billigtrikots.com\/?post_type=product&#038;p=2821"},"modified":"2024-10-23T14:36:17","modified_gmt":"2024-10-23T12:36:17","slug":"spanien-trikot-home-herren-euro-2022-rot-mit-aufdruck-koke-6","status":"publish","type":"product","link":"https:\/\/www.billigtrikotde.com\/da\/vare\/spanien-trikot-home-herren-euro-2022-rot-mit-aufdruck-koke-6\/","title":{"rendered":"Spanien Tr\u00f8je Hjemme Herre EURO 2022 r\u00f8d med tryk KOKE 6"},"content":{"rendered":"<p>adidas bringer med tr\u00f8jen i r\u00f8d en produkt ud, som du kan st\u00f8tte din yndlingsklub i b\u00e5de gode og d\u00e5rlige tider med k\u00e6rlighed og hengivenhed. Udvid din samling med hjemmetr\u00f8jen, som ogs\u00e5 spillerne b\u00e6rer ved Europamesterskabet. Den \u00e5ndbare, behagelige, lette og svedafledende funktion f\u00e5r den til at overbevise. S\u00e5 bliver du endnu mere effektiv og kan give alt i hver tr\u00e6ning. Til absolut h\u00f8jdepunkter bliver det gennem forbundslogoet p\u00e5 brystet.<\/p>\n<p>Tips til udskrivning: Hvis navn og nummer p\u00e5 billedet er pr\u00e6cis det, du \u00f8nsker, beh\u00f8ver du ikke at indtaste dem igen. Hvis ikke, skal du indtaste det \u00f8nskede navn og nummer.<\/p>\n<p>Tips til vask: Det anbefales at vaske fodboldtr\u00f8jer i h\u00e5nden. Hvis du vil bruge vaskemaskinen, skal du huske at vende vrangen ud p\u00e5 fodboldtr\u00f8jerne og derefter vaske dem. Fyld maskinen med koldt vand, og brug et sk\u00e5neprogram for bedre at beskytte farverne.<\/p>","protected":false},"excerpt":{"rendered":"<p>adidas lancerer med den r\u00f8de tr\u00f8je et produkt, som du kan st\u00f8tte dit yndlingshold i gode og d\u00e5rlige tider med k\u00e6rlighed og hengivenhed. Udvid din samling med hjemme-tr\u00f8jen, som ogs\u00e5 spillerne b\u00e6rer ved Europamesterskabet. Den \u00e5ndbare, komfortable, lette og svedtransporterende funktion f\u00e5r den til at skille sig ud. S\u00e5 er du endnu [\u2026]<\/p>","protected":false},"featured_media":2856,"comment_status":"open","ping_status":"closed","template":"","meta":[],"product_brand":[],"product_cat":[131],"product_tag":[20,21,22,23,24,132],"class_list":{"0":"post-2821","1":"product","2":"type-product","3":"status-publish","4":"has-post-thumbnail","6":"product_cat-spanien-trikots","7":"product_tag-coole-fussballtrikots","8":"product_tag-fussballtrikot-fuer-herren","9":"product_tag-fussballtrikot-guenstig-kaufen","10":"product_tag-fussballtrikot-kurzarm","11":"product_tag-guenstiges-fussballtrikot","12":"product_tag-spanien-heimtrikot","14":"first","15":"instock","16":"shipping-taxable","17":"purchasable","18":"product-type-variable"},"_links":{"self":[{"href":"https:\/\/www.billigtrikotde.com\/da\/wp-json\/wp\/v2\/product\/2821","targetHints":{"allow":["GET"]}}],"collection":[{"href":"https:\/\/www.billigtrikotde.com\/da\/wp-json\/wp\/v2\/product"}],"about":[{"href":"https:\/\/www.billigtrikotde.com\/da\/wp-json\/wp\/v2\/types\/product"}],"replies":[{"embeddable":true,"href":"https:\/\/www.billigtrikotde.com\/da\/wp-json\/wp\/v2\/comments?post=2821"}],"wp:featuredmedia":[{"embeddable":true,"href":"https:\/\/www.billigtrikotde.com\/da\/wp-json\/wp\/v2\/media\/2856"}],"wp:attachment":[{"href":"https:\/\/www.billigtrikotde.com\/da\/wp-json\/wp\/v2\/media?parent=2821"}],"wp:term":[{"taxonomy":"product_brand","embeddable":true,"href":"https:\/\/www.billigtrikotde.com\/da\/wp-json\/wp\/v2\/product_brand?post=2821"},{"taxonomy":"product_cat","embeddable":true,"href":"https:\/\/www.billigtrikotde.com\/da\/wp-json\/wp\/v2\/product_cat?post=2821"},{"taxonomy":"product_tag","embeddable":true,"href":"https:\/\/www.billigtrikotde.com\/da\/wp-json\/wp\/v2\/product_tag?post=2821"}],"curies":[{"name":"wp","href":"https:\/\/api.w.org\/{rel}","templated":true}]}}