{"id":2784,"date":"2024-10-23T14:32:34","date_gmt":"2024-10-23T12:32:34","guid":{"rendered":"http:\/\/billigtrikots.com\/?post_type=product&#038;p=2784"},"modified":"2024-10-23T14:34:40","modified_gmt":"2024-10-23T12:34:40","slug":"herren-trikots-nationalteams-uruguay-heimtrikot-copa-america-2022-mit-aufdruck-bentancur-6","status":"publish","type":"product","link":"https:\/\/www.billigtrikotde.com\/da\/vare\/herren-trikots-nationalteams-uruguay-heimtrikot-copa-america-2022-mit-aufdruck-bentancur-6\/","title":{"rendered":"Herretr\u00f8jer - Landshold Uruguay Hjemmebanetr\u00f8je Copa America 2022 med tryk Bentancur 6"},"content":{"rendered":"<p>PUMA Uruguay Hjemmet\u00f8j 2021\/22 i bl\u00e5 viser din betingelsesl\u00f8se loyalitet og tilknytning til dit hold. Sportstoppen skaber absolut begejstring blandt \u00e6gte Uruguay-fans. Den er \u00e5ndbar, super behagelig og svedtransporterende. S\u00e5 du er endnu mere pr\u00e6sterende og kan give alt i hver tr\u00e6ning. Den har et visuelt pr\u00e6g med et forbundslogo p\u00e5 brystet.<\/p>\n<p>Tips til udskrivning: Hvis navn og nummer p\u00e5 billedet er pr\u00e6cis det, du \u00f8nsker, beh\u00f8ver du ikke at indtaste dem igen. Hvis ikke, skal du indtaste det \u00f8nskede navn og nummer.<\/p>\n<p>Tips til vask: Det anbefales at vaske fodboldtr\u00f8jer i h\u00e5nden. Hvis du vil bruge vaskemaskinen, skal du huske at vende vrangen ud p\u00e5 fodboldtr\u00f8jerne og derefter vaske dem. Fyld maskinen med koldt vand, og brug et sk\u00e5neprogram for bedre at beskytte farverne.<\/p>","protected":false},"excerpt":{"rendered":"<p>PUMA Uruguay Hjemmet\u00f8j 2021\/22 i bl\u00e5 viser din betingelsesl\u00f8se loyalitet og tilknytning til dit hold. Sportstoppen skaber absolut begejstring blandt \u00e6gte Uruguay-fans. Den er \u00e5ndbar, super behagelig og svedtransporterende. S\u00e5 du er endnu mere pr\u00e6sterende og kan give alt i hver tr\u00e6ning. Den har et visuelt pr\u00e6g med et forbundslogo p\u00e5 brystet.<\/p>","protected":false},"featured_media":2819,"comment_status":"open","ping_status":"closed","template":"","meta":[],"product_brand":[],"product_cat":[128],"product_tag":[20,21,22,23,24,129,130],"class_list":{"0":"post-2784","1":"product","2":"type-product","3":"status-publish","4":"has-post-thumbnail","6":"product_cat-uruguay-trikots","7":"product_tag-coole-fussballtrikots","8":"product_tag-fussballtrikot-fuer-herren","9":"product_tag-fussballtrikot-guenstig-kaufen","10":"product_tag-fussballtrikot-kurzarm","11":"product_tag-guenstiges-fussballtrikot","12":"product_tag-uruguay-heimtrikot","13":"product_tag-uruguay-trikots","15":"first","16":"instock","17":"shipping-taxable","18":"purchasable","19":"product-type-variable"},"_links":{"self":[{"href":"https:\/\/www.billigtrikotde.com\/da\/wp-json\/wp\/v2\/product\/2784","targetHints":{"allow":["GET"]}}],"collection":[{"href":"https:\/\/www.billigtrikotde.com\/da\/wp-json\/wp\/v2\/product"}],"about":[{"href":"https:\/\/www.billigtrikotde.com\/da\/wp-json\/wp\/v2\/types\/product"}],"replies":[{"embeddable":true,"href":"https:\/\/www.billigtrikotde.com\/da\/wp-json\/wp\/v2\/comments?post=2784"}],"wp:featuredmedia":[{"embeddable":true,"href":"https:\/\/www.billigtrikotde.com\/da\/wp-json\/wp\/v2\/media\/2819"}],"wp:attachment":[{"href":"https:\/\/www.billigtrikotde.com\/da\/wp-json\/wp\/v2\/media?parent=2784"}],"wp:term":[{"taxonomy":"product_brand","embeddable":true,"href":"https:\/\/www.billigtrikotde.com\/da\/wp-json\/wp\/v2\/product_brand?post=2784"},{"taxonomy":"product_cat","embeddable":true,"href":"https:\/\/www.billigtrikotde.com\/da\/wp-json\/wp\/v2\/product_cat?post=2784"},{"taxonomy":"product_tag","embeddable":true,"href":"https:\/\/www.billigtrikotde.com\/da\/wp-json\/wp\/v2\/product_tag?post=2784"}],"curies":[{"name":"wp","href":"https:\/\/api.w.org\/{rel}","templated":true}]}}