{"id":2772,"date":"2024-10-23T14:32:02","date_gmt":"2024-10-23T12:32:02","guid":{"rendered":"http:\/\/billigtrikots.com\/?post_type=product&#038;p=2772"},"modified":"2024-10-23T14:34:07","modified_gmt":"2024-10-23T12:34:07","slug":"herren-trikotsatz-uruguay-2022-heimtrikot-hellblau-mit-aufdruck-torreira-14","status":"publish","type":"product","link":"https:\/\/www.billigtrikotde.com\/da\/vare\/herren-trikotsatz-uruguay-2022-heimtrikot-hellblau-mit-aufdruck-torreira-14\/","title":{"rendered":"Herre Tr\u00f8jes\u00e6t Uruguay 2022 Hjemmetr\u00f8je lysbl\u00e5 med tryk Torreira 14"},"content":{"rendered":"<p>Det \u00e6gte design af dette Puma hjemmebanetrunings er baseret p\u00e5 Uruguay-landsholdets kamptr\u00f8jer ved Copa Am\u00e9rica 2021. Med denne officielle Replica Heimtrikot til herrer f\u00e5r du looket af dine yndlingsspillere. Det fugttransporterende dryCELL-materiale sikrer t\u00f8r og behagelig pasform, uanset om du tr\u00e6ner eller er p\u00e5 stadion. Den sportslige pasform st\u00f8tter dig ved alle bev\u00e6gelser. Emblemet p\u00e5 brystet giver ingen tvivl om, for hvilken nation du st\u00e5r.<\/p>\n<p>Tips til udskrivning: Hvis navn og nummer p\u00e5 billedet er pr\u00e6cis det, du \u00f8nsker, beh\u00f8ver du ikke at indtaste dem igen. Hvis ikke, skal du indtaste det \u00f8nskede navn og nummer.<\/p>\n<p>Tips til vask: Det anbefales at vaske fodboldtr\u00f8jer i h\u00e5nden. Hvis du vil bruge vaskemaskinen, skal du huske at vende vrangen ud p\u00e5 fodboldtr\u00f8jerne og derefter vaske dem. Fyld maskinen med koldt vand, og brug et sk\u00e5neprogram for bedre at beskytte farverne.<\/p>","protected":false},"excerpt":{"rendered":"<p>Det autentiske design af denne Puma Hjemme-tr\u00f8je er baseret p\u00e5 kamptr\u00f8jerne for Uruguay-holdet ved Copa Am\u00e9rica 2021. Med denne officielle replika hjemme-tr\u00f8je til herrer f\u00e5r du looket af dine yndlingsspillere. Det svedtransporterende dryCELL-materiale sikrer t\u00f8r og behagelig komfort, uanset om det er til tr\u00e6ning eller i stadion. Den sportslige pasform st\u00f8tter dig under alle bev\u00e6gelser. [...]<\/p>","protected":false},"featured_media":2807,"comment_status":"open","ping_status":"closed","template":"","meta":[],"product_brand":[],"product_cat":[128],"product_tag":[20,21,22,23,24,129,130],"class_list":{"0":"post-2772","1":"product","2":"type-product","3":"status-publish","4":"has-post-thumbnail","6":"product_cat-uruguay-trikots","7":"product_tag-coole-fussballtrikots","8":"product_tag-fussballtrikot-fuer-herren","9":"product_tag-fussballtrikot-guenstig-kaufen","10":"product_tag-fussballtrikot-kurzarm","11":"product_tag-guenstiges-fussballtrikot","12":"product_tag-uruguay-heimtrikot","13":"product_tag-uruguay-trikots","15":"first","16":"instock","17":"shipping-taxable","18":"purchasable","19":"product-type-variable"},"_links":{"self":[{"href":"https:\/\/www.billigtrikotde.com\/da\/wp-json\/wp\/v2\/product\/2772","targetHints":{"allow":["GET"]}}],"collection":[{"href":"https:\/\/www.billigtrikotde.com\/da\/wp-json\/wp\/v2\/product"}],"about":[{"href":"https:\/\/www.billigtrikotde.com\/da\/wp-json\/wp\/v2\/types\/product"}],"replies":[{"embeddable":true,"href":"https:\/\/www.billigtrikotde.com\/da\/wp-json\/wp\/v2\/comments?post=2772"}],"wp:featuredmedia":[{"embeddable":true,"href":"https:\/\/www.billigtrikotde.com\/da\/wp-json\/wp\/v2\/media\/2807"}],"wp:attachment":[{"href":"https:\/\/www.billigtrikotde.com\/da\/wp-json\/wp\/v2\/media?parent=2772"}],"wp:term":[{"taxonomy":"product_brand","embeddable":true,"href":"https:\/\/www.billigtrikotde.com\/da\/wp-json\/wp\/v2\/product_brand?post=2772"},{"taxonomy":"product_cat","embeddable":true,"href":"https:\/\/www.billigtrikotde.com\/da\/wp-json\/wp\/v2\/product_cat?post=2772"},{"taxonomy":"product_tag","embeddable":true,"href":"https:\/\/www.billigtrikotde.com\/da\/wp-json\/wp\/v2\/product_tag?post=2772"}],"curies":[{"name":"wp","href":"https:\/\/api.w.org\/{rel}","templated":true}]}}