{"id":2702,"date":"2024-10-23T14:28:48","date_gmt":"2024-10-23T12:28:48","guid":{"rendered":"http:\/\/billigtrikots.com\/?post_type=product&#038;p=2702"},"modified":"2024-10-23T14:30:48","modified_gmt":"2024-10-23T12:30:48","slug":"nationalteams-frankreich-trikot-away-em-2022-weiss-dunkelblau-mit-aufdruck-dembele-11","status":"publish","type":"product","link":"https:\/\/www.billigtrikotde.com\/da\/vare\/nationalteams-frankreich-trikot-away-em-2022-weiss-dunkelblau-mit-aufdruck-dembele-11\/","title":{"rendered":"Frankrigs landsholdstr\u00f8je Ude EM 2022 hvid m\u00f8rkebl\u00e5 med tryk DEMBELE 11"},"content":{"rendered":"<p>Repr\u00e6senter dit hold i NIKE Frankrig Breathe Stadium udebanetr\u00f8je. Det yderst \u00e5ndbare materiale leder sveden v\u00e6k fra huden og sikrer dermed k\u00f8lende komfort under kampen eller p\u00e5 tilskuerpladserne. NIKE Breathe-materialet sikrer t\u00f8rt og behageligt k\u00f8lende komfort. Med det autentiske design f\u00e5r du det look, som ogs\u00e5 professionelle har p\u00e5.<\/p>\n<p>Tips til udskrivning: Hvis navn og nummer p\u00e5 billedet er pr\u00e6cis det, du \u00f8nsker, beh\u00f8ver du ikke at indtaste dem igen. Hvis ikke, skal du indtaste det \u00f8nskede navn og nummer.<\/p>\n<p>Tips til vask: Det anbefales at vaske fodboldtr\u00f8jer i h\u00e5nden. Hvis du vil bruge vaskemaskinen, skal du huske at vende vrangen ud p\u00e5 fodboldtr\u00f8jerne og derefter vaske dem. Fyld maskinen med koldt vand, og brug et sk\u00e5neprogram for bedre at beskytte farverne.<\/p>","protected":false},"excerpt":{"rendered":"<p>Repr\u00e6senter dit hold i NIKE Frankrig Breathe Stadium udebanetr\u00f8je. Det yderst \u00e5ndbare materiale leder sveden v\u00e6k fra huden og sikrer dermed k\u00f8lende komfort under kampen eller p\u00e5 tilskuerpladserne. NIKE Breathe-materialet sikrer t\u00f8rt og behageligt k\u00f8lende komfort. Med det autentiske design f\u00e5r du det look, som ogs\u00e5 professionelle har p\u00e5.<\/p>","protected":false},"featured_media":2742,"comment_status":"open","ping_status":"closed","template":"","meta":[],"product_brand":[],"product_cat":[117],"product_tag":[20,118,119,21,22,23,24],"class_list":{"0":"post-2702","1":"product","2":"type-product","3":"status-publish","4":"has-post-thumbnail","6":"product_cat-frankreich-trikots","7":"product_tag-coole-fussballtrikots","8":"product_tag-frankreich-auswaertstrikot","9":"product_tag-frankreich-trikots","10":"product_tag-fussballtrikot-fuer-herren","11":"product_tag-fussballtrikot-guenstig-kaufen","12":"product_tag-fussballtrikot-kurzarm","13":"product_tag-guenstiges-fussballtrikot","15":"first","16":"instock","17":"shipping-taxable","18":"purchasable","19":"product-type-variable"},"_links":{"self":[{"href":"https:\/\/www.billigtrikotde.com\/da\/wp-json\/wp\/v2\/product\/2702","targetHints":{"allow":["GET"]}}],"collection":[{"href":"https:\/\/www.billigtrikotde.com\/da\/wp-json\/wp\/v2\/product"}],"about":[{"href":"https:\/\/www.billigtrikotde.com\/da\/wp-json\/wp\/v2\/types\/product"}],"replies":[{"embeddable":true,"href":"https:\/\/www.billigtrikotde.com\/da\/wp-json\/wp\/v2\/comments?post=2702"}],"wp:featuredmedia":[{"embeddable":true,"href":"https:\/\/www.billigtrikotde.com\/da\/wp-json\/wp\/v2\/media\/2742"}],"wp:attachment":[{"href":"https:\/\/www.billigtrikotde.com\/da\/wp-json\/wp\/v2\/media?parent=2702"}],"wp:term":[{"taxonomy":"product_brand","embeddable":true,"href":"https:\/\/www.billigtrikotde.com\/da\/wp-json\/wp\/v2\/product_brand?post=2702"},{"taxonomy":"product_cat","embeddable":true,"href":"https:\/\/www.billigtrikotde.com\/da\/wp-json\/wp\/v2\/product_cat?post=2702"},{"taxonomy":"product_tag","embeddable":true,"href":"https:\/\/www.billigtrikotde.com\/da\/wp-json\/wp\/v2\/product_tag?post=2702"}],"curies":[{"name":"wp","href":"https:\/\/api.w.org\/{rel}","templated":true}]}}