{"id":2557,"date":"2024-10-23T14:22:10","date_gmt":"2024-10-23T12:22:10","guid":{"rendered":"http:\/\/billigtrikots.com\/?post_type=product&#038;p=2557"},"modified":"2024-10-23T14:24:18","modified_gmt":"2024-10-23T12:24:18","slug":"kindertrikot-borussia-dortmund-heimtrikot-in-gelbe-2022-trikotsatz","status":"publish","type":"product","link":"https:\/\/www.billigtrikotde.com\/da\/vare\/kindertrikot-borussia-dortmund-heimtrikot-in-gelbe-2022-trikotsatz\/","title":{"rendered":"B\u00f8rnetr\u00f8je Borussia Dortmund hjemmebanetr\u00f8je i gul 2022 kit"},"content":{"rendered":"<p>Hjemmetr\u00f8jen for s\u00e6sonen 2022 i b\u00f8rneversionen. Den giver sm\u00e5 borussere mulighed for at vise deres k\u00e6rlighed til deres klub og altid have BVB med sig, uanset hvor de er. Det friske look med de stribede \u00e6rmer og det sorte halsomr\u00e5de f\u00e5r tr\u00f8jen til at se sporty ud, selv i b\u00f8rnest\u00f8rrelser.<\/p>\n<p>Tr\u00f8jen kan flockes med en favorit BVB-spiller, EMMA eller dit eget navn p\u00e5 ryggen.<\/p>\n<p>V\u00e6r opm\u00e6rksom p\u00e5, at tr\u00f8jer, der er individuelt flockede, ikke kan ombyttes. Det samme g\u00e6lder for \u00e6ndringer af spiller, navn og nummer. Desuden kan leveringstiden for flockede tr\u00f8jer v\u00e6re lidt l\u00e6ngere.<\/p>\n<p>Dortmund-bogstaverne er fortrykt p\u00e5 tr\u00f8jerne<\/p>\n<p>Tips til udskrivning: Hvis navn og nummer p\u00e5 billedet er pr\u00e6cis det, du \u00f8nsker, beh\u00f8ver du ikke at indtaste dem igen. Hvis ikke, skal du indtaste det \u00f8nskede navn og nummer.<\/p>\n<p>Tips til vask: Det anbefales at vaske fodboldtr\u00f8jer i h\u00e5nden. Hvis du vil bruge vaskemaskinen, skal du huske at vende vrangen ud p\u00e5 fodboldtr\u00f8jerne og derefter vaske dem. Fyld maskinen med koldt vand, og brug et sk\u00e5neprogram for bedre at beskytte farverne.<\/p>","protected":false},"excerpt":{"rendered":"<p>Hjemmetr\u00f8jen for s\u00e6sonen 2022 i b\u00f8rneversionen. Den giver sm\u00e5 borussere mulighed for at vise deres k\u00e6rlighed til deres klub og altid have BVB med sig, uanset hvor de er. Det friske look med de stribede \u00e6rmer og det sorte halsomr\u00e5de f\u00e5r tr\u00f8jen til at se sporty ud, selv i b\u00f8rnest\u00f8rrelser.<\/p>","protected":false},"featured_media":2598,"comment_status":"open","ping_status":"closed","template":"","meta":[],"product_brand":[],"product_cat":[108],"product_tag":[20,110,65,109,66,94],"class_list":{"0":"post-2557","1":"product","2":"type-product","3":"status-publish","4":"has-post-thumbnail","6":"product_cat-borussia-dortmund-kindertrikot","7":"product_tag-coole-fussballtrikots","8":"product_tag-borussia-dortmund-heimtrikot","9":"product_tag-borussia-dortmund-trikots","10":"product_tag-borussia-dortmund-trikotsatz-fuer-kinder","11":"product_tag-bvb-trikots","12":"product_tag-kinder-fussball-trikotsatz","14":"first","15":"instock","16":"shipping-taxable","17":"purchasable","18":"product-type-variable"},"_links":{"self":[{"href":"https:\/\/www.billigtrikotde.com\/da\/wp-json\/wp\/v2\/product\/2557","targetHints":{"allow":["GET"]}}],"collection":[{"href":"https:\/\/www.billigtrikotde.com\/da\/wp-json\/wp\/v2\/product"}],"about":[{"href":"https:\/\/www.billigtrikotde.com\/da\/wp-json\/wp\/v2\/types\/product"}],"replies":[{"embeddable":true,"href":"https:\/\/www.billigtrikotde.com\/da\/wp-json\/wp\/v2\/comments?post=2557"}],"wp:featuredmedia":[{"embeddable":true,"href":"https:\/\/www.billigtrikotde.com\/da\/wp-json\/wp\/v2\/media\/2598"}],"wp:attachment":[{"href":"https:\/\/www.billigtrikotde.com\/da\/wp-json\/wp\/v2\/media?parent=2557"}],"wp:term":[{"taxonomy":"product_brand","embeddable":true,"href":"https:\/\/www.billigtrikotde.com\/da\/wp-json\/wp\/v2\/product_brand?post=2557"},{"taxonomy":"product_cat","embeddable":true,"href":"https:\/\/www.billigtrikotde.com\/da\/wp-json\/wp\/v2\/product_cat?post=2557"},{"taxonomy":"product_tag","embeddable":true,"href":"https:\/\/www.billigtrikotde.com\/da\/wp-json\/wp\/v2\/product_tag?post=2557"}],"curies":[{"name":"wp","href":"https:\/\/api.w.org\/{rel}","templated":true}]}}