{"id":2553,"date":"2024-10-23T14:22:07","date_gmt":"2024-10-23T12:22:07","guid":{"rendered":"http:\/\/billigtrikots.com\/?post_type=product&#038;p=2553"},"modified":"2024-10-23T14:24:17","modified_gmt":"2024-10-23T12:24:17","slug":"bvb-borussia-dortmund-heimtrikot-in-gelbe-2022-fuer-kinder-mit-aufdruck-hummels-15","status":"publish","type":"product","link":"https:\/\/www.billigtrikotde.com\/da\/vare\/bvb-borussia-dortmund-heimtrikot-in-gelbe-2022-fuer-kinder-mit-aufdruck-hummels-15\/","title":{"rendered":"BVB Borussia Dortmund hjemmebanetr\u00f8je i gul 2022 til b\u00f8rn med print Hummels 15"},"content":{"rendered":"<p>B\u00f8rne-jerseys i BVB-design<br \/>\nEn tr\u00f8je fra din yndlingsfodboldklub er en dr\u00f8m for enhver lille kommende stjerne. Hvis dit barn er en stor BVB-fan, finder du her et stort udvalg af tr\u00f8jer, s\u00e5 du kan kl\u00e6de ham eller hende i gult og sort. Tr\u00f8jerne finder du her i mange forskellige udgaver. Uanset hvilken du v\u00e6lger, f\u00e5r du en overdel, der kendetegnes ved f\u00f8lgende attributter:<\/p>\n<p>H\u00f8j kvalitet i fremstillingen<br \/>\nStabilitet<br \/>\nAutenticitet<br \/>\nGod materialekvalitet<br \/>\nOverrask dit barn med en fantastisk tr\u00f8je, for i farverne af det yndlingshold er gl\u00e6den ved spillet dobbelt s\u00e5 stor. Det er ogs\u00e5 en god id\u00e9 at b\u00e6re tr\u00f8jen ved mange andre lejligheder. Is\u00e6r b\u00f8rn, der normalt ikke er underlagt dresscode, elsker at have deres holds T-shirts p\u00e5 i hverdagen. De b\u00e6rer dem gerne i skolen og i fritiden. N\u00e5r de s\u00e5 ogs\u00e5 har heldet med at opleve deres hold live i stadion, er en tr\u00f8je naturligvis altid det f\u00f8rste valg.<\/p>\n<p>Tips til udskrivning: Hvis navn og nummer p\u00e5 billedet er pr\u00e6cis det, du \u00f8nsker, beh\u00f8ver du ikke at indtaste dem igen. Hvis ikke, skal du indtaste det \u00f8nskede navn og nummer.<\/p>\n<p>Tips til vask: Det anbefales at vaske fodboldtr\u00f8jer i h\u00e5nden. Hvis du vil bruge vaskemaskinen, skal du huske at vende vrangen ud p\u00e5 fodboldtr\u00f8jerne og derefter vaske dem. Fyld maskinen med koldt vand, og brug et sk\u00e5neprogram for bedre at beskytte farverne.<\/p>","protected":false},"excerpt":{"rendered":"<p>Kindertrikots im BVB-Design Ein Trikot des Lieblingsfu\u00dfballvereins ist ein Traum f\u00fcr jeden kleinen Nachwuchsstar. Wenn dein Kind ein gro\u00dfer BVB-Fan ist, findest du hier eine gro\u00dfe Auswahl an Trikots, um sie oder ihn in Gelb und Schwarz zu h\u00fcllen. Die Trikots findest du hier in vielen verschiedenen Ausf\u00fchrungen. Egal f\u00fcr welches du dich entscheidest, du [&hellip;]<\/p>","protected":false},"featured_media":2588,"comment_status":"open","ping_status":"closed","template":"","meta":[],"product_brand":[],"product_cat":[108],"product_tag":[20,110,65,109,66,94],"class_list":{"0":"post-2553","1":"product","2":"type-product","3":"status-publish","4":"has-post-thumbnail","6":"product_cat-borussia-dortmund-kindertrikot","7":"product_tag-coole-fussballtrikots","8":"product_tag-borussia-dortmund-heimtrikot","9":"product_tag-borussia-dortmund-trikots","10":"product_tag-borussia-dortmund-trikotsatz-fuer-kinder","11":"product_tag-bvb-trikots","12":"product_tag-kinder-fussball-trikotsatz","14":"first","15":"instock","16":"shipping-taxable","17":"purchasable","18":"product-type-variable"},"_links":{"self":[{"href":"https:\/\/www.billigtrikotde.com\/da\/wp-json\/wp\/v2\/product\/2553","targetHints":{"allow":["GET"]}}],"collection":[{"href":"https:\/\/www.billigtrikotde.com\/da\/wp-json\/wp\/v2\/product"}],"about":[{"href":"https:\/\/www.billigtrikotde.com\/da\/wp-json\/wp\/v2\/types\/product"}],"replies":[{"embeddable":true,"href":"https:\/\/www.billigtrikotde.com\/da\/wp-json\/wp\/v2\/comments?post=2553"}],"wp:featuredmedia":[{"embeddable":true,"href":"https:\/\/www.billigtrikotde.com\/da\/wp-json\/wp\/v2\/media\/2588"}],"wp:attachment":[{"href":"https:\/\/www.billigtrikotde.com\/da\/wp-json\/wp\/v2\/media?parent=2553"}],"wp:term":[{"taxonomy":"product_brand","embeddable":true,"href":"https:\/\/www.billigtrikotde.com\/da\/wp-json\/wp\/v2\/product_brand?post=2553"},{"taxonomy":"product_cat","embeddable":true,"href":"https:\/\/www.billigtrikotde.com\/da\/wp-json\/wp\/v2\/product_cat?post=2553"},{"taxonomy":"product_tag","embeddable":true,"href":"https:\/\/www.billigtrikotde.com\/da\/wp-json\/wp\/v2\/product_tag?post=2553"}],"curies":[{"name":"wp","href":"https:\/\/api.w.org\/{rel}","templated":true}]}}