{"id":2540,"date":"2024-10-23T14:21:30","date_gmt":"2024-10-23T12:21:30","guid":{"rendered":"http:\/\/billigtrikots.com\/?post_type=product&#038;p=2540"},"modified":"2024-10-23T14:23:44","modified_gmt":"2024-10-23T12:23:44","slug":"bvb-borussia-dortmund-heimtrikot-in-gelb-2022-fuer-kinder-mit-aufdruck-sancho-7","status":"publish","type":"product","link":"https:\/\/www.billigtrikotde.com\/da\/vare\/bvb-borussia-dortmund-heimtrikot-in-gelb-2022-fuer-kinder-mit-aufdruck-sancho-7\/","title":{"rendered":"BVB Borussia Dortmund hjemmebanetr\u00f8je i gul 2022 til b\u00f8rn med print Sancho 7"},"content":{"rendered":"<p>Denne b\u00f8rne-tr\u00f8je f\u00e5r din unge fodboldspiller til at ligne en professionel. Denne T-shirt med rund halsudsk\u00e6ring, raglan\u00e6rmer med skulderindsats i mesh og integreret elastisk b\u00e5nd er lige s\u00e5 robust som den er behagelig. Og takket v\u00e6re dryCELL-teknologien forbliver de sm\u00e5 t\u00f8rre og komfortable uden at svede \u00f8del\u00e6gger stemningen. Det officielle klubm\u00e6rke fra Borussia Dortmund pryder b\u00e5de overdel og shorts.<\/p>\n<p>Tips til udskrivning: Hvis navn og nummer p\u00e5 billedet er pr\u00e6cis det, du \u00f8nsker, beh\u00f8ver du ikke at indtaste dem igen. Hvis ikke, skal du indtaste det \u00f8nskede navn og nummer.<\/p>\n<p>Tips til vask: Det anbefales at vaske fodboldtr\u00f8jer i h\u00e5nden. Hvis du vil bruge vaskemaskinen, skal du huske at vende vrangen ud p\u00e5 fodboldtr\u00f8jerne og derefter vaske dem. Fyld maskinen med koldt vand, og brug et sk\u00e5neprogram for bedre at beskytte farverne.<\/p>","protected":false},"excerpt":{"rendered":"<p>Denne b\u00f8rne-tr\u00f8je f\u00e5r din unge fodboldspiller til at ligne en professionel. Denne T-shirt med rund halsudsk\u00e6ring, raglan\u00e6rmer med skulderindsats i mesh og integreret elastisk b\u00e5nd er lige s\u00e5 robust som den er behagelig. Og takket v\u00e6re dryCELL-teknologien forbliver de sm\u00e5 t\u00f8rre og komfortable uden at svede \u00f8del\u00e6gger stemningen. Det officielle klubm\u00e6rke fra Borussia Dortmund pryder b\u00e5de overdel og shorts.<\/p>","protected":false},"featured_media":2576,"comment_status":"open","ping_status":"closed","template":"","meta":[],"product_brand":[],"product_cat":[108],"product_tag":[20,110,65,109,66,94],"class_list":{"0":"post-2540","1":"product","2":"type-product","3":"status-publish","4":"has-post-thumbnail","6":"product_cat-borussia-dortmund-kindertrikot","7":"product_tag-coole-fussballtrikots","8":"product_tag-borussia-dortmund-heimtrikot","9":"product_tag-borussia-dortmund-trikots","10":"product_tag-borussia-dortmund-trikotsatz-fuer-kinder","11":"product_tag-bvb-trikots","12":"product_tag-kinder-fussball-trikotsatz","14":"first","15":"instock","16":"shipping-taxable","17":"purchasable","18":"product-type-variable"},"_links":{"self":[{"href":"https:\/\/www.billigtrikotde.com\/da\/wp-json\/wp\/v2\/product\/2540","targetHints":{"allow":["GET"]}}],"collection":[{"href":"https:\/\/www.billigtrikotde.com\/da\/wp-json\/wp\/v2\/product"}],"about":[{"href":"https:\/\/www.billigtrikotde.com\/da\/wp-json\/wp\/v2\/types\/product"}],"replies":[{"embeddable":true,"href":"https:\/\/www.billigtrikotde.com\/da\/wp-json\/wp\/v2\/comments?post=2540"}],"wp:featuredmedia":[{"embeddable":true,"href":"https:\/\/www.billigtrikotde.com\/da\/wp-json\/wp\/v2\/media\/2576"}],"wp:attachment":[{"href":"https:\/\/www.billigtrikotde.com\/da\/wp-json\/wp\/v2\/media?parent=2540"}],"wp:term":[{"taxonomy":"product_brand","embeddable":true,"href":"https:\/\/www.billigtrikotde.com\/da\/wp-json\/wp\/v2\/product_brand?post=2540"},{"taxonomy":"product_cat","embeddable":true,"href":"https:\/\/www.billigtrikotde.com\/da\/wp-json\/wp\/v2\/product_cat?post=2540"},{"taxonomy":"product_tag","embeddable":true,"href":"https:\/\/www.billigtrikotde.com\/da\/wp-json\/wp\/v2\/product_tag?post=2540"}],"curies":[{"name":"wp","href":"https:\/\/api.w.org\/{rel}","templated":true}]}}