{"id":2526,"date":"2024-10-23T14:20:53","date_gmt":"2024-10-23T12:20:53","guid":{"rendered":"http:\/\/billigtrikots.com\/?post_type=product&#038;p=2526"},"modified":"2024-10-23T14:22:38","modified_gmt":"2024-10-23T12:22:38","slug":"kinder-tottenham-hotspur-2022-goalkeeper-shirt-gruen-mit-aufdruck-lloris-1","status":"publish","type":"product","link":"https:\/\/www.billigtrikotde.com\/da\/vare\/kinder-tottenham-hotspur-2022-goalkeeper-shirt-gruen-mit-aufdruck-lloris-1\/","title":{"rendered":"B\u00f8rn Tottenham Hotspur 2022 M\u00e5lmandstr\u00f8je gr\u00f8n med print LLORIS 1"},"content":{"rendered":"<p>Repr\u00e6senter dit hold med Tottenham Hotspurs stadionm\u00e5lmandstr\u00f8je. Det ultra-\u00e5ndbare stof transporterer sveden v\u00e6k, s\u00e5 du kan holde dig afk\u00f8let p\u00e5 banen eller p\u00e5 tribunen.<\/p>\n<p>Tips til udskrivning: Hvis navn og nummer p\u00e5 billedet er pr\u00e6cis det, du \u00f8nsker, beh\u00f8ver du ikke at indtaste dem igen. Hvis ikke, skal du indtaste det \u00f8nskede navn og nummer.<\/p>\n<p>Tips til vask: Det anbefales at vaske fodboldtr\u00f8jer i h\u00e5nden. Hvis du vil bruge vaskemaskinen, skal du huske at vende vrangen ud p\u00e5 fodboldtr\u00f8jerne og derefter vaske dem. Fyld maskinen med koldt vand, og brug et sk\u00e5neprogram for bedre at beskytte farverne.<\/p>","protected":false},"excerpt":{"rendered":"<p>repr\u00e6senter dit hold med Tottenham Hotspur stadion-keepers-tr\u00f8jen. Dens ultratri-bekl\u00e6dte stof leder sveden v\u00e6k, s\u00e5 du forbliver k\u00f8lig p\u00e5 banen eller tribunen. Udskrivningstips: Hvis navn og nummer p\u00e5 billedet pr\u00e6cis opfylder dine \u00f8nsker, beh\u00f8ver du ikke indtaste dem igen. Hvis ikke, b\u00f8r du dine \u00f8nskede [\u2026]<\/p>","protected":false},"featured_media":2562,"comment_status":"open","ping_status":"closed","template":"","meta":[],"product_brand":[],"product_cat":[102],"product_tag":[20,35,38,21,24,94,107,104,105],"class_list":{"0":"post-2526","1":"product","2":"type-product","3":"status-publish","4":"has-post-thumbnail","6":"product_cat-tottenham-hotspur-kindertrikot","7":"product_tag-coole-fussballtrikots","8":"product_tag-fussball-torwarttrikots","9":"product_tag-fussball-trikot-langarm","10":"product_tag-fussballtrikot-fuer-herren","11":"product_tag-guenstiges-fussballtrikot","12":"product_tag-kinder-fussball-trikotsatz","13":"product_tag-tottenham-hotspur-torwarttrikot","14":"product_tag-tottenham-hotspur-trikots","15":"product_tag-tottenham-hotspur-trikotsatz-fuer-kinder","17":"first","18":"instock","19":"shipping-taxable","20":"purchasable","21":"product-type-variable"},"_links":{"self":[{"href":"https:\/\/www.billigtrikotde.com\/da\/wp-json\/wp\/v2\/product\/2526","targetHints":{"allow":["GET"]}}],"collection":[{"href":"https:\/\/www.billigtrikotde.com\/da\/wp-json\/wp\/v2\/product"}],"about":[{"href":"https:\/\/www.billigtrikotde.com\/da\/wp-json\/wp\/v2\/types\/product"}],"replies":[{"embeddable":true,"href":"https:\/\/www.billigtrikotde.com\/da\/wp-json\/wp\/v2\/comments?post=2526"}],"wp:featuredmedia":[{"embeddable":true,"href":"https:\/\/www.billigtrikotde.com\/da\/wp-json\/wp\/v2\/media\/2562"}],"wp:attachment":[{"href":"https:\/\/www.billigtrikotde.com\/da\/wp-json\/wp\/v2\/media?parent=2526"}],"wp:term":[{"taxonomy":"product_brand","embeddable":true,"href":"https:\/\/www.billigtrikotde.com\/da\/wp-json\/wp\/v2\/product_brand?post=2526"},{"taxonomy":"product_cat","embeddable":true,"href":"https:\/\/www.billigtrikotde.com\/da\/wp-json\/wp\/v2\/product_cat?post=2526"},{"taxonomy":"product_tag","embeddable":true,"href":"https:\/\/www.billigtrikotde.com\/da\/wp-json\/wp\/v2\/product_tag?post=2526"}],"curies":[{"name":"wp","href":"https:\/\/api.w.org\/{rel}","templated":true}]}}