{"id":2515,"date":"2024-10-23T14:20:21","date_gmt":"2024-10-23T12:20:21","guid":{"rendered":"http:\/\/billigtrikots.com\/?post_type=product&#038;p=2515"},"modified":"2024-10-23T14:22:36","modified_gmt":"2024-10-23T12:22:36","slug":"kinder-trikotsatz-tottenham-hotspur-trikot-home-2022-kids-weiss","status":"publish","type":"product","link":"https:\/\/www.billigtrikotde.com\/da\/vare\/kinder-trikotsatz-tottenham-hotspur-trikot-home-2022-kids-weiss\/","title":{"rendered":"B\u00f8rnes\u00e6t Tottenham Hotspur Hjemmebanetr\u00f8je 2022 B\u00f8rn Hvid"},"content":{"rendered":"<p>Nike-tr\u00f8jen i hvid giver dig mulighed for at b\u00e6re din yndlingsklubs farver og vise alle, hvad dit hjerte banker for. Et must-have for \u00e6gte Tottenham Hotspur-fans: hjemmebanetr\u00f8jen i det originale design, som spillerne b\u00e6rer i Premier League. Den er \u00e5ndbar, behagelig og let. Den skiller sig visuelt ud med et klubv\u00e5ben p\u00e5 brystet. Med denne sportstop kan du pr\u00e6stere endnu bedre og forberede dig p\u00e5 den n\u00e6ste kamp.<\/p>\n<p>Tips til udskrivning: Hvis navn og nummer p\u00e5 billedet er pr\u00e6cis det, du \u00f8nsker, beh\u00f8ver du ikke at indtaste dem igen. Hvis ikke, skal du indtaste det \u00f8nskede navn og nummer.<\/p>\n<p>Tips til vask: Det anbefales at vaske fodboldtr\u00f8jer i h\u00e5nden. Hvis du vil bruge vaskemaskinen, skal du huske at vende vrangen ud p\u00e5 fodboldtr\u00f8jerne og derefter vaske dem. Fyld maskinen med koldt vand, og brug et sk\u00e5neprogram for bedre at beskytte farverne.<\/p>","protected":false},"excerpt":{"rendered":"<p>Das Trikot von Nike in Wei\u00df l\u00e4sst dich die Farben deines Lieblingsclubs tragen und allen zeigen, wof\u00fcr dein Herz schl\u00e4gt. F\u00fcr wahre Tottenham Hotspur-Fans ein Must-Have: das Heim-Trikot im Originaldesign, wie es die Spieler in der Premier League tragen. Es ist atmungsaktiv, bequem und leicht. Es besticht optisch mit einem Vereinswappen auf der Brust. Mit [&hellip;]<\/p>","protected":false},"featured_media":2550,"comment_status":"open","ping_status":"closed","template":"","meta":[],"product_brand":[],"product_cat":[102],"product_tag":[20,21,22,23,24,94,106,104,105],"class_list":{"0":"post-2515","1":"product","2":"type-product","3":"status-publish","4":"has-post-thumbnail","6":"product_cat-tottenham-hotspur-kindertrikot","7":"product_tag-coole-fussballtrikots","8":"product_tag-fussballtrikot-fuer-herren","9":"product_tag-fussballtrikot-guenstig-kaufen","10":"product_tag-fussballtrikot-kurzarm","11":"product_tag-guenstiges-fussballtrikot","12":"product_tag-kinder-fussball-trikotsatz","13":"product_tag-tottenham-hotspur-heimtrikot","14":"product_tag-tottenham-hotspur-trikots","15":"product_tag-tottenham-hotspur-trikotsatz-fuer-kinder","17":"first","18":"instock","19":"shipping-taxable","20":"purchasable","21":"product-type-variable"},"_links":{"self":[{"href":"https:\/\/www.billigtrikotde.com\/da\/wp-json\/wp\/v2\/product\/2515","targetHints":{"allow":["GET"]}}],"collection":[{"href":"https:\/\/www.billigtrikotde.com\/da\/wp-json\/wp\/v2\/product"}],"about":[{"href":"https:\/\/www.billigtrikotde.com\/da\/wp-json\/wp\/v2\/types\/product"}],"replies":[{"embeddable":true,"href":"https:\/\/www.billigtrikotde.com\/da\/wp-json\/wp\/v2\/comments?post=2515"}],"wp:featuredmedia":[{"embeddable":true,"href":"https:\/\/www.billigtrikotde.com\/da\/wp-json\/wp\/v2\/media\/2550"}],"wp:attachment":[{"href":"https:\/\/www.billigtrikotde.com\/da\/wp-json\/wp\/v2\/media?parent=2515"}],"wp:term":[{"taxonomy":"product_brand","embeddable":true,"href":"https:\/\/www.billigtrikotde.com\/da\/wp-json\/wp\/v2\/product_brand?post=2515"},{"taxonomy":"product_cat","embeddable":true,"href":"https:\/\/www.billigtrikotde.com\/da\/wp-json\/wp\/v2\/product_cat?post=2515"},{"taxonomy":"product_tag","embeddable":true,"href":"https:\/\/www.billigtrikotde.com\/da\/wp-json\/wp\/v2\/product_tag?post=2515"}],"curies":[{"name":"wp","href":"https:\/\/api.w.org\/{rel}","templated":true}]}}