{"id":2494,"date":"2024-10-23T14:19:17","date_gmt":"2024-10-23T12:19:17","guid":{"rendered":"http:\/\/billigtrikots.com\/?post_type=product&#038;p=2494"},"modified":"2024-10-23T14:21:26","modified_gmt":"2024-10-23T12:21:26","slug":"tottenham-hotspur-2022-heimtrikot-in-weiss-fuer-kinder-mit-aufdruck-lo-celso-18","status":"publish","type":"product","link":"https:\/\/www.billigtrikotde.com\/da\/vare\/tottenham-hotspur-2022-heimtrikot-in-weiss-fuer-kinder-mit-aufdruck-lo-celso-18\/","title":{"rendered":"Tottenham Hotspur 2022 hjemmebanetr\u00f8je i hvid til b\u00f8rn med tryk LO CELSO 18"},"content":{"rendered":"<p>St\u00f8t Tottenham Hotspur i s\u00e6sonen 2022 og vis din stolthed i den officielle Nike Replica Hjemmetr\u00f8je. Det autentiske design af hjemmeholdstr\u00f8jen til b\u00f8rn er baseret p\u00e5 spillertr\u00f8jerne fra professionelle. Det lette funktionelle materiale med Dri-FIT-teknologi er s\u00e6rligt \u00e5ndbart og sikrer en k\u00f8lig b\u00e6reoplevelse. Signaturholdets detaljer som logoet p\u00e5 brystet lader ingen tvivl tilbage, at du st\u00e5r bag Spurs.<\/p>\n<p>Tips til udskrivning: Hvis navn og nummer p\u00e5 billedet er pr\u00e6cis det, du \u00f8nsker, beh\u00f8ver du ikke at indtaste dem igen. Hvis ikke, skal du indtaste det \u00f8nskede navn og nummer.<\/p>\n<p>Tips til vask: Det anbefales at vaske fodboldtr\u00f8jer i h\u00e5nden. Hvis du vil bruge vaskemaskinen, skal du huske at vende vrangen ud p\u00e5 fodboldtr\u00f8jerne og derefter vaske dem. Fyld maskinen med koldt vand, og brug et sk\u00e5neprogram for bedre at beskytte farverne.<\/p>","protected":false},"excerpt":{"rendered":"<p>St\u00f8t Tottenham Hotspur i s\u00e6sonen 2022 og vis din stolthed i den officielle Nike Replica Hjemmetr\u00f8je. Det autentiske design af hjemmeholdstr\u00f8jen til b\u00f8rn er baseret p\u00e5 spillertr\u00f8jerne fra professionelle. Det lette funktionelle materiale med Dri-FIT-teknologi er s\u00e6rligt \u00e5ndbart og sikrer en k\u00f8lig b\u00e6reoplevelse. Signaturholdets detaljer som logoet p\u00e5 brystet lader ingen tvivl tilbage, at du st\u00e5r bag Spurs.<\/p>","protected":false},"featured_media":2536,"comment_status":"open","ping_status":"closed","template":"","meta":[],"product_brand":[],"product_cat":[102],"product_tag":[20,21,22,23,24,94,106,104,105],"class_list":{"0":"post-2494","1":"product","2":"type-product","3":"status-publish","4":"has-post-thumbnail","6":"product_cat-tottenham-hotspur-kindertrikot","7":"product_tag-coole-fussballtrikots","8":"product_tag-fussballtrikot-fuer-herren","9":"product_tag-fussballtrikot-guenstig-kaufen","10":"product_tag-fussballtrikot-kurzarm","11":"product_tag-guenstiges-fussballtrikot","12":"product_tag-kinder-fussball-trikotsatz","13":"product_tag-tottenham-hotspur-heimtrikot","14":"product_tag-tottenham-hotspur-trikots","15":"product_tag-tottenham-hotspur-trikotsatz-fuer-kinder","17":"first","18":"instock","19":"shipping-taxable","20":"purchasable","21":"product-type-variable"},"_links":{"self":[{"href":"https:\/\/www.billigtrikotde.com\/da\/wp-json\/wp\/v2\/product\/2494","targetHints":{"allow":["GET"]}}],"collection":[{"href":"https:\/\/www.billigtrikotde.com\/da\/wp-json\/wp\/v2\/product"}],"about":[{"href":"https:\/\/www.billigtrikotde.com\/da\/wp-json\/wp\/v2\/types\/product"}],"replies":[{"embeddable":true,"href":"https:\/\/www.billigtrikotde.com\/da\/wp-json\/wp\/v2\/comments?post=2494"}],"wp:featuredmedia":[{"embeddable":true,"href":"https:\/\/www.billigtrikotde.com\/da\/wp-json\/wp\/v2\/media\/2536"}],"wp:attachment":[{"href":"https:\/\/www.billigtrikotde.com\/da\/wp-json\/wp\/v2\/media?parent=2494"}],"wp:term":[{"taxonomy":"product_brand","embeddable":true,"href":"https:\/\/www.billigtrikotde.com\/da\/wp-json\/wp\/v2\/product_brand?post=2494"},{"taxonomy":"product_cat","embeddable":true,"href":"https:\/\/www.billigtrikotde.com\/da\/wp-json\/wp\/v2\/product_cat?post=2494"},{"taxonomy":"product_tag","embeddable":true,"href":"https:\/\/www.billigtrikotde.com\/da\/wp-json\/wp\/v2\/product_tag?post=2494"}],"curies":[{"name":"wp","href":"https:\/\/api.w.org\/{rel}","templated":true}]}}