{"id":2482,"date":"2024-10-23T14:18:46","date_gmt":"2024-10-23T12:18:46","guid":{"rendered":"http:\/\/billigtrikots.com\/?post_type=product&#038;p=2482"},"modified":"2024-10-23T14:20:50","modified_gmt":"2024-10-23T12:20:50","slug":"kinder-tottenham-hotspur-2022-trikot-away-kurze-hosen","status":"publish","type":"product","link":"https:\/\/www.billigtrikotde.com\/da\/vare\/kinder-tottenham-hotspur-2022-trikot-away-kurze-hosen\/","title":{"rendered":"B\u00f8rn Tottenham Hotspur 2022 tr\u00f8je ude (+ shorts)"},"content":{"rendered":"<p>DIT TEAM.<\/p>\n<p>DINE FARVER.<\/p>\n<p>Repr\u00e6senter dit hold i Tottenham Hotspur Stadium udebanetr\u00f8jen.<\/p>\n<p>Meget \u00e5ndbart materiale holder sveden v\u00e6k fra din hud, s\u00e5 du holder dig k\u00f8lig, uanset om du hepper p\u00e5 tribunen eller spiller p\u00e5 banen.<\/p>\n<p>Nike Dri FIT-teknologi transporterer sveden v\u00e6k fra huden, s\u00e5 den hurtigere fordamper - s\u00e5 du holder dig t\u00f8r og veltilpas.<\/p>\n<p>Nike Breathe-stof giver en meget \u00e5ndbar konstruktion, der holder dig k\u00f8lig.<\/p>\n<p>Replikadesignet er modelleret efter det t\u00f8j, som de professionelle b\u00e6rer p\u00e5 banen.<\/p>\n<p>Tips til udskrivning: Hvis navn og nummer p\u00e5 billedet er pr\u00e6cis det, du \u00f8nsker, beh\u00f8ver du ikke at indtaste dem igen. Hvis ikke, skal du indtaste det \u00f8nskede navn og nummer.<\/p>\n<p>Tips til vask: Det anbefales at vaske fodboldtr\u00f8jer i h\u00e5nden. Hvis du vil bruge vaskemaskinen, skal du huske at vende vrangen ud p\u00e5 fodboldtr\u00f8jerne og derefter vaske dem. Fyld maskinen med koldt vand, og brug et sk\u00e5neprogram for bedre at beskytte farverne.<\/p>","protected":false},"excerpt":{"rendered":"<p>DEIN TEAM. IHRE FARBEN. Repr\u00e4sentiere dein Team im Tottenham Hotspur Stadium Ausw\u00e4rtstrikot. Hoch atmungsaktives Material h\u00e4lt Schwei\u00df von deiner Haut fern, sodass du cool bleibst, egal ob du auf der Trib\u00fcne jubelst oder auf dem Platz spielst. Die Nike Dri FIT-Technologie leitet Schwei\u00df f\u00fcr eine schnellere Verdunstung von deiner Haut ab \u2013 damit du trocken [&hellip;]<\/p>","protected":false},"featured_media":2523,"comment_status":"open","ping_status":"closed","template":"","meta":[],"product_brand":[],"product_cat":[102],"product_tag":[20,21,22,23,24,94,103,104,105],"class_list":{"0":"post-2482","1":"product","2":"type-product","3":"status-publish","4":"has-post-thumbnail","6":"product_cat-tottenham-hotspur-kindertrikot","7":"product_tag-coole-fussballtrikots","8":"product_tag-fussballtrikot-fuer-herren","9":"product_tag-fussballtrikot-guenstig-kaufen","10":"product_tag-fussballtrikot-kurzarm","11":"product_tag-guenstiges-fussballtrikot","12":"product_tag-kinder-fussball-trikotsatz","13":"product_tag-tottenham-hotspur-auswaertstrikot","14":"product_tag-tottenham-hotspur-trikots","15":"product_tag-tottenham-hotspur-trikotsatz-fuer-kinder","17":"first","18":"instock","19":"shipping-taxable","20":"purchasable","21":"product-type-variable"},"_links":{"self":[{"href":"https:\/\/www.billigtrikotde.com\/da\/wp-json\/wp\/v2\/product\/2482","targetHints":{"allow":["GET"]}}],"collection":[{"href":"https:\/\/www.billigtrikotde.com\/da\/wp-json\/wp\/v2\/product"}],"about":[{"href":"https:\/\/www.billigtrikotde.com\/da\/wp-json\/wp\/v2\/types\/product"}],"replies":[{"embeddable":true,"href":"https:\/\/www.billigtrikotde.com\/da\/wp-json\/wp\/v2\/comments?post=2482"}],"wp:featuredmedia":[{"embeddable":true,"href":"https:\/\/www.billigtrikotde.com\/da\/wp-json\/wp\/v2\/media\/2523"}],"wp:attachment":[{"href":"https:\/\/www.billigtrikotde.com\/da\/wp-json\/wp\/v2\/media?parent=2482"}],"wp:term":[{"taxonomy":"product_brand","embeddable":true,"href":"https:\/\/www.billigtrikotde.com\/da\/wp-json\/wp\/v2\/product_brand?post=2482"},{"taxonomy":"product_cat","embeddable":true,"href":"https:\/\/www.billigtrikotde.com\/da\/wp-json\/wp\/v2\/product_cat?post=2482"},{"taxonomy":"product_tag","embeddable":true,"href":"https:\/\/www.billigtrikotde.com\/da\/wp-json\/wp\/v2\/product_tag?post=2482"}],"curies":[{"name":"wp","href":"https:\/\/api.w.org\/{rel}","templated":true}]}}