{"id":2452,"date":"2024-10-23T14:17:35","date_gmt":"2024-10-23T12:17:35","guid":{"rendered":"http:\/\/billigtrikots.com\/?post_type=product&#038;p=2452"},"modified":"2024-10-23T14:19:42","modified_gmt":"2024-10-23T12:19:42","slug":"ac-mailand-auswaertstrikot-2022-beige-rot-fuer-kinder-mit-aufdruck-ronaldinho-80","status":"publish","type":"product","link":"https:\/\/www.billigtrikotde.com\/da\/vare\/ac-mailand-auswaertstrikot-2022-beige-rot-fuer-kinder-mit-aufdruck-ronaldinho-80\/","title":{"rendered":"AC Milan Udebanetr\u00f8je 2022 Beige R\u00f8d til b\u00f8rn med tryk Ronaldinho 80"},"content":{"rendered":"<p>B\u00f8rne-sporttr\u00f8jen fra PUMA i beige lader dig b\u00e6re farverne p\u00e5 din yndlingsklub og vise alle, hvad dit hjerte banker for. For \u00e6gte AC Milan-fans er det et must-have: udebanetr\u00f8jen i originaldesign, som spillerne i Serie A b\u00e6rer. Den er \u00e5ndbar, super behagelig og let. Den skiller sig ud visuelt med et klubm\u00e6rke p\u00e5 brystet. Med denne tr\u00f8je er du godt udstyret til enhver tr\u00e6ning.<\/p>\n<p>Tips til udskrivning: Hvis navn og nummer p\u00e5 billedet er pr\u00e6cis det, du \u00f8nsker, beh\u00f8ver du ikke at indtaste dem igen. Hvis ikke, skal du indtaste det \u00f8nskede navn og nummer.<\/p>\n<p>Tips til vask: Det anbefales at vaske fodboldtr\u00f8jer i h\u00e5nden. Hvis du vil bruge vaskemaskinen, skal du huske at vende vrangen ud p\u00e5 fodboldtr\u00f8jerne og derefter vaske dem. Fyld maskinen med koldt vand, og brug et sk\u00e5neprogram for bedre at beskytte farverne.<\/p>","protected":false},"excerpt":{"rendered":"<p>Das Kinder-Sportshirt von PUMA in Beige l\u00e4sst dich die Farben deines Lieblingsclubs tragen und allen zeigen, wof\u00fcr dein Herz schl\u00e4gt. F\u00fcr wahre AC Mailand-Fans ein Must-Have: das Ausw\u00e4rts-Sportshirt im Originaldesign, wie es die Spieler in der Serie A tragen. Es ist atmungsaktiv, super bequem und leicht. Es besticht optisch mit einem Vereinswappen auf der Brust. [&hellip;]<\/p>","protected":false},"featured_media":2486,"comment_status":"open","ping_status":"closed","template":"","meta":[],"product_brand":[],"product_cat":[92],"product_tag":[19,93,20,94],"class_list":{"0":"post-2452","1":"product","2":"type-product","3":"status-publish","4":"has-post-thumbnail","6":"product_cat-ac-mailand-kindertrikot","7":"product_tag-ac-milan-auswaertstrikot","8":"product_tag-ac-milan-trikotsatz-fuer-kinder","9":"product_tag-coole-fussballtrikots","10":"product_tag-kinder-fussball-trikotsatz","12":"first","13":"instock","14":"shipping-taxable","15":"purchasable","16":"product-type-variable"},"_links":{"self":[{"href":"https:\/\/www.billigtrikotde.com\/da\/wp-json\/wp\/v2\/product\/2452","targetHints":{"allow":["GET"]}}],"collection":[{"href":"https:\/\/www.billigtrikotde.com\/da\/wp-json\/wp\/v2\/product"}],"about":[{"href":"https:\/\/www.billigtrikotde.com\/da\/wp-json\/wp\/v2\/types\/product"}],"replies":[{"embeddable":true,"href":"https:\/\/www.billigtrikotde.com\/da\/wp-json\/wp\/v2\/comments?post=2452"}],"wp:featuredmedia":[{"embeddable":true,"href":"https:\/\/www.billigtrikotde.com\/da\/wp-json\/wp\/v2\/media\/2486"}],"wp:attachment":[{"href":"https:\/\/www.billigtrikotde.com\/da\/wp-json\/wp\/v2\/media?parent=2452"}],"wp:term":[{"taxonomy":"product_brand","embeddable":true,"href":"https:\/\/www.billigtrikotde.com\/da\/wp-json\/wp\/v2\/product_brand?post=2452"},{"taxonomy":"product_cat","embeddable":true,"href":"https:\/\/www.billigtrikotde.com\/da\/wp-json\/wp\/v2\/product_cat?post=2452"},{"taxonomy":"product_tag","embeddable":true,"href":"https:\/\/www.billigtrikotde.com\/da\/wp-json\/wp\/v2\/product_tag?post=2452"}],"curies":[{"name":"wp","href":"https:\/\/api.w.org\/{rel}","templated":true}]}}