{"id":24088,"date":"2026-01-18T08:34:35","date_gmt":"2026-01-18T07:34:35","guid":{"rendered":"https:\/\/www.billigtrikotde.com\/?post_type=product&#038;p=24088"},"modified":"2026-01-18T08:35:36","modified_gmt":"2026-01-18T07:35:36","slug":"manchester-united-guenstige-matheus-cunha-10-3rd-trikot-kinder-2025-26-fussballtrikots-set","status":"publish","type":"product","link":"https:\/\/www.billigtrikotde.com\/da\/vare\/manchester-united-guenstige-matheus-cunha-10-3rd-trikot-kinder-2025-26-fussballtrikots-set\/","title":{"rendered":"Manchester United Billige Matheus Cunha #10 3. tr\u00f8je B\u00f8rn 2025-26 fodboldtr\u00f8jes\u00e6t"},"content":{"rendered":"<p>Manchester United fodboldtr\u00f8je s\u00e6t b\u00f8rn Tips til udskrift: Hvis navnet og nummeret p\u00e5 billedet pr\u00e6cis svarer til dine \u00f8nsker, beh\u00f8ver du ikke indtaste dem igen. Hvis ikke, b\u00f8r du indtaste dit \u00f8nskede navn og dit nummer.<\/p>\n<p>Tips til vask: Det anbefales at vaske fodboldtr\u00f8jer i h\u00e5nden. Hvis du vil bruge vaskemaskinen, skal du huske at vende vrangen ud p\u00e5 fodboldtr\u00f8jerne og derefter vaske dem. Fyld maskinen med koldt vand, og brug et sk\u00e5neprogram for bedre at beskytte farverne.<\/p>","protected":false},"excerpt":{"rendered":"<p>Manchester United Fodbold Tr\u00f8jes\u00e6t B\u00f8rn Tips til at udskrive: Hvis navnet og nummeret p\u00e5 billedet passer n\u00f8jagtigt til dine \u00f8nsker, beh\u00f8ver du ikke at indtaste dem igen. Hvis ikke, b\u00f8r du indtaste dit \u00f8nskede navn og dit nummer. Tips til vask: Det anbefales at h\u00e5ndvaske fodboldtr\u00f8jerne. Hvis du vil bruge vaskemaskinen, [\u2026]<\/p>","protected":false},"featured_media":24090,"comment_status":"open","ping_status":"closed","template":"","meta":[],"product_brand":[],"product_cat":[140],"product_tag":[1736,1735],"class_list":{"0":"post-24088","1":"product","2":"type-product","3":"status-publish","4":"has-post-thumbnail","6":"product_cat-manchester-united-kindertrikot","7":"product_tag-guenstige-matheus-cunha-trikot-kinder","8":"product_tag-matheus-cunha-trikot-kinder-kaufen","10":"first","11":"instock","12":"shipping-taxable","13":"purchasable","14":"product-type-variable"},"_links":{"self":[{"href":"https:\/\/www.billigtrikotde.com\/da\/wp-json\/wp\/v2\/product\/24088","targetHints":{"allow":["GET"]}}],"collection":[{"href":"https:\/\/www.billigtrikotde.com\/da\/wp-json\/wp\/v2\/product"}],"about":[{"href":"https:\/\/www.billigtrikotde.com\/da\/wp-json\/wp\/v2\/types\/product"}],"replies":[{"embeddable":true,"href":"https:\/\/www.billigtrikotde.com\/da\/wp-json\/wp\/v2\/comments?post=24088"}],"wp:featuredmedia":[{"embeddable":true,"href":"https:\/\/www.billigtrikotde.com\/da\/wp-json\/wp\/v2\/media\/24090"}],"wp:attachment":[{"href":"https:\/\/www.billigtrikotde.com\/da\/wp-json\/wp\/v2\/media?parent=24088"}],"wp:term":[{"taxonomy":"product_brand","embeddable":true,"href":"https:\/\/www.billigtrikotde.com\/da\/wp-json\/wp\/v2\/product_brand?post=24088"},{"taxonomy":"product_cat","embeddable":true,"href":"https:\/\/www.billigtrikotde.com\/da\/wp-json\/wp\/v2\/product_cat?post=24088"},{"taxonomy":"product_tag","embeddable":true,"href":"https:\/\/www.billigtrikotde.com\/da\/wp-json\/wp\/v2\/product_tag?post=24088"}],"curies":[{"name":"wp","href":"https:\/\/api.w.org\/{rel}","templated":true}]}}