{"id":2368,"date":"2024-10-23T14:13:45","date_gmt":"2024-10-23T12:13:45","guid":{"rendered":"http:\/\/billigtrikots.com\/?post_type=product&#038;p=2368"},"modified":"2024-10-23T14:15:51","modified_gmt":"2024-10-23T12:15:51","slug":"as-roma-2022-heimtrikot-rot-trikotsatz-kurzarm-kurze-hosen-pedro-11","status":"publish","type":"product","link":"https:\/\/www.billigtrikotde.com\/da\/vare\/as-roma-2022-heimtrikot-rot-trikotsatz-kurzarm-kurze-hosen-pedro-11\/","title":{"rendered":"AS Roma 2022 hjemmebanetr\u00f8je r\u00f8d kit kort\u00e6rmet + shorts PEDRO 11"},"content":{"rendered":"<p>Hver \u00e6gte AS Rom-supporter har brug for denne hjemmeholdssporttr\u00f8je, for spillerne b\u00e6rer den ogs\u00e5 i Serie A. Den \u00e5ndbare, komfortable, lette og svedtransporterende funktion f\u00e5r den til at overbevise. P\u00e5 denne tr\u00f8je kan du visuelt stole p\u00e5 klubbens v\u00e5benskjold p\u00e5 brystet. Uanset hvor h\u00e5rdt tr\u00e6ningen eller kampen er, er du altid godt kl\u00e6dt p\u00e5.<\/p>\n<p>Tips til udskrivning: Hvis navn og nummer p\u00e5 billedet er pr\u00e6cis det, du \u00f8nsker, beh\u00f8ver du ikke at indtaste dem igen. Hvis ikke, skal du indtaste det \u00f8nskede navn og nummer.<\/p>\n<p>Tips til vask: Det anbefales at vaske fodboldtr\u00f8jer i h\u00e5nden. Hvis du vil bruge vaskemaskinen, skal du huske at vende vrangen ud p\u00e5 fodboldtr\u00f8jerne og derefter vaske dem. Fyld maskinen med koldt vand, og brug et sk\u00e5neprogram for bedre at beskytte farverne.<\/p>","protected":false},"excerpt":{"rendered":"<p>Hver \u00e6gte AS Rom-supporter har brug for denne hjemmeholdssporttr\u00f8je, for spillerne b\u00e6rer den ogs\u00e5 i Serie A. Den \u00e5ndbare, komfortable, lette og svedtransporterende funktion f\u00e5r den til at overbevise. P\u00e5 denne tr\u00f8je kan du visuelt stole p\u00e5 klubbens v\u00e5benskjold p\u00e5 brystet. Uanset hvor h\u00e5rdt tr\u00e6ningen eller kampen er, er du altid godt kl\u00e6dt p\u00e5.<\/p>","protected":false},"featured_media":2410,"comment_status":"open","ping_status":"closed","template":"","meta":[],"product_brand":[],"product_cat":[85],"product_tag":[86,87,20,21,22,23,24],"class_list":{"0":"post-2368","1":"product","2":"type-product","3":"status-publish","4":"has-post-thumbnail","6":"product_cat-as-roma","7":"product_tag-as-roma-heimtrikot","8":"product_tag-as-roma-trikots","9":"product_tag-coole-fussballtrikots","10":"product_tag-fussballtrikot-fuer-herren","11":"product_tag-fussballtrikot-guenstig-kaufen","12":"product_tag-fussballtrikot-kurzarm","13":"product_tag-guenstiges-fussballtrikot","15":"first","16":"instock","17":"shipping-taxable","18":"purchasable","19":"product-type-variable"},"_links":{"self":[{"href":"https:\/\/www.billigtrikotde.com\/da\/wp-json\/wp\/v2\/product\/2368","targetHints":{"allow":["GET"]}}],"collection":[{"href":"https:\/\/www.billigtrikotde.com\/da\/wp-json\/wp\/v2\/product"}],"about":[{"href":"https:\/\/www.billigtrikotde.com\/da\/wp-json\/wp\/v2\/types\/product"}],"replies":[{"embeddable":true,"href":"https:\/\/www.billigtrikotde.com\/da\/wp-json\/wp\/v2\/comments?post=2368"}],"wp:featuredmedia":[{"embeddable":true,"href":"https:\/\/www.billigtrikotde.com\/da\/wp-json\/wp\/v2\/media\/2410"}],"wp:attachment":[{"href":"https:\/\/www.billigtrikotde.com\/da\/wp-json\/wp\/v2\/media?parent=2368"}],"wp:term":[{"taxonomy":"product_brand","embeddable":true,"href":"https:\/\/www.billigtrikotde.com\/da\/wp-json\/wp\/v2\/product_brand?post=2368"},{"taxonomy":"product_cat","embeddable":true,"href":"https:\/\/www.billigtrikotde.com\/da\/wp-json\/wp\/v2\/product_cat?post=2368"},{"taxonomy":"product_tag","embeddable":true,"href":"https:\/\/www.billigtrikotde.com\/da\/wp-json\/wp\/v2\/product_tag?post=2368"}],"curies":[{"name":"wp","href":"https:\/\/api.w.org\/{rel}","templated":true}]}}