{"id":23612,"date":"2025-11-05T11:45:41","date_gmt":"2025-11-05T10:45:41","guid":{"rendered":"https:\/\/www.billigtrikotde.com\/?post_type=product&#038;p=23612"},"modified":"2025-11-05T11:47:16","modified_gmt":"2025-11-05T10:47:16","slug":"manchester-city-guenstige-bernardo-silva-20-3rd-trikot-kinder-2025-26-fussballtrikots-set","status":"publish","type":"product","link":"https:\/\/www.billigtrikotde.com\/da\/vare\/manchester-city-guenstige-bernardo-silva-20-3rd-trikot-kinder-2025-26-fussballtrikots-set\/","title":{"rendered":"Manchester City Billig Bernardo Silva #20 3. tr\u00f8je B\u00f8rn 2025-26 Fodboldtr\u00f8jer S\u00e6t"},"content":{"rendered":"<p>Manchester City Fodboldtr\u00f8jer B\u00f8rn Tips til Udskrivning: Hvis navnet og nummeret p\u00e5 billedet svarer n\u00f8jagtigt til dine \u00f8nsker, beh\u00f8ver du ikke indtaste dem igen. Hvis ikke, skal du indtaste dit \u00f8nskede navn og nummer.<\/p>\n<p>Tips til vask: Det anbefales at vaske fodboldtr\u00f8jer i h\u00e5nden. Hvis du vil bruge vaskemaskinen, skal du huske at vende vrangen ud p\u00e5 fodboldtr\u00f8jerne og derefter vaske dem. Fyld maskinen med koldt vand, og brug et sk\u00e5neprogram for bedre at beskytte farverne.<\/p>","protected":false},"excerpt":{"rendered":"<p>Manchester City Fodboldtr\u00f8jer B\u00f8rn Tips til Udskrivning: N\u00e5r navnet og nummeret p\u00e5 billedet pr\u00e6cis matcher dine \u00f8nsker, beh\u00f8ver du ikke indtaste dem igen. Hvis ikke, skal du indtaste dit \u00f8nskede navn og nummer. Vasketips: Det anbefales at vaske fodboldtr\u00f8jer i h\u00e5nden. Hvis du vil bruge vaskemaskinen, skal du huske p\u00e5, at fodboldtr\u00f8jer [...]<\/p>","protected":false},"featured_media":23614,"comment_status":"open","ping_status":"closed","template":"","meta":[],"product_brand":[],"product_cat":[144],"product_tag":[1693,1694],"class_list":{"0":"post-23612","1":"product","2":"type-product","3":"status-publish","4":"has-post-thumbnail","6":"product_cat-manchester-city-kindertrikot","7":"product_tag-bernardo-silva-trikot-kinder-kaufen","8":"product_tag-guenstige-bernardo-silva-trikot-kinder","10":"first","11":"instock","12":"shipping-taxable","13":"purchasable","14":"product-type-variable"},"_links":{"self":[{"href":"https:\/\/www.billigtrikotde.com\/da\/wp-json\/wp\/v2\/product\/23612","targetHints":{"allow":["GET"]}}],"collection":[{"href":"https:\/\/www.billigtrikotde.com\/da\/wp-json\/wp\/v2\/product"}],"about":[{"href":"https:\/\/www.billigtrikotde.com\/da\/wp-json\/wp\/v2\/types\/product"}],"replies":[{"embeddable":true,"href":"https:\/\/www.billigtrikotde.com\/da\/wp-json\/wp\/v2\/comments?post=23612"}],"wp:featuredmedia":[{"embeddable":true,"href":"https:\/\/www.billigtrikotde.com\/da\/wp-json\/wp\/v2\/media\/23614"}],"wp:attachment":[{"href":"https:\/\/www.billigtrikotde.com\/da\/wp-json\/wp\/v2\/media?parent=23612"}],"wp:term":[{"taxonomy":"product_brand","embeddable":true,"href":"https:\/\/www.billigtrikotde.com\/da\/wp-json\/wp\/v2\/product_brand?post=23612"},{"taxonomy":"product_cat","embeddable":true,"href":"https:\/\/www.billigtrikotde.com\/da\/wp-json\/wp\/v2\/product_cat?post=23612"},{"taxonomy":"product_tag","embeddable":true,"href":"https:\/\/www.billigtrikotde.com\/da\/wp-json\/wp\/v2\/product_tag?post=23612"}],"curies":[{"name":"wp","href":"https:\/\/api.w.org\/{rel}","templated":true}]}}