{"id":2318,"date":"2024-10-23T14:11:57","date_gmt":"2024-10-23T12:11:57","guid":{"rendered":"http:\/\/billigtrikots.com\/?post_type=product&#038;p=2318"},"modified":"2024-10-23T14:13:06","modified_gmt":"2024-10-23T12:13:06","slug":"manchester-city-auswaertstrikot-2022-weiss-hellblau-mit-aufdruck-sterling-7","status":"publish","type":"product","link":"https:\/\/www.billigtrikotde.com\/da\/vare\/manchester-city-auswaertstrikot-2022-weiss-hellblau-mit-aufdruck-sterling-7\/","title":{"rendered":"Manchester City udebanes\u00e6t 2022 hvid\/lysebl\u00e5 med Sterling 7-print"},"content":{"rendered":"<p>Den seneste Puma MCFC udebanetr\u00f8je til m\u00e6nd kommer i en us\u00e6dvanlig lys farve og er derfor helt unik! Den er selvf\u00f8lgelig prydet med det stolte klublogo, officielle sponsoroplysninger og den legendariske Puma-kat. G\u00e5 ikke glip af dette unikke design!<\/p>\n<p>Den er fremstillet af 100% genbrugspolyester, og takket v\u00e6re dryCELL-teknologien sikrer den god varme- og fugth\u00e5ndtering. Det holder din krop t\u00f8r og frisk, og du kan v\u00e6re sikker p\u00e5 b\u00e6redygtig kvalitet. Det s\u00e6rlige replica-snit adskiller sig en smule fra de mere t\u00e6tsiddende spillertr\u00f8jer og sikrer maksimal bev\u00e6gelsesfrihed i alle retninger.<\/p>\n<p>Vis din troskab og loyalitet, uanset hvor og hvorn\u00e5r the Citizens er p\u00e5 banen! F\u00e5 den officielle Puma Manchester City udebanetr\u00f8je til m\u00e6nd 2021\/22 og fejr det meget succesrige hold!<\/p>\n<p>Tips til udskrivning: Hvis navn og nummer p\u00e5 billedet er pr\u00e6cis det, du \u00f8nsker, beh\u00f8ver du ikke at indtaste dem igen. Hvis ikke, skal du indtaste det \u00f8nskede navn og nummer.<\/p>\n<p>Tips til vask: Det anbefales at vaske fodboldtr\u00f8jer i h\u00e5nden. Hvis du vil bruge vaskemaskinen, skal du huske at vende vrangen ud p\u00e5 fodboldtr\u00f8jerne og derefter vaske dem. Fyld maskinen med koldt vand, og brug et sk\u00e5neprogram for bedre at beskytte farverne.<\/p>","protected":false},"excerpt":{"rendered":"<p>Das aktuelle Puma MCFC Herren Ausw\u00e4rts Trikot zeigt sich in einer ungew\u00f6hnlich hellen Farbe und ist somit ein echtes Unikat! Es ist nat\u00fcrlich mit dem stolzen Vereinslogo, offiziellen Sponsorendetails und der legend\u00e4ren Puma Cat geschm\u00fcckt. Dieses einzigartige Design darfst du dir nicht entgehen lassen! Gefertigt wird es aus 100% recyceltem Polyester und dank der dryCELL [&hellip;]<\/p>","protected":false},"featured_media":2350,"comment_status":"open","ping_status":"closed","template":"","meta":[],"product_brand":[],"product_cat":[82],"product_tag":[20,21,22,23,24,83,84],"class_list":{"0":"post-2318","1":"product","2":"type-product","3":"status-publish","4":"has-post-thumbnail","6":"product_cat-manchester-city","7":"product_tag-coole-fussballtrikots","8":"product_tag-fussballtrikot-fuer-herren","9":"product_tag-fussballtrikot-guenstig-kaufen","10":"product_tag-fussballtrikot-kurzarm","11":"product_tag-guenstiges-fussballtrikot","12":"product_tag-manchester-city-auswaertstrikot","13":"product_tag-manchester-city-trikots","15":"first","16":"instock","17":"shipping-taxable","18":"purchasable","19":"product-type-variable"},"_links":{"self":[{"href":"https:\/\/www.billigtrikotde.com\/da\/wp-json\/wp\/v2\/product\/2318","targetHints":{"allow":["GET"]}}],"collection":[{"href":"https:\/\/www.billigtrikotde.com\/da\/wp-json\/wp\/v2\/product"}],"about":[{"href":"https:\/\/www.billigtrikotde.com\/da\/wp-json\/wp\/v2\/types\/product"}],"replies":[{"embeddable":true,"href":"https:\/\/www.billigtrikotde.com\/da\/wp-json\/wp\/v2\/comments?post=2318"}],"wp:featuredmedia":[{"embeddable":true,"href":"https:\/\/www.billigtrikotde.com\/da\/wp-json\/wp\/v2\/media\/2350"}],"wp:attachment":[{"href":"https:\/\/www.billigtrikotde.com\/da\/wp-json\/wp\/v2\/media?parent=2318"}],"wp:term":[{"taxonomy":"product_brand","embeddable":true,"href":"https:\/\/www.billigtrikotde.com\/da\/wp-json\/wp\/v2\/product_brand?post=2318"},{"taxonomy":"product_cat","embeddable":true,"href":"https:\/\/www.billigtrikotde.com\/da\/wp-json\/wp\/v2\/product_cat?post=2318"},{"taxonomy":"product_tag","embeddable":true,"href":"https:\/\/www.billigtrikotde.com\/da\/wp-json\/wp\/v2\/product_tag?post=2318"}],"curies":[{"name":"wp","href":"https:\/\/api.w.org\/{rel}","templated":true}]}}