{"id":2303,"date":"2024-10-23T14:11:23","date_gmt":"2024-10-23T12:11:23","guid":{"rendered":"http:\/\/billigtrikots.com\/?post_type=product&#038;p=2303"},"modified":"2024-10-23T14:11:44","modified_gmt":"2024-10-23T12:11:44","slug":"james-maddison-10-leicester-city-fc-2022-home-fussball-trikots-herren","status":"publish","type":"product","link":"https:\/\/www.billigtrikotde.com\/da\/vare\/james-maddison-10-leicester-city-fc-2022-home-fussball-trikots-herren\/","title":{"rendered":"James Maddison #10 Leicester City FC 2022 Hjemmebanetr\u00f8je M\u00e6nd"},"content":{"rendered":"<p>Spil som de professionelle p\u00e5 banen med disse Leicester City FC 2021\/22-hjemmeshorts til m\u00e6nd. Disse lette shorts f\u00e5s i en hvid farve og er lavet af glat Primegreen polyesterstof med AEROREADY-teknologi, der transporterer sved v\u00e6k for k\u00f8lig komfort. De har en elastisk linning med justerbare snore for en tilpasset pasform og kontrastfarvede 3-striber i siderne. Stemplet med et Sport-logo og det ikoniske Foxes-v\u00e5benskjold p\u00e5 hvert ben. Kan vaskes i maskine.<\/p>\n<p>Tips til udskrivning: Hvis navn og nummer p\u00e5 billedet er pr\u00e6cis det, du \u00f8nsker, beh\u00f8ver du ikke at indtaste dem igen. Hvis ikke, skal du indtaste det \u00f8nskede navn og nummer.<\/p>\n<p>Tips til vask: Det anbefales at vaske fodboldtr\u00f8jer i h\u00e5nden. Hvis du vil bruge vaskemaskinen, skal du huske at vende vrangen ud p\u00e5 fodboldtr\u00f8jerne og derefter vaske dem. Fyld maskinen med koldt vand, og brug et sk\u00e5neprogram for bedre at beskytte farverne.<\/p>","protected":false},"excerpt":{"rendered":"<p>Spielen Sie wie die Profis auf dem Platz mit diesen Leicester City FC 2021\/22 Heimshorts f\u00fcr Herren. Diese leichte Shorts ist in einer wei\u00dfen Farbgebung erh\u00e4ltlich und besteht aus glattem Primegreen-Polyestergewebe mit AEROREADY-Technologie, die Schwei\u00df f\u00fcr k\u00fchlen Komfort ableitet. Sie verf\u00fcgt \u00fcber einen elastischen Bund mit verstellbaren Kordeln f\u00fcr eine individuelle Passform sowie kontrastierende 3-Streifen [&hellip;]<\/p>","protected":false},"featured_media":2307,"comment_status":"open","ping_status":"closed","template":"","meta":[],"product_brand":[],"product_cat":[80],"product_tag":[20,21,22,23,54,24,81],"class_list":{"0":"post-2303","1":"product","2":"type-product","3":"status-publish","4":"has-post-thumbnail","6":"product_cat-leicester-city","7":"product_tag-coole-fussballtrikots","8":"product_tag-fussballtrikot-fuer-herren","9":"product_tag-fussballtrikot-guenstig-kaufen","10":"product_tag-fussballtrikot-kurzarm","11":"product_tag-fussballtrikot-set","12":"product_tag-guenstiges-fussballtrikot","13":"product_tag-leicester-city-f-c-trikots","15":"first","16":"instock","17":"shipping-taxable","18":"purchasable","19":"product-type-variable"},"_links":{"self":[{"href":"https:\/\/www.billigtrikotde.com\/da\/wp-json\/wp\/v2\/product\/2303","targetHints":{"allow":["GET"]}}],"collection":[{"href":"https:\/\/www.billigtrikotde.com\/da\/wp-json\/wp\/v2\/product"}],"about":[{"href":"https:\/\/www.billigtrikotde.com\/da\/wp-json\/wp\/v2\/types\/product"}],"replies":[{"embeddable":true,"href":"https:\/\/www.billigtrikotde.com\/da\/wp-json\/wp\/v2\/comments?post=2303"}],"wp:featuredmedia":[{"embeddable":true,"href":"https:\/\/www.billigtrikotde.com\/da\/wp-json\/wp\/v2\/media\/2307"}],"wp:attachment":[{"href":"https:\/\/www.billigtrikotde.com\/da\/wp-json\/wp\/v2\/media?parent=2303"}],"wp:term":[{"taxonomy":"product_brand","embeddable":true,"href":"https:\/\/www.billigtrikotde.com\/da\/wp-json\/wp\/v2\/product_brand?post=2303"},{"taxonomy":"product_cat","embeddable":true,"href":"https:\/\/www.billigtrikotde.com\/da\/wp-json\/wp\/v2\/product_cat?post=2303"},{"taxonomy":"product_tag","embeddable":true,"href":"https:\/\/www.billigtrikotde.com\/da\/wp-json\/wp\/v2\/product_tag?post=2303"}],"curies":[{"name":"wp","href":"https:\/\/api.w.org\/{rel}","templated":true}]}}