{"id":2288,"date":"2024-10-23T14:10:49","date_gmt":"2024-10-23T12:10:49","guid":{"rendered":"http:\/\/billigtrikots.com\/?post_type=product&#038;p=2288"},"modified":"2024-10-23T14:11:15","modified_gmt":"2024-10-23T12:11:15","slug":"lcfc-wesley-fofana-3-heimtrikot-fussball-trikots-offizielles-set-2022","status":"publish","type":"product","link":"https:\/\/www.billigtrikotde.com\/da\/vare\/lcfc-wesley-fofana-3-heimtrikot-fussball-trikots-offizielles-set-2022\/","title":{"rendered":"LCFC Wesley Fofana 3# Hjemmebanetr\u00f8je Fodboldtr\u00f8jer Officielt s\u00e6t 2022"},"content":{"rendered":"<p>Denne Leicester City FC 2021\/22 hjemmebanetr\u00f8je til m\u00e6nd fra adidas vil holde drengene i top 4 denne s\u00e6son. Denne standard fit tr\u00f8je i bl\u00e5 camouflagefarve er lavet af letv\u00e6gts poly stof, der bruger AEROREADY-teknologi til at transportere sved v\u00e6k og holde dig k\u00f8lig og komfortabel. Den har V-hals og korte \u00e6rmer med kontrasterende hvide kanter og 3-Stripes p\u00e5 skuldrene. Toppen har klubbens sponsorer p\u00e5 forsiden og afsluttes med et sportsm\u00e6rke og det ikoniske Foxes-v\u00e5benskjold p\u00e5 brystet.<\/p>\n<p>Tips til udskrivning: Hvis navn og nummer p\u00e5 billedet er pr\u00e6cis det, du \u00f8nsker, beh\u00f8ver du ikke at indtaste dem igen. Hvis ikke, skal du indtaste det \u00f8nskede navn og nummer.<\/p>\n<p>Tips til vask: Det anbefales at vaske fodboldtr\u00f8jer i h\u00e5nden. Hvis du vil bruge vaskemaskinen, skal du huske at vende vrangen ud p\u00e5 fodboldtr\u00f8jerne og derefter vaske dem. Fyld maskinen med koldt vand, og brug et sk\u00e5neprogram for bedre at beskytte farverne.<\/p>","protected":false},"excerpt":{"rendered":"<p>Mit diesem Leicester City FC 2021\/22 Heimtrikot f\u00fcr Herren von adidas sind die Jungs in dieser Saison unter den Top 4. Dieses Standard-Fit-Shirt in blauer Tarnfarbe besteht aus leichtem Polygewebe, das mit AEROREADY-Technologie Schwei\u00df ableitet und f\u00fcr k\u00fchlen Komfort sorgt. Es hat einen V-Ausschnitt und kurze \u00c4rmel mit kontrastierenden wei\u00dfen Bes\u00e4tzen und 3-Streifen an den [&hellip;]<\/p>","protected":false},"featured_media":2294,"comment_status":"open","ping_status":"closed","template":"","meta":[],"product_brand":[],"product_cat":[80],"product_tag":[20,21,22,23,54,24,81],"class_list":{"0":"post-2288","1":"product","2":"type-product","3":"status-publish","4":"has-post-thumbnail","6":"product_cat-leicester-city","7":"product_tag-coole-fussballtrikots","8":"product_tag-fussballtrikot-fuer-herren","9":"product_tag-fussballtrikot-guenstig-kaufen","10":"product_tag-fussballtrikot-kurzarm","11":"product_tag-fussballtrikot-set","12":"product_tag-guenstiges-fussballtrikot","13":"product_tag-leicester-city-f-c-trikots","15":"first","16":"instock","17":"shipping-taxable","18":"purchasable","19":"product-type-variable"},"_links":{"self":[{"href":"https:\/\/www.billigtrikotde.com\/da\/wp-json\/wp\/v2\/product\/2288","targetHints":{"allow":["GET"]}}],"collection":[{"href":"https:\/\/www.billigtrikotde.com\/da\/wp-json\/wp\/v2\/product"}],"about":[{"href":"https:\/\/www.billigtrikotde.com\/da\/wp-json\/wp\/v2\/types\/product"}],"replies":[{"embeddable":true,"href":"https:\/\/www.billigtrikotde.com\/da\/wp-json\/wp\/v2\/comments?post=2288"}],"wp:featuredmedia":[{"embeddable":true,"href":"https:\/\/www.billigtrikotde.com\/da\/wp-json\/wp\/v2\/media\/2294"}],"wp:attachment":[{"href":"https:\/\/www.billigtrikotde.com\/da\/wp-json\/wp\/v2\/media?parent=2288"}],"wp:term":[{"taxonomy":"product_brand","embeddable":true,"href":"https:\/\/www.billigtrikotde.com\/da\/wp-json\/wp\/v2\/product_brand?post=2288"},{"taxonomy":"product_cat","embeddable":true,"href":"https:\/\/www.billigtrikotde.com\/da\/wp-json\/wp\/v2\/product_cat?post=2288"},{"taxonomy":"product_tag","embeddable":true,"href":"https:\/\/www.billigtrikotde.com\/da\/wp-json\/wp\/v2\/product_tag?post=2288"}],"curies":[{"name":"wp","href":"https:\/\/api.w.org\/{rel}","templated":true}]}}