{"id":22147,"date":"2025-07-13T16:28:08","date_gmt":"2025-07-13T14:28:08","guid":{"rendered":"https:\/\/www.billigtrikotde.com\/?post_type=product&#038;p=22147"},"modified":"2025-07-13T16:28:09","modified_gmt":"2025-07-13T14:28:09","slug":"manchester-city-ruben-dias-heimtrikot-kinder-2025-26-fussball-trikotsatz","status":"publish","type":"product","link":"https:\/\/www.billigtrikotde.com\/da\/vare\/manchester-city-ruben-dias-heimtrikot-kinder-2025-26-fussball-trikotsatz\/","title":{"rendered":"Manchester City Ruben Dias #3 Hjemmetr\u00e6ningstr\u00f8je B\u00f8rn 2025-26 Fodboldtr\u00f8jes\u00e6t"},"content":{"rendered":"<p>Manchester City Ruben Dias Hjemmet\u00f8j B\u00f8rn 2025-26 Fodboldtr\u00f8jes\u00e6t. For f\u00f8rste gang i klubbens historie er Manchester City FC 2025\/26 herre-hjemmet\u00f8jet blevet nytfortolket med et markant sk\u00e6rpe-design og den ikoniske himmelbl\u00e5 farve. Det er en hyldest til de legendariske udebanetr\u00f8jer fra fortiden og et symbol p\u00e5 klubbens unikke \u00e5nd. Dette hjemmet\u00f8j forbinder tradition med innovation og fejrer med en diagonal stribe Citys historie og ser samtidig modigt fremad. Det er designet med fokus p\u00e5 komfort og ydeevne og er lavet af let ULTRAWEAVE-materiale og dryCELL-teknologi, der leder sved v\u00e6k og holder dig k\u00f8lig p\u00e5 og uden for banen.<\/p>\n<p>Tips til udskrivning: Hvis navn og nummer p\u00e5 billedet er pr\u00e6cis det, du \u00f8nsker, beh\u00f8ver du ikke at indtaste dem igen. Hvis ikke, skal du indtaste det \u00f8nskede navn og nummer.<\/p>\n<p>Tips til vask: Det anbefales at vaske fodboldtr\u00f8jer i h\u00e5nden. Hvis du vil bruge vaskemaskinen, skal du huske at vende vrangen ud p\u00e5 fodboldtr\u00f8jerne og derefter vaske dem. Fyld maskinen med koldt vand, og brug et sk\u00e5neprogram for bedre at beskytte farverne.<\/p>","protected":false},"excerpt":{"rendered":"<p>Manchester City Ruben Dias Heimtrikot Kinder 2025-26 Fu\u00dfball trikotsatz.Zum ersten Mal in der Vereinsgeschichte wurde das Manchester City FC 2025\/26 Herren-Heimtrikot mit einem markanten Sch\u00e4rpendesign und dem ikonischen Himmelblau neu interpretiert. Es ist eine Hommage an die legend\u00e4ren Ausw\u00e4rtstrikots der Vergangenheit und ein Symbol f\u00fcr den einzigartigen Geist des Vereins. Dieses Heimtrikot verbindet Tradition mit [&hellip;]<\/p>","protected":false},"featured_media":22149,"comment_status":"open","ping_status":"closed","template":"","meta":[],"product_brand":[],"product_cat":[144],"product_tag":[1537,1536],"class_list":{"0":"post-22147","1":"product","2":"type-product","3":"status-publish","4":"has-post-thumbnail","6":"product_cat-manchester-city-kindertrikot","7":"product_tag-guenstige-ruben-dias-trikot-kinder","8":"product_tag-ruben-dias-trikot-kinder-kaufen","10":"first","11":"instock","12":"shipping-taxable","13":"purchasable","14":"product-type-variable"},"_links":{"self":[{"href":"https:\/\/www.billigtrikotde.com\/da\/wp-json\/wp\/v2\/product\/22147","targetHints":{"allow":["GET"]}}],"collection":[{"href":"https:\/\/www.billigtrikotde.com\/da\/wp-json\/wp\/v2\/product"}],"about":[{"href":"https:\/\/www.billigtrikotde.com\/da\/wp-json\/wp\/v2\/types\/product"}],"replies":[{"embeddable":true,"href":"https:\/\/www.billigtrikotde.com\/da\/wp-json\/wp\/v2\/comments?post=22147"}],"wp:featuredmedia":[{"embeddable":true,"href":"https:\/\/www.billigtrikotde.com\/da\/wp-json\/wp\/v2\/media\/22149"}],"wp:attachment":[{"href":"https:\/\/www.billigtrikotde.com\/da\/wp-json\/wp\/v2\/media?parent=22147"}],"wp:term":[{"taxonomy":"product_brand","embeddable":true,"href":"https:\/\/www.billigtrikotde.com\/da\/wp-json\/wp\/v2\/product_brand?post=22147"},{"taxonomy":"product_cat","embeddable":true,"href":"https:\/\/www.billigtrikotde.com\/da\/wp-json\/wp\/v2\/product_cat?post=22147"},{"taxonomy":"product_tag","embeddable":true,"href":"https:\/\/www.billigtrikotde.com\/da\/wp-json\/wp\/v2\/product_tag?post=22147"}],"curies":[{"name":"wp","href":"https:\/\/api.w.org\/{rel}","templated":true}]}}