{"id":2205,"date":"2024-10-23T14:04:39","date_gmt":"2024-10-23T12:04:39","guid":{"rendered":"http:\/\/billigtrikots.com\/?post_type=product&#038;p=2205"},"modified":"2024-10-23T14:06:14","modified_gmt":"2024-10-23T12:06:14","slug":"inter-mailand-skriniar-37-2022-home-fussballtrikot-set-kit","status":"publish","type":"product","link":"https:\/\/www.billigtrikotde.com\/da\/vare\/inter-mailand-skriniar-37-2022-home-fussballtrikot-set-kit\/","title":{"rendered":"Inter Milan \u0160kriniar #37 2022 Hjemmebanetr\u00f8je s\u00e6t s\u00e6t"},"content":{"rendered":"<p>St\u00f8t dit hold som 12. mand med den super komfortable model i bl\u00e5. Nike har med tr\u00f8jen skabt et virkelig fremragende produkt. Mere fanatisme er knap muligt! Med denne hjemmetr\u00f8je fra Inter Mailand udvider du din fan-samling med en vare, som spillerne i Serie A b\u00e6rer. Vi anbefaler denne komfortable, svedtransporterende og \u00e5ndbare model med det behagelige b\u00e6rekomfort. Den skiller sig ud visuelt med et klubm\u00e6rke p\u00e5 brystet. S\u00e5 er du endnu mere pr\u00e6sterende og kan give alt i hver tr\u00e6ning.<\/p>","protected":false},"excerpt":{"rendered":"<p>St\u00f8t dit hold som 12. mand med den super behagelige model i bl\u00e5. Nike har med denne tr\u00f8je skabt et virkelig fremragende produkt. Mere fan-\u00e5nd bliver knap s\u00e5 godt! Med denne Inter Mailand-hjemmetr\u00f8je udvider du din fan-samling med en vare, som spillerne i Serie A b\u00e6rer. Vi anbefaler denne behagelige, svedtransporterende og \u00e5ndbare model [...]<\/p>","protected":false},"featured_media":2237,"comment_status":"open","ping_status":"closed","template":"","meta":[],"product_brand":[],"product_cat":[77],"product_tag":[20,21,22,23,54,24,78],"class_list":{"0":"post-2205","1":"product","2":"type-product","3":"status-publish","4":"has-post-thumbnail","6":"product_cat-inter-milan","7":"product_tag-coole-fussballtrikots","8":"product_tag-fussballtrikot-fuer-herren","9":"product_tag-fussballtrikot-guenstig-kaufen","10":"product_tag-fussballtrikot-kurzarm","11":"product_tag-fussballtrikot-set","12":"product_tag-guenstiges-fussballtrikot","13":"product_tag-inter-milan-trikots","15":"first","16":"instock","17":"shipping-taxable","18":"purchasable","19":"product-type-variable"},"_links":{"self":[{"href":"https:\/\/www.billigtrikotde.com\/da\/wp-json\/wp\/v2\/product\/2205","targetHints":{"allow":["GET"]}}],"collection":[{"href":"https:\/\/www.billigtrikotde.com\/da\/wp-json\/wp\/v2\/product"}],"about":[{"href":"https:\/\/www.billigtrikotde.com\/da\/wp-json\/wp\/v2\/types\/product"}],"replies":[{"embeddable":true,"href":"https:\/\/www.billigtrikotde.com\/da\/wp-json\/wp\/v2\/comments?post=2205"}],"wp:featuredmedia":[{"embeddable":true,"href":"https:\/\/www.billigtrikotde.com\/da\/wp-json\/wp\/v2\/media\/2237"}],"wp:attachment":[{"href":"https:\/\/www.billigtrikotde.com\/da\/wp-json\/wp\/v2\/media?parent=2205"}],"wp:term":[{"taxonomy":"product_brand","embeddable":true,"href":"https:\/\/www.billigtrikotde.com\/da\/wp-json\/wp\/v2\/product_brand?post=2205"},{"taxonomy":"product_cat","embeddable":true,"href":"https:\/\/www.billigtrikotde.com\/da\/wp-json\/wp\/v2\/product_cat?post=2205"},{"taxonomy":"product_tag","embeddable":true,"href":"https:\/\/www.billigtrikotde.com\/da\/wp-json\/wp\/v2\/product_tag?post=2205"}],"curies":[{"name":"wp","href":"https:\/\/api.w.org\/{rel}","templated":true}]}}