{"id":21896,"date":"2025-05-17T15:06:05","date_gmt":"2025-05-17T13:06:05","guid":{"rendered":"https:\/\/www.billigtrikotde.com\/?post_type=product&#038;p=21896"},"modified":"2025-05-17T16:20:21","modified_gmt":"2025-05-17T14:20:21","slug":"fc-barcelona-x-travis-scott-heimtrikot-2024-25-online-kaufen","status":"publish","type":"product","link":"https:\/\/www.billigtrikotde.com\/da\/vare\/fc-barcelona-x-travis-scott-heimtrikot-2024-25-online-kaufen\/","title":{"rendered":"FC Barcelona X Travis Scott hjemmebanetr\u00f8je 2024-25 med korte \u00e6rmer"},"content":{"rendered":"<h3>FC Barcelona X Travis Scott Hjemmetr\u00f8je 2024-25 K\u00f8b online<\/h3>\n<p>Med sit limited edition-design er Barcelona x Travis Scott-tr\u00f8jen 2024\/25 et must-have for enhver fan. Tr\u00f8jen er lavet af materialer af h\u00f8j kvalitet og er den perfekte blanding af fodbold- og hiphopkultur. Vis din k\u00e6rlighed til begge dele med denne unikke og stilfulde tr\u00f8je i fanudgave.<\/p>\n<p>Tips til udskrivning: Hvis navn og nummer p\u00e5 billedet er pr\u00e6cis det, du \u00f8nsker, beh\u00f8ver du ikke at indtaste dem igen. Hvis ikke, skal du indtaste det \u00f8nskede navn og nummer.<\/p>\n<p>Tips til vask: Det anbefales at vaske fodboldtr\u00f8jer i h\u00e5nden. Hvis du vil bruge vaskemaskinen, skal du huske at vende vrangen ud p\u00e5 fodboldtr\u00f8jerne og derefter vaske dem. Fyld maskinen med koldt vand, og brug et sk\u00e5neprogram for bedre at beskytte farverne.<\/p>","protected":false},"excerpt":{"rendered":"<p>FC Barcelona X Travis Scott Hjemmetr\u00f8je 2024-25 Online K\u00f8b Med sit begr\u00e6nsede design er Barcelona x Travis Scott-tr\u00f8jen 2024\/25 et must-have for enhver fan. Fremstillet af materialer af h\u00f8j kvalitet, formidler denne tr\u00f8je den perfekte forbindelse mellem fodbold og hiphop-kultur. Vis din k\u00e6rlighed til begge med denne unikke og stilfulde fan-udgave tr\u00f8je. Tip til trykning: Hvis [\u2026]<\/p>","protected":false},"featured_media":21900,"comment_status":"open","ping_status":"closed","template":"","meta":[],"product_brand":[],"product_cat":[31],"product_tag":[1496,20,1275,21,22,24],"class_list":{"0":"post-21896","1":"product","2":"type-product","3":"status-publish","4":"has-post-thumbnail","6":"product_cat-fc-barcelona","7":"product_tag-barcelona-travis-scott-trikot","8":"product_tag-coole-fussballtrikots","9":"product_tag-fc-barcelona-24-25-trikot","10":"product_tag-fussballtrikot-fuer-herren","11":"product_tag-fussballtrikot-guenstig-kaufen","12":"product_tag-guenstiges-fussballtrikot","14":"first","15":"instock","16":"shipping-taxable","17":"purchasable","18":"product-type-variable"},"_links":{"self":[{"href":"https:\/\/www.billigtrikotde.com\/da\/wp-json\/wp\/v2\/product\/21896","targetHints":{"allow":["GET"]}}],"collection":[{"href":"https:\/\/www.billigtrikotde.com\/da\/wp-json\/wp\/v2\/product"}],"about":[{"href":"https:\/\/www.billigtrikotde.com\/da\/wp-json\/wp\/v2\/types\/product"}],"replies":[{"embeddable":true,"href":"https:\/\/www.billigtrikotde.com\/da\/wp-json\/wp\/v2\/comments?post=21896"}],"wp:featuredmedia":[{"embeddable":true,"href":"https:\/\/www.billigtrikotde.com\/da\/wp-json\/wp\/v2\/media\/21900"}],"wp:attachment":[{"href":"https:\/\/www.billigtrikotde.com\/da\/wp-json\/wp\/v2\/media?parent=21896"}],"wp:term":[{"taxonomy":"product_brand","embeddable":true,"href":"https:\/\/www.billigtrikotde.com\/da\/wp-json\/wp\/v2\/product_brand?post=21896"},{"taxonomy":"product_cat","embeddable":true,"href":"https:\/\/www.billigtrikotde.com\/da\/wp-json\/wp\/v2\/product_cat?post=21896"},{"taxonomy":"product_tag","embeddable":true,"href":"https:\/\/www.billigtrikotde.com\/da\/wp-json\/wp\/v2\/product_tag?post=21896"}],"curies":[{"name":"wp","href":"https:\/\/api.w.org\/{rel}","templated":true}]}}