{"id":21876,"date":"2025-05-16T14:38:52","date_gmt":"2025-05-16T12:38:52","guid":{"rendered":"https:\/\/www.billigtrikotde.com\/?post_type=product&#038;p=21876"},"modified":"2025-05-16T14:38:53","modified_gmt":"2025-05-16T12:38:53","slug":"fussballtrikot-aston-villa-emiliano-martinez-23-torwart-3rd-trikot-kinder","status":"publish","type":"product","link":"https:\/\/www.billigtrikotde.com\/da\/vare\/fussballtrikot-aston-villa-emiliano-martinez-23-torwart-3rd-trikot-kinder\/","title":{"rendered":"Aston Villa Emiliano Martinez #23 M\u00e5lmand 3rd tr\u00f8je B\u00f8rn 2024-25 Fodbold tr\u00f8jes\u00e6t"},"content":{"rendered":"<h3>Fodboldtr\u00f8je Aston Villa m\u00e5lmand 3. tr\u00f8je til b\u00f8rn bestil med tryk Emiliano Mart\u00ednez 23<\/h3>\n<p>Tips til udskrivning: Hvis navn og nummer p\u00e5 billedet er pr\u00e6cis det, du \u00f8nsker, beh\u00f8ver du ikke at indtaste dem igen. Hvis ikke, skal du indtaste det \u00f8nskede navn og nummer.<\/p>\n<p>Tips til vask: Det anbefales at vaske fodboldtr\u00f8jer i h\u00e5nden. Hvis du vil bruge vaskemaskinen, skal du huske at vende vrangen ud p\u00e5 fodboldtr\u00f8jerne og derefter vaske dem. Fyld maskinen med koldt vand, og brug et sk\u00e5neprogram for bedre at beskytte farverne.<\/p>","protected":false},"excerpt":{"rendered":"<p>Fodboldtr\u00f8je Aston Villa M\u00e5lmand 3. tr\u00f8je B\u00f8rn bestil med tryk Emiliano Martinez 23 Tips til tryk: Hvis navnet og nummeret p\u00e5 billedet svarer n\u00f8jagtigt til dine \u00f8nsker, beh\u00f8ver du ikke indtaste dem igen. Hvis ikke, skal du indtaste dit \u00f8nskede navn og nummer. Tips til vask: Det anbefales at vaske fodboldtr\u00f8jer i h\u00e5nden [\u2026]<\/p>","protected":false},"featured_media":21878,"comment_status":"open","ping_status":"closed","template":"","meta":[],"product_brand":[],"product_cat":[893],"product_tag":[1493,1494,1492,1491,1495],"class_list":{"0":"post-21876","1":"product","2":"type-product","3":"status-publish","4":"has-post-thumbnail","6":"product_cat-aston-villa-kindertrikot","7":"product_tag-aston-villa-torwartbekleidung-fussball-kinder","8":"product_tag-emiliano-martinez-trikot-kinder-kaufen","9":"product_tag-guenstige-aston-villa-torwarttrikot-kinder","10":"product_tag-guenstige-aston-villa-trikot-kinder","11":"product_tag-guenstige-emiliano-martinez-trikot-kinder","13":"first","14":"instock","15":"shipping-taxable","16":"purchasable","17":"product-type-variable"},"_links":{"self":[{"href":"https:\/\/www.billigtrikotde.com\/da\/wp-json\/wp\/v2\/product\/21876","targetHints":{"allow":["GET"]}}],"collection":[{"href":"https:\/\/www.billigtrikotde.com\/da\/wp-json\/wp\/v2\/product"}],"about":[{"href":"https:\/\/www.billigtrikotde.com\/da\/wp-json\/wp\/v2\/types\/product"}],"replies":[{"embeddable":true,"href":"https:\/\/www.billigtrikotde.com\/da\/wp-json\/wp\/v2\/comments?post=21876"}],"wp:featuredmedia":[{"embeddable":true,"href":"https:\/\/www.billigtrikotde.com\/da\/wp-json\/wp\/v2\/media\/21878"}],"wp:attachment":[{"href":"https:\/\/www.billigtrikotde.com\/da\/wp-json\/wp\/v2\/media?parent=21876"}],"wp:term":[{"taxonomy":"product_brand","embeddable":true,"href":"https:\/\/www.billigtrikotde.com\/da\/wp-json\/wp\/v2\/product_brand?post=21876"},{"taxonomy":"product_cat","embeddable":true,"href":"https:\/\/www.billigtrikotde.com\/da\/wp-json\/wp\/v2\/product_cat?post=21876"},{"taxonomy":"product_tag","embeddable":true,"href":"https:\/\/www.billigtrikotde.com\/da\/wp-json\/wp\/v2\/product_tag?post=21876"}],"curies":[{"name":"wp","href":"https:\/\/api.w.org\/{rel}","templated":true}]}}