{"id":21796,"date":"2025-05-22T14:28:21","date_gmt":"2025-05-22T12:28:21","guid":{"rendered":"https:\/\/www.billigtrikotde.com\/?post_type=product&#038;p=21796"},"modified":"2025-05-22T14:28:22","modified_gmt":"2025-05-22T12:28:22","slug":"fussballtrikots-inter-milan-torwart-heimtrikot-2024-25-gruen","status":"publish","type":"product","link":"https:\/\/www.billigtrikotde.com\/da\/vare\/fussballtrikots-inter-milan-torwart-heimtrikot-2024-25-gruen\/","title":{"rendered":"Fodboldtr\u00f8jer Inter Milan M\u00e5lmand Hjemmetr\u00f8je 2024-25 Gr\u00f8n"},"content":{"rendered":"<h3>Fodboldtr\u00f8jer Inter Milan M\u00e5lmand Hjemmetr\u00f8je 2024-25 Gr\u00f8n<\/h3>\n<p>Tips til udskrivning: Hvis navn og nummer p\u00e5 billedet er pr\u00e6cis det, du \u00f8nsker, beh\u00f8ver du ikke at indtaste dem igen. Hvis ikke, skal du indtaste det \u00f8nskede navn og nummer.<br \/>\nTips til vask: Det anbefales at vaske fodboldtr\u00f8jer i h\u00e5nden. Hvis du vil bruge vaskemaskinen, skal du huske at vende vrangen ud p\u00e5 fodboldtr\u00f8jerne og derefter vaske dem. Fyld maskinen med koldt vand, og brug et sk\u00e5neprogram for bedre at beskytte farverne.<\/p>","protected":false},"excerpt":{"rendered":"<p>Fodboldtr\u00f8jer Inter Milan M\u00e5lmand Hjemmetr\u00e6ner 2024-25 Gr\u00f8n Tips til udskrivning: N\u00e5r navnet og numrene p\u00e5 billedet n\u00f8jagtigt passer til dine \u00f8nsker, beh\u00f8ver du ikke indtaste dem igen. Hvis ikke, skal du indtaste dit \u00f8nskede navn og nummer. Vasketips: Det anbefales at vaske fodboldtr\u00f8jer i h\u00e5nden. Hvis du bruger vaskemaskinen [\u2026]<\/p>","protected":false},"featured_media":21798,"comment_status":"open","ping_status":"closed","template":"","meta":[],"product_brand":[],"product_cat":[77],"product_tag":[20,215,1488,780,1489,781,94],"class_list":{"0":"post-21796","1":"product","2":"type-product","3":"status-publish","4":"has-post-thumbnail","6":"product_cat-inter-milan","7":"product_tag-coole-fussballtrikots","8":"product_tag-fussball-trikot-kurzarm","9":"product_tag-guenstige-inter-milan-torwarttrikot-kinder","10":"product_tag-inter-milan-fussballtrikots-kinder","11":"product_tag-inter-milan-torwartbekleidung-fussball-kinder","12":"product_tag-inter-milan-trikot-fuer-kinder","13":"product_tag-kinder-fussball-trikotsatz","15":"first","16":"instock","17":"shipping-taxable","18":"purchasable","19":"product-type-variable"},"_links":{"self":[{"href":"https:\/\/www.billigtrikotde.com\/da\/wp-json\/wp\/v2\/product\/21796","targetHints":{"allow":["GET"]}}],"collection":[{"href":"https:\/\/www.billigtrikotde.com\/da\/wp-json\/wp\/v2\/product"}],"about":[{"href":"https:\/\/www.billigtrikotde.com\/da\/wp-json\/wp\/v2\/types\/product"}],"replies":[{"embeddable":true,"href":"https:\/\/www.billigtrikotde.com\/da\/wp-json\/wp\/v2\/comments?post=21796"}],"wp:featuredmedia":[{"embeddable":true,"href":"https:\/\/www.billigtrikotde.com\/da\/wp-json\/wp\/v2\/media\/21798"}],"wp:attachment":[{"href":"https:\/\/www.billigtrikotde.com\/da\/wp-json\/wp\/v2\/media?parent=21796"}],"wp:term":[{"taxonomy":"product_brand","embeddable":true,"href":"https:\/\/www.billigtrikotde.com\/da\/wp-json\/wp\/v2\/product_brand?post=21796"},{"taxonomy":"product_cat","embeddable":true,"href":"https:\/\/www.billigtrikotde.com\/da\/wp-json\/wp\/v2\/product_cat?post=21796"},{"taxonomy":"product_tag","embeddable":true,"href":"https:\/\/www.billigtrikotde.com\/da\/wp-json\/wp\/v2\/product_tag?post=21796"}],"curies":[{"name":"wp","href":"https:\/\/api.w.org\/{rel}","templated":true}]}}