{"id":21682,"date":"2025-05-06T14:46:48","date_gmt":"2025-05-06T12:46:48","guid":{"rendered":"https:\/\/www.billigtrikotde.com\/?post_type=product&#038;p=21682"},"modified":"2025-05-07T11:43:47","modified_gmt":"2025-05-07T09:43:47","slug":"kaufen-online-juventus-torwart-3rd-trikot-kinder-2024-25-fussballtrikots-set","status":"publish","type":"product","link":"https:\/\/www.billigtrikotde.com\/da\/vare\/kaufen-online-juventus-torwart-3rd-trikot-kinder-2024-25-fussballtrikots-set\/","title":{"rendered":"Ny Juventus M\u00e5lmand 3. tr\u00f8je B\u00f8rn 2024-25 Kort\u00e6rmet (+ korte bukser)"},"content":{"rendered":"<h3>K\u00f8b Online Juventus m\u00e5lmand 3rd tr\u00f8je b\u00f8rn 2024-25 fodboldtr\u00f8jes\u00e6t<\/h3>\n<p>Tips til tryk: Hvis navnet og tallet, der vises p\u00e5 billedet, svarer n\u00f8jagtigt til det, du \u00f8nsker, beh\u00f8ver du ikke skrive dem igen. Hvis det ikke er tilf\u00e6ldet, skal du indtaste det navn og det nummer, du \u00f8nsker.<\/p>\n<p>Tip til vask: Det anbefales at vaske fodboldtr\u00f8jerne i h\u00e5nden. Hvis du vil bruge vaskemaskinen, husk at vende fodboldtr\u00f8jerne p\u00e5 vrangen, f\u00f8r du vasker dem. Fyld maskinen med koldt vand og brug et sk\u00e5net vaskeprogram for bedre at beskytte farverne.<\/p>","protected":false},"excerpt":{"rendered":"<p>K\u00f8b online Juventus m\u00e5lvagt 3rd tr\u00f8je b\u00f8rn 2024-25 fodbold tr\u00f8jes\u00e6t Konklusion til printing: Hvis navnet og nummeret p\u00e5 billedet svarer pr\u00e6cis til det, du \u00f8nsker, beh\u00f8ver du ikke indtaste dem igen. Hvis det ikke er tilf\u00e6ldet, skal du indtaste det navn og nummer, du \u00f8nsker. [\u2026]<\/p>","protected":false},"featured_media":21684,"comment_status":"open","ping_status":"closed","template":"","meta":[],"product_brand":[],"product_cat":[148],"product_tag":[20,574,24,855,856,61,149,94],"class_list":{"0":"post-21682","1":"product","2":"type-product","3":"status-publish","4":"has-post-thumbnail","6":"product_cat-juventus-kindertrikot","7":"product_tag-coole-fussballtrikots","8":"product_tag-fussballtrikot-deutschland","9":"product_tag-guenstiges-fussballtrikot","10":"product_tag-juventus-fussballtrikots-kinder","11":"product_tag-juventus-trikot-fuer-kinder","12":"product_tag-juventus-trikots","13":"product_tag-juventus-trikotsatz-fuer-kinder","14":"product_tag-kinder-fussball-trikotsatz","16":"first","17":"instock","18":"shipping-taxable","19":"purchasable","20":"product-type-variable"},"_links":{"self":[{"href":"https:\/\/www.billigtrikotde.com\/da\/wp-json\/wp\/v2\/product\/21682","targetHints":{"allow":["GET"]}}],"collection":[{"href":"https:\/\/www.billigtrikotde.com\/da\/wp-json\/wp\/v2\/product"}],"about":[{"href":"https:\/\/www.billigtrikotde.com\/da\/wp-json\/wp\/v2\/types\/product"}],"replies":[{"embeddable":true,"href":"https:\/\/www.billigtrikotde.com\/da\/wp-json\/wp\/v2\/comments?post=21682"}],"wp:featuredmedia":[{"embeddable":true,"href":"https:\/\/www.billigtrikotde.com\/da\/wp-json\/wp\/v2\/media\/21684"}],"wp:attachment":[{"href":"https:\/\/www.billigtrikotde.com\/da\/wp-json\/wp\/v2\/media?parent=21682"}],"wp:term":[{"taxonomy":"product_brand","embeddable":true,"href":"https:\/\/www.billigtrikotde.com\/da\/wp-json\/wp\/v2\/product_brand?post=21682"},{"taxonomy":"product_cat","embeddable":true,"href":"https:\/\/www.billigtrikotde.com\/da\/wp-json\/wp\/v2\/product_cat?post=21682"},{"taxonomy":"product_tag","embeddable":true,"href":"https:\/\/www.billigtrikotde.com\/da\/wp-json\/wp\/v2\/product_tag?post=21682"}],"curies":[{"name":"wp","href":"https:\/\/api.w.org\/{rel}","templated":true}]}}