{"id":21615,"date":"2025-05-04T04:26:24","date_gmt":"2025-05-04T02:26:24","guid":{"rendered":"https:\/\/www.billigtrikotde.com\/?post_type=product&#038;p=21615"},"modified":"2025-05-04T04:26:25","modified_gmt":"2025-05-04T02:26:25","slug":"kinder-fussballtrikots-arsenal-torwart-auswaertstrikot-rosa-2024-25","status":"publish","type":"product","link":"https:\/\/www.billigtrikotde.com\/da\/vare\/kinder-fussballtrikots-arsenal-torwart-auswaertstrikot-rosa-2024-25\/","title":{"rendered":"B\u00f8rnefodboldtr\u00f8jer Arsenal M\u00e5lmand Udebanetr\u00f8je 2024-25 Kort\u00e6rmet (+ korte bukser)"},"content":{"rendered":"<h3>B\u00f8rne fodboldtr\u00f8jer Arsenal m\u00e5lmand udebane tr\u00f8je lyser\u00f8d 2024-25<\/h3>\n<p>Tips til udskrivning: Hvis navn og nummer p\u00e5 billedet er pr\u00e6cis det, du \u00f8nsker, beh\u00f8ver du ikke at indtaste dem igen. Hvis ikke, skal du indtaste det \u00f8nskede navn og nummer.<\/p>\n<p>Tips til vask: Det anbefales at vaske fodboldtr\u00f8jer i h\u00e5nden. Hvis du vil bruge vaskemaskinen, skal du huske at vende vrangen ud p\u00e5 fodboldtr\u00f8jerne og derefter vaske dem. Fyld maskinen med koldt vand, og brug et sk\u00e5neprogram for bedre at beskytte farverne.<\/p>","protected":false},"excerpt":{"rendered":"<p>B\u00f8rn fodboldtr\u00f8jer Arsenal m\u00e5lmand udebanetr\u00f8je rosa 2024-25 Udskriftsinstruktioner: Hvis navnet og nummeret p\u00e5 billedet passer pr\u00e6cis til dine \u00f8nsker, beh\u00f8ver du ikke indtaste dem igen. Hvis ikke, b\u00f8r du indtaste dit \u00f8nskede navn og dit nummer. Vasketips: Det anbefales at vaske fodboldtr\u00f8jerne i h\u00e5nden. Hvis du bruger vaskemaskinen [\u2026]<\/p>","protected":false},"featured_media":21617,"comment_status":"open","ping_status":"closed","template":"","meta":[],"product_brand":[],"product_cat":[167],"product_tag":[851,852,20,215,94],"class_list":{"0":"post-21615","1":"product","2":"type-product","3":"status-publish","4":"has-post-thumbnail","6":"product_cat-arsenal-kindertrikot","7":"product_tag-arsenal-fussballtrikots-kinder","8":"product_tag-arsenal-trikot-fuer-kinder","9":"product_tag-coole-fussballtrikots","10":"product_tag-fussball-trikot-kurzarm","11":"product_tag-kinder-fussball-trikotsatz","13":"first","14":"instock","15":"shipping-taxable","16":"purchasable","17":"product-type-variable"},"_links":{"self":[{"href":"https:\/\/www.billigtrikotde.com\/da\/wp-json\/wp\/v2\/product\/21615","targetHints":{"allow":["GET"]}}],"collection":[{"href":"https:\/\/www.billigtrikotde.com\/da\/wp-json\/wp\/v2\/product"}],"about":[{"href":"https:\/\/www.billigtrikotde.com\/da\/wp-json\/wp\/v2\/types\/product"}],"replies":[{"embeddable":true,"href":"https:\/\/www.billigtrikotde.com\/da\/wp-json\/wp\/v2\/comments?post=21615"}],"wp:featuredmedia":[{"embeddable":true,"href":"https:\/\/www.billigtrikotde.com\/da\/wp-json\/wp\/v2\/media\/21617"}],"wp:attachment":[{"href":"https:\/\/www.billigtrikotde.com\/da\/wp-json\/wp\/v2\/media?parent=21615"}],"wp:term":[{"taxonomy":"product_brand","embeddable":true,"href":"https:\/\/www.billigtrikotde.com\/da\/wp-json\/wp\/v2\/product_brand?post=21615"},{"taxonomy":"product_cat","embeddable":true,"href":"https:\/\/www.billigtrikotde.com\/da\/wp-json\/wp\/v2\/product_cat?post=21615"},{"taxonomy":"product_tag","embeddable":true,"href":"https:\/\/www.billigtrikotde.com\/da\/wp-json\/wp\/v2\/product_tag?post=21615"}],"curies":[{"name":"wp","href":"https:\/\/api.w.org\/{rel}","templated":true}]}}