{"id":21593,"date":"2025-05-04T03:58:27","date_gmt":"2025-05-04T01:58:27","guid":{"rendered":"https:\/\/www.billigtrikotde.com\/?post_type=product&#038;p=21593"},"modified":"2025-05-22T13:52:18","modified_gmt":"2025-05-22T11:52:18","slug":"arsenal-torwart-auswaertstrikot-kinder-2024-25-rot-david-raya","status":"publish","type":"product","link":"https:\/\/www.billigtrikotde.com\/da\/vare\/arsenal-torwart-auswaertstrikot-kinder-2024-25-rot-david-raya\/","title":{"rendered":"Arsenal M\u00e5lmand Udebanetr\u00f8je B\u00f8rn 2024-25 David Raya Kort\u00e6rmet (+ korte bukser)"},"content":{"rendered":"<h3>Arsenal Torwart Ausw\u00e4rtstrikot Kinder 2024-25 Rot David Raya<\/h3>\n<p>Tips til udskrivning: Hvis navn og nummer p\u00e5 billedet er pr\u00e6cis det, du \u00f8nsker, beh\u00f8ver du ikke at indtaste dem igen. Hvis ikke, skal du indtaste det \u00f8nskede navn og nummer.<\/p>\n<p>Tips til vask: Det anbefales at vaske fodboldtr\u00f8jer i h\u00e5nden. Hvis du vil bruge vaskemaskinen, skal du huske at vende vrangen ud p\u00e5 fodboldtr\u00f8jerne og derefter vaske dem. Fyld maskinen med koldt vand, og brug et sk\u00e5neprogram for bedre at beskytte farverne.<\/p>","protected":false},"excerpt":{"rendered":"<p>Billig Arsenal m\u00e5lmand Hjemmetr\u00f8je B\u00f8rn 2024-25 David Raya 22 Tips til udskrivning: Hvis navnet og nummeret p\u00e5 billedet pr\u00e6cis svarer til dine \u00f8nsker, beh\u00f8ver du ikke indtaste det igen. Hvis ikke, b\u00f8r du indtaste dit \u00f8nskede navn og dit nummer. Tips til vask: Det anbefales at vaske fodboldtr\u00f8jer i h\u00e5nden. Hvis du bruger [\u2026]<\/p>","protected":false},"featured_media":21595,"comment_status":"open","ping_status":"closed","template":"","meta":[],"product_brand":[],"product_cat":[167],"product_tag":[851,852,20,1483,215,94],"class_list":{"0":"post-21593","1":"product","2":"type-product","3":"status-publish","4":"has-post-thumbnail","6":"product_cat-arsenal-kindertrikot","7":"product_tag-arsenal-fussballtrikots-kinder","8":"product_tag-arsenal-trikot-fuer-kinder","9":"product_tag-coole-fussballtrikots","10":"product_tag-david-raya-trikots","11":"product_tag-fussball-trikot-kurzarm","12":"product_tag-kinder-fussball-trikotsatz","14":"first","15":"instock","16":"shipping-taxable","17":"purchasable","18":"product-type-variable"},"_links":{"self":[{"href":"https:\/\/www.billigtrikotde.com\/da\/wp-json\/wp\/v2\/product\/21593","targetHints":{"allow":["GET"]}}],"collection":[{"href":"https:\/\/www.billigtrikotde.com\/da\/wp-json\/wp\/v2\/product"}],"about":[{"href":"https:\/\/www.billigtrikotde.com\/da\/wp-json\/wp\/v2\/types\/product"}],"replies":[{"embeddable":true,"href":"https:\/\/www.billigtrikotde.com\/da\/wp-json\/wp\/v2\/comments?post=21593"}],"wp:featuredmedia":[{"embeddable":true,"href":"https:\/\/www.billigtrikotde.com\/da\/wp-json\/wp\/v2\/media\/21595"}],"wp:attachment":[{"href":"https:\/\/www.billigtrikotde.com\/da\/wp-json\/wp\/v2\/media?parent=21593"}],"wp:term":[{"taxonomy":"product_brand","embeddable":true,"href":"https:\/\/www.billigtrikotde.com\/da\/wp-json\/wp\/v2\/product_brand?post=21593"},{"taxonomy":"product_cat","embeddable":true,"href":"https:\/\/www.billigtrikotde.com\/da\/wp-json\/wp\/v2\/product_cat?post=21593"},{"taxonomy":"product_tag","embeddable":true,"href":"https:\/\/www.billigtrikotde.com\/da\/wp-json\/wp\/v2\/product_tag?post=21593"}],"curies":[{"name":"wp","href":"https:\/\/api.w.org\/{rel}","templated":true}]}}