{"id":21522,"date":"2025-04-27T14:52:32","date_gmt":"2025-04-27T12:52:32","guid":{"rendered":"https:\/\/www.billigtrikotde.com\/?post_type=product&#038;p=21522"},"modified":"2025-05-06T15:24:35","modified_gmt":"2025-05-06T13:24:35","slug":"billige-atletico-madrid-torwart-trikotsatz-kinder-2024-25-jan-oblak-13","status":"publish","type":"product","link":"https:\/\/www.billigtrikotde.com\/da\/vare\/billige-atletico-madrid-torwart-trikotsatz-kinder-2024-25-jan-oblak-13\/","title":{"rendered":"Billige Atletico Madrid m\u00e5lmandss\u00e6t b\u00f8rn 2024-25 Jan Oblak 13"},"content":{"rendered":"<h3>Billige Atletico Madrid m\u00e5lmand tr\u00f8jes\u00e6t b\u00f8rn 2024-25 orange Jan Oblak<\/h3>\n<p>Tips til udskrivning: Hvis navn og nummer p\u00e5 billedet er pr\u00e6cis det, du \u00f8nsker, beh\u00f8ver du ikke at indtaste dem igen. Hvis ikke, skal du indtaste det \u00f8nskede navn og nummer.<\/p>\n<p>Tips til vask: Det anbefales at vaske fodboldtr\u00f8jer i h\u00e5nden. Hvis du vil bruge vaskemaskinen, skal du huske at vende vrangen ud p\u00e5 fodboldtr\u00f8jerne og derefter vaske dem. Fyld maskinen med koldt vand, og brug et sk\u00e5neprogram for bedre at beskytte farverne.<\/p>","protected":false},"excerpt":{"rendered":"<p>Billige Atl\u00e9tico Madrid m\u00e5ldragt s\u00e6t b\u00f8rn 2024-25 orange Jan Oblak Tips til print: Hvis navnet og nummeret p\u00e5 billedet n\u00f8jagtigt svarer til dine \u00f8nsker, beh\u00f8ver du ikke indtaste dem igen. Hvis ikke, b\u00f8r du indtaste det \u00f8nskede navn og det \u00f8nskede nummer. Vasker\u00e5d: Det anbefales at vaske fodboldtr\u00f8jer i h\u00e5nden. Hvis [\u2026]<\/p>","protected":false},"featured_media":21524,"comment_status":"open","ping_status":"closed","template":"","meta":[],"product_brand":[],"product_cat":[157],"product_tag":[868,869,20,215,1479,94],"class_list":{"0":"post-21522","1":"product","2":"type-product","3":"status-publish","4":"has-post-thumbnail","6":"product_cat-atletico-madrid-kindertrikot","7":"product_tag-atletico-madrid-fussballtrikots-kinder","8":"product_tag-atletico-madrid-trikot-fuer-kinder","9":"product_tag-coole-fussballtrikots","10":"product_tag-fussball-trikot-kurzarm","11":"product_tag-jan-oblak-trikots","12":"product_tag-kinder-fussball-trikotsatz","14":"first","15":"instock","16":"shipping-taxable","17":"purchasable","18":"product-type-variable"},"_links":{"self":[{"href":"https:\/\/www.billigtrikotde.com\/da\/wp-json\/wp\/v2\/product\/21522","targetHints":{"allow":["GET"]}}],"collection":[{"href":"https:\/\/www.billigtrikotde.com\/da\/wp-json\/wp\/v2\/product"}],"about":[{"href":"https:\/\/www.billigtrikotde.com\/da\/wp-json\/wp\/v2\/types\/product"}],"replies":[{"embeddable":true,"href":"https:\/\/www.billigtrikotde.com\/da\/wp-json\/wp\/v2\/comments?post=21522"}],"wp:featuredmedia":[{"embeddable":true,"href":"https:\/\/www.billigtrikotde.com\/da\/wp-json\/wp\/v2\/media\/21524"}],"wp:attachment":[{"href":"https:\/\/www.billigtrikotde.com\/da\/wp-json\/wp\/v2\/media?parent=21522"}],"wp:term":[{"taxonomy":"product_brand","embeddable":true,"href":"https:\/\/www.billigtrikotde.com\/da\/wp-json\/wp\/v2\/product_brand?post=21522"},{"taxonomy":"product_cat","embeddable":true,"href":"https:\/\/www.billigtrikotde.com\/da\/wp-json\/wp\/v2\/product_cat?post=21522"},{"taxonomy":"product_tag","embeddable":true,"href":"https:\/\/www.billigtrikotde.com\/da\/wp-json\/wp\/v2\/product_tag?post=21522"}],"curies":[{"name":"wp","href":"https:\/\/api.w.org\/{rel}","templated":true}]}}