{"id":21518,"date":"2025-04-26T11:43:08","date_gmt":"2025-04-26T09:43:08","guid":{"rendered":"https:\/\/www.billigtrikotde.com\/?post_type=product&#038;p=21518"},"modified":"2025-05-22T13:53:00","modified_gmt":"2025-05-22T11:53:00","slug":"atletico-madrid-torwart-heimtrikotsatz-kinder-2024-25-schwarz-fussballtrikots","status":"publish","type":"product","link":"https:\/\/www.billigtrikotde.com\/da\/vare\/atletico-madrid-torwart-heimtrikotsatz-kinder-2024-25-schwarz-fussballtrikots\/","title":{"rendered":"Atletico Madrid Goalkeeper Home Kit Kids 2024-25 sort Fodboldtr\u00f8jer"},"content":{"rendered":"<h3>Atletico Madrid M\u00e5lmand Hjemmetr\u00f8je S\u00e6t B\u00f8rn sort Fodboldtr\u00f8jer Personligg\u00f8rbar<\/h3>\n<p>Tips til udskrivning: Hvis navn og nummer p\u00e5 billedet er pr\u00e6cis det, du \u00f8nsker, beh\u00f8ver du ikke at indtaste dem igen. Hvis ikke, skal du indtaste det \u00f8nskede navn og nummer.<\/p>\n<p>Tips til vask: Det anbefales at vaske fodboldtr\u00f8jer i h\u00e5nden. Hvis du vil bruge vaskemaskinen, skal du huske at vende vrangen ud p\u00e5 fodboldtr\u00f8jerne og derefter vaske dem. Fyld maskinen med koldt vand, og brug et sk\u00e5neprogram for bedre at beskytte farverne.<\/p>","protected":false},"excerpt":{"rendered":"<p>Atletico Madrid Torwart Heimtrikotsatz Kinder schwarz Fu\u00dfballtrikots Personalisierbar Tipps zum Drucken: Wenn der Name und die Nummer auf dem Bild genau Ihren W\u00fcnschen entsprechen, m\u00fcssen Sie sie nicht erneut eingeben. Wenn nicht, sollten Sie Ihren gew\u00fcnschten Namen und Ihre Nummer eingeben. Tipps zum Waschen: Es wird empfohlen, Fu\u00dfballtrikots von Hand zu waschen. Wenn Sie die [\u2026]<\/p>","protected":false},"featured_media":21520,"comment_status":"open","ping_status":"closed","template":"","meta":[],"product_brand":[],"product_cat":[157],"product_tag":[868,869,20,215,94],"class_list":{"0":"post-21518","1":"product","2":"type-product","3":"status-publish","4":"has-post-thumbnail","6":"product_cat-atletico-madrid-kindertrikot","7":"product_tag-atletico-madrid-fussballtrikots-kinder","8":"product_tag-atletico-madrid-trikot-fuer-kinder","9":"product_tag-coole-fussballtrikots","10":"product_tag-fussball-trikot-kurzarm","11":"product_tag-kinder-fussball-trikotsatz","13":"first","14":"instock","15":"shipping-taxable","16":"purchasable","17":"product-type-variable"},"_links":{"self":[{"href":"https:\/\/www.billigtrikotde.com\/da\/wp-json\/wp\/v2\/product\/21518","targetHints":{"allow":["GET"]}}],"collection":[{"href":"https:\/\/www.billigtrikotde.com\/da\/wp-json\/wp\/v2\/product"}],"about":[{"href":"https:\/\/www.billigtrikotde.com\/da\/wp-json\/wp\/v2\/types\/product"}],"replies":[{"embeddable":true,"href":"https:\/\/www.billigtrikotde.com\/da\/wp-json\/wp\/v2\/comments?post=21518"}],"wp:featuredmedia":[{"embeddable":true,"href":"https:\/\/www.billigtrikotde.com\/da\/wp-json\/wp\/v2\/media\/21520"}],"wp:attachment":[{"href":"https:\/\/www.billigtrikotde.com\/da\/wp-json\/wp\/v2\/media?parent=21518"}],"wp:term":[{"taxonomy":"product_brand","embeddable":true,"href":"https:\/\/www.billigtrikotde.com\/da\/wp-json\/wp\/v2\/product_brand?post=21518"},{"taxonomy":"product_cat","embeddable":true,"href":"https:\/\/www.billigtrikotde.com\/da\/wp-json\/wp\/v2\/product_cat?post=21518"},{"taxonomy":"product_tag","embeddable":true,"href":"https:\/\/www.billigtrikotde.com\/da\/wp-json\/wp\/v2\/product_tag?post=21518"}],"curies":[{"name":"wp","href":"https:\/\/api.w.org\/{rel}","templated":true}]}}