{"id":21465,"date":"2025-04-16T05:23:42","date_gmt":"2025-04-16T03:23:42","guid":{"rendered":"https:\/\/www.billigtrikotde.com\/?post_type=product&#038;p=21465"},"modified":"2025-04-16T09:49:38","modified_gmt":"2025-04-16T07:49:38","slug":"billige-fussballtrikots-real-madrid-heim-trikotsatz-2025-26-jude-bellingham","status":"publish","type":"product","link":"https:\/\/www.billigtrikotde.com\/da\/vare\/billige-fussballtrikots-real-madrid-heim-trikotsatz-2025-26-jude-bellingham\/","title":{"rendered":"Billige fodboldtr\u00f8jer Real Madrid Home Kit 2025-26 Jude Bellingham 5"},"content":{"rendered":"<h3>Beskrivelse af den billige fodboldtr\u00f8je Real Madrid Hjem Tr\u00f8jes\u00e6t 2025-26 Jude Bellingham:<\/h3>\n<ul>\n<li>Vores pakke indeholder pr\u00e6cis det, der var synligt p\u00e5 produktbillederne p\u00e5 tidspunktet for din bestilling.<\/li>\n<li>Dette er Real Madrid hjemmetr\u00f8je til b\u00f8rn for s\u00e6sonen 2025\/26 i det ikoniske hvide klubdesign.<\/li>\n<li>Tr\u00f8jen har sorte striber p\u00e5 skuldrene og gule kanter, der giver det klassiske look et moderne pr\u00e6g.<\/li>\n<li>AEROREADY-teknologien sikrer fugttransport og \u00e5ndbarhed for unge fans.<\/li>\n<li>Ideel for unge fans, der \u00f8nsker at st\u00f8tte deres hold milj\u00f8venligt og stilfuldt, samtidig med at de forbliver k\u00f8lige og komfortable under kampen.<\/li>\n<\/ul>\n<p>Tips til udskrivning: Hvis navn og nummer p\u00e5 billedet er pr\u00e6cis det, du \u00f8nsker, beh\u00f8ver du ikke at indtaste dem igen. Hvis ikke, skal du indtaste det \u00f8nskede navn og nummer.<\/p>\n<p>Tips til vask: Det anbefales at vaske fodboldtr\u00f8jer i h\u00e5nden. Hvis du vil bruge vaskemaskinen, skal du huske at vende vrangen ud p\u00e5 fodboldtr\u00f8jerne og derefter vaske dem. Fyld maskinen med koldt vand, og brug et sk\u00e5neprogram for bedre at beskytte farverne.<\/p>","protected":false},"excerpt":{"rendered":"<p>Beskrivelse af det billige fodboldtr\u00f8je Real Madrid hjemme tr\u00f8jes\u00e6t 2025-26 Jude Bellingham: Vores pakke indeholder pr\u00e6cis det, som blev vist p\u00e5 produkbillederne p\u00e5 tidspunktet for din bestilling. Dette er Real Madrid hjemme-tr\u00f8jen til b\u00f8rn s\u00e6sonen 2025\/26 i det ikoniske hvide klubdesign. Tr\u00f8jen har sorte striber p\u00e5 skuldrene og gule kanter, der matcher \u2026<\/p>","protected":false},"featured_media":21467,"comment_status":"open","ping_status":"closed","template":"","meta":[],"product_brand":[],"product_cat":[45],"product_tag":[574,21,228,24,1255,489,490],"class_list":{"0":"post-21465","1":"product","2":"type-product","3":"status-publish","4":"has-post-thumbnail","6":"product_cat-real-madrid","7":"product_tag-fussballtrikot-deutschland","8":"product_tag-fussballtrikot-fuer-herren","9":"product_tag-guenstige-fussballtrikot","10":"product_tag-guenstiges-fussballtrikot","11":"product_tag-jude-bellingham-trikots","12":"product_tag-real-madrid-fussballtrikot","13":"product_tag-real-madrid-trikot","15":"first","16":"instock","17":"shipping-taxable","18":"purchasable","19":"product-type-variable"},"_links":{"self":[{"href":"https:\/\/www.billigtrikotde.com\/da\/wp-json\/wp\/v2\/product\/21465","targetHints":{"allow":["GET"]}}],"collection":[{"href":"https:\/\/www.billigtrikotde.com\/da\/wp-json\/wp\/v2\/product"}],"about":[{"href":"https:\/\/www.billigtrikotde.com\/da\/wp-json\/wp\/v2\/types\/product"}],"replies":[{"embeddable":true,"href":"https:\/\/www.billigtrikotde.com\/da\/wp-json\/wp\/v2\/comments?post=21465"}],"wp:featuredmedia":[{"embeddable":true,"href":"https:\/\/www.billigtrikotde.com\/da\/wp-json\/wp\/v2\/media\/21467"}],"wp:attachment":[{"href":"https:\/\/www.billigtrikotde.com\/da\/wp-json\/wp\/v2\/media?parent=21465"}],"wp:term":[{"taxonomy":"product_brand","embeddable":true,"href":"https:\/\/www.billigtrikotde.com\/da\/wp-json\/wp\/v2\/product_brand?post=21465"},{"taxonomy":"product_cat","embeddable":true,"href":"https:\/\/www.billigtrikotde.com\/da\/wp-json\/wp\/v2\/product_cat?post=21465"},{"taxonomy":"product_tag","embeddable":true,"href":"https:\/\/www.billigtrikotde.com\/da\/wp-json\/wp\/v2\/product_tag?post=21465"}],"curies":[{"name":"wp","href":"https:\/\/api.w.org\/{rel}","templated":true}]}}