{"id":21422,"date":"2025-03-28T15:55:18","date_gmt":"2025-03-28T14:55:18","guid":{"rendered":"https:\/\/www.billigtrikotde.com\/?post_type=product&#038;p=21422"},"modified":"2025-04-29T13:36:07","modified_gmt":"2025-04-29T11:36:07","slug":"guenstige-fussballtrikots-inter-miami-heimtrikot-2024-25-kurzarm","status":"publish","type":"product","link":"https:\/\/www.billigtrikotde.com\/da\/vare\/guenstige-fussballtrikots-inter-miami-heimtrikot-2024-25-kurzarm\/","title":{"rendered":"Billige fodboldtr\u00f8jer Inter Miami Hjemmetr\u00f8je 2024-25 Kort\u00e6rmet"},"content":{"rendered":"<p>Enkel, men fuld af stolthed for Lionel Messi fra Inter Miami FC: klubbens hjemmebanetr\u00f8je er helt lyser\u00f8d. Den rene pink farve er m\u00f8rkere end sidste s\u00e6sons tr\u00f8je med sorte detaljer p\u00e5 kraven, forneden, i siderne og p\u00e5 logoet. Inter Miamis v\u00e5benskjold er broderet midt p\u00e5 tr\u00f8jen, og sponsor Royal Caribbean er trykt p\u00e5 tr\u00f8jen. P\u00e5 bagsiden af tr\u00f8jen st\u00e5r det officielle navn \"Messi\" og hans holdnummer \"10\".<\/p>\n<p>Denne fodboldtr\u00f8je er ideel til kampe, viser loyalitet over for Messi og Inter Miami og kombinerer komfort og ydeevne. Den har en ribbet rund hals, korte \u00e6rmer og en slank pasform. Den integrerede Aeroready-performance-teknologi holder dig k\u00f8lig, t\u00f8r og komfortabel, uanset om du spiller eller ser fodbold.<\/p>\n<p>Tips til udskrivning: Hvis navn og nummer p\u00e5 billedet er pr\u00e6cis det, du \u00f8nsker, beh\u00f8ver du ikke at indtaste dem igen. Hvis ikke, skal du indtaste det \u00f8nskede navn og nummer.<\/p>\n<p>Tips til vask: Det anbefales at vaske fodboldtr\u00f8jer i h\u00e5nden. Hvis du vil bruge vaskemaskinen, skal du huske at vende vrangen ud p\u00e5 fodboldtr\u00f8jerne og derefter vaske dem. Fyld maskinen med koldt vand, og brug et sk\u00e5neprogram for bedre at beskytte farverne.<\/p>","protected":false},"excerpt":{"rendered":"<p>Schlicht und doch voller Stolz f\u00fcr Lionel Messi von Inter Miami FC: Das Heimtrikot des Vereins ist schlicht rosa. Die reine Rosafarbe ist dunkler als das Trikot der letzten Saison, mit schwarzen Details an Kragen, Saum, Seiten und Logo. Das Wappen von Inter Miami ist in die Mitte des Trikots gestickt und mit dem Sponsor [&hellip;]<\/p>","protected":false},"featured_media":21424,"comment_status":"open","ping_status":"closed","template":"","meta":[],"product_brand":[],"product_cat":[557],"product_tag":[1462,20,22,24,639,1466,1464,1465],"class_list":{"0":"post-21422","1":"product","2":"type-product","3":"status-publish","4":"has-post-thumbnail","6":"product_cat-inter-miami","7":"product_tag-billige-deutschland-trikots","8":"product_tag-coole-fussballtrikots","9":"product_tag-fussballtrikot-guenstig-kaufen","10":"product_tag-guenstiges-fussballtrikot","11":"product_tag-inter-miami-fussballtrikots-kinder-mit-eigenem-namen","12":"product_tag-inter-miami-heimtrikot","13":"product_tag-inter-miami-trikot-2024-25","14":"product_tag-inter-miami-trikots","16":"first","17":"instock","18":"shipping-taxable","19":"purchasable","20":"product-type-variable"},"_links":{"self":[{"href":"https:\/\/www.billigtrikotde.com\/da\/wp-json\/wp\/v2\/product\/21422","targetHints":{"allow":["GET"]}}],"collection":[{"href":"https:\/\/www.billigtrikotde.com\/da\/wp-json\/wp\/v2\/product"}],"about":[{"href":"https:\/\/www.billigtrikotde.com\/da\/wp-json\/wp\/v2\/types\/product"}],"replies":[{"embeddable":true,"href":"https:\/\/www.billigtrikotde.com\/da\/wp-json\/wp\/v2\/comments?post=21422"}],"wp:featuredmedia":[{"embeddable":true,"href":"https:\/\/www.billigtrikotde.com\/da\/wp-json\/wp\/v2\/media\/21424"}],"wp:attachment":[{"href":"https:\/\/www.billigtrikotde.com\/da\/wp-json\/wp\/v2\/media?parent=21422"}],"wp:term":[{"taxonomy":"product_brand","embeddable":true,"href":"https:\/\/www.billigtrikotde.com\/da\/wp-json\/wp\/v2\/product_brand?post=21422"},{"taxonomy":"product_cat","embeddable":true,"href":"https:\/\/www.billigtrikotde.com\/da\/wp-json\/wp\/v2\/product_cat?post=21422"},{"taxonomy":"product_tag","embeddable":true,"href":"https:\/\/www.billigtrikotde.com\/da\/wp-json\/wp\/v2\/product_tag?post=21422"}],"curies":[{"name":"wp","href":"https:\/\/api.w.org\/{rel}","templated":true}]}}