{"id":21418,"date":"2025-03-26T15:16:57","date_gmt":"2025-03-26T14:16:57","guid":{"rendered":"https:\/\/www.billigtrikotde.com\/?post_type=product&#038;p=21418"},"modified":"2025-04-10T10:42:04","modified_gmt":"2025-04-10T08:42:04","slug":"guenstige-fussballtrikots-kinder-inter-miami-3rd-trikot-2024-25-lionel-messi-10","status":"publish","type":"product","link":"https:\/\/www.billigtrikotde.com\/da\/vare\/guenstige-fussballtrikots-kinder-inter-miami-3rd-trikot-2024-25-lionel-messi-10\/","title":{"rendered":"Billige fodboldtr\u00f8jer B\u00f8rn Inter Miami 3. tr\u00f8je 2024-25 Lionel Messi 10"},"content":{"rendered":"<p>Hvad er det, der er s\u00e5 unikt ved Miamis sportstradition? Inter Miami FC 2024's tredje udebanetr\u00f8je er en hyldest til den legendariske Orange Bowl ved at kombinere klassiske detaljer med klare orange nuancer. AEROREADY holder fansene t\u00f8rre, mens de hepper p\u00e5 deres hold. Det glatte stof har holdets navn i art deco-stil samt Messis navn og nummer.<\/p>\n<p>Tips til udskrivning: Hvis navn og nummer p\u00e5 billedet er pr\u00e6cis det, du \u00f8nsker, beh\u00f8ver du ikke at indtaste dem igen. Hvis ikke, skal du indtaste det \u00f8nskede navn og nummer.<\/p>\n<p>Tips til vask: Det anbefales at vaske fodboldtr\u00f8jer i h\u00e5nden. Hvis du vil bruge vaskemaskinen, skal du huske at vende vrangen ud p\u00e5 fodboldtr\u00f8jerne og derefter vaske dem. Fyld maskinen med koldt vand, og brug et sk\u00e5neprogram for bedre at beskytte farverne.<\/p>","protected":false},"excerpt":{"rendered":"<p>Hvad er det, der er s\u00e5 unikt ved Miamis sportstradition? Inter Miami FC 2024's tredje udebanetr\u00f8je er en hyldest til den legendariske Orange Bowl ved at kombinere klassiske detaljer med klare orange nuancer. AEROREADY holder fansene t\u00f8rre, mens de hepper p\u00e5 deres hold. Det glatte stof har holdets navn i art deco-stil samt Messis navn og nummer.<\/p>","protected":false},"featured_media":21420,"comment_status":"open","ping_status":"closed","template":"","meta":[],"product_brand":[],"product_cat":[569],"product_tag":[1462,20,22,1461,24,639,1464,571,1463,1465,1299],"class_list":{"0":"post-21418","1":"product","2":"type-product","3":"status-publish","4":"has-post-thumbnail","6":"product_cat-inter-miami-kindertrikot","7":"product_tag-billige-deutschland-trikots","8":"product_tag-coole-fussballtrikots","9":"product_tag-fussballtrikot-guenstig-kaufen","10":"product_tag-guenstige-inter-miami-trikot-kinder","11":"product_tag-guenstiges-fussballtrikot","12":"product_tag-inter-miami-fussballtrikots-kinder-mit-eigenem-namen","13":"product_tag-inter-miami-trikot-2024-25","14":"product_tag-inter-miami-trikot-fuer-kinder","15":"product_tag-inter-miami-trikot-kinder","16":"product_tag-inter-miami-trikots","17":"product_tag-lionel-messi-trikots","19":"first","20":"instock","21":"shipping-taxable","22":"purchasable","23":"product-type-variable"},"_links":{"self":[{"href":"https:\/\/www.billigtrikotde.com\/da\/wp-json\/wp\/v2\/product\/21418","targetHints":{"allow":["GET"]}}],"collection":[{"href":"https:\/\/www.billigtrikotde.com\/da\/wp-json\/wp\/v2\/product"}],"about":[{"href":"https:\/\/www.billigtrikotde.com\/da\/wp-json\/wp\/v2\/types\/product"}],"replies":[{"embeddable":true,"href":"https:\/\/www.billigtrikotde.com\/da\/wp-json\/wp\/v2\/comments?post=21418"}],"wp:featuredmedia":[{"embeddable":true,"href":"https:\/\/www.billigtrikotde.com\/da\/wp-json\/wp\/v2\/media\/21420"}],"wp:attachment":[{"href":"https:\/\/www.billigtrikotde.com\/da\/wp-json\/wp\/v2\/media?parent=21418"}],"wp:term":[{"taxonomy":"product_brand","embeddable":true,"href":"https:\/\/www.billigtrikotde.com\/da\/wp-json\/wp\/v2\/product_brand?post=21418"},{"taxonomy":"product_cat","embeddable":true,"href":"https:\/\/www.billigtrikotde.com\/da\/wp-json\/wp\/v2\/product_cat?post=21418"},{"taxonomy":"product_tag","embeddable":true,"href":"https:\/\/www.billigtrikotde.com\/da\/wp-json\/wp\/v2\/product_tag?post=21418"}],"curies":[{"name":"wp","href":"https:\/\/api.w.org\/{rel}","templated":true}]}}