{"id":21406,"date":"2025-03-27T14:29:02","date_gmt":"2025-03-27T13:29:02","guid":{"rendered":"https:\/\/www.billigtrikotde.com\/?post_type=product&#038;p=21406"},"modified":"2025-04-27T15:32:52","modified_gmt":"2025-04-27T13:32:52","slug":"guenstige-fussballtrikots-kinder-inter-miami-auswaertstrikot-2024-25-kurzarm-kurze-hosen","status":"publish","type":"product","link":"https:\/\/www.billigtrikotde.com\/da\/vare\/guenstige-fussballtrikots-kinder-inter-miami-auswaertstrikot-2024-25-kurzarm-kurze-hosen\/","title":{"rendered":"Billige Fodboldtr\u00f8jer B\u00f8rn Inter Miami Udebanetr\u00f8je 2024-25 Kort\u00e6rmet + Shorts"},"content":{"rendered":"<p>Inspireret af byens glitrende kystlinje skiller Internacional Miami 2024 2025 udebanetr\u00f8jen sig ud med pink detaljer og et b\u00f8lgem\u00f8nster. Den er designet til at give fodboldfans komfort og kombinerer glat stof med fugttransporterende AEROREADY. Holdets motto \"Freedom is my dream\" er trykt p\u00e5 halsetiketten. Dette produkt er lavet af 100 % genanvendeligt materiale.<\/p>\n<p>Tips til udskrivning: Hvis navn og nummer p\u00e5 billedet er pr\u00e6cis det, du \u00f8nsker, beh\u00f8ver du ikke at indtaste dem igen. Hvis ikke, skal du indtaste det \u00f8nskede navn og nummer.<\/p>\n<p>Tips til vask: Det anbefales at vaske fodboldtr\u00f8jer i h\u00e5nden. Hvis du vil bruge vaskemaskinen, skal du huske at vende vrangen ud p\u00e5 fodboldtr\u00f8jerne og derefter vaske dem. Fyld maskinen med koldt vand, og brug et sk\u00e5neprogram for bedre at beskytte farverne.<\/p>","protected":false},"excerpt":{"rendered":"<p>Inspireret af byens glitrende kystlinje skiller Internacional Miami 2024 2025 udebanetr\u00f8jen sig ud med pink detaljer og et b\u00f8lgem\u00f8nster. Den er designet til at give fodboldfans komfort og kombinerer glat stof med fugttransporterende AEROREADY. Holdets motto \"Freedom is my dream\" er trykt p\u00e5 halsetiketten. Dette produkt er lavet af 100 % genanvendeligt materiale.<\/p>","protected":false},"featured_media":21408,"comment_status":"open","ping_status":"closed","template":"","meta":[],"product_brand":[],"product_cat":[569],"product_tag":[20,21,22,1461,24,1467,633],"class_list":{"0":"post-21406","1":"product","2":"type-product","3":"status-publish","4":"has-post-thumbnail","6":"product_cat-inter-miami-kindertrikot","7":"product_tag-coole-fussballtrikots","8":"product_tag-fussballtrikot-fuer-herren","9":"product_tag-fussballtrikot-guenstig-kaufen","10":"product_tag-guenstige-inter-miami-trikot-kinder","11":"product_tag-guenstiges-fussballtrikot","12":"product_tag-inter-miami-auswaertstrikot-2024-25","13":"product_tag-inter-miami-fussballtrikot","15":"first","16":"instock","17":"shipping-taxable","18":"purchasable","19":"product-type-variable"},"_links":{"self":[{"href":"https:\/\/www.billigtrikotde.com\/da\/wp-json\/wp\/v2\/product\/21406","targetHints":{"allow":["GET"]}}],"collection":[{"href":"https:\/\/www.billigtrikotde.com\/da\/wp-json\/wp\/v2\/product"}],"about":[{"href":"https:\/\/www.billigtrikotde.com\/da\/wp-json\/wp\/v2\/types\/product"}],"replies":[{"embeddable":true,"href":"https:\/\/www.billigtrikotde.com\/da\/wp-json\/wp\/v2\/comments?post=21406"}],"wp:featuredmedia":[{"embeddable":true,"href":"https:\/\/www.billigtrikotde.com\/da\/wp-json\/wp\/v2\/media\/21408"}],"wp:attachment":[{"href":"https:\/\/www.billigtrikotde.com\/da\/wp-json\/wp\/v2\/media?parent=21406"}],"wp:term":[{"taxonomy":"product_brand","embeddable":true,"href":"https:\/\/www.billigtrikotde.com\/da\/wp-json\/wp\/v2\/product_brand?post=21406"},{"taxonomy":"product_cat","embeddable":true,"href":"https:\/\/www.billigtrikotde.com\/da\/wp-json\/wp\/v2\/product_cat?post=21406"},{"taxonomy":"product_tag","embeddable":true,"href":"https:\/\/www.billigtrikotde.com\/da\/wp-json\/wp\/v2\/product_tag?post=21406"}],"curies":[{"name":"wp","href":"https:\/\/api.w.org\/{rel}","templated":true}]}}