{"id":21371,"date":"2025-03-23T16:59:58","date_gmt":"2025-03-23T15:59:58","guid":{"rendered":"https:\/\/www.billigtrikotde.com\/?post_type=product&#038;p=21371"},"modified":"2025-04-10T10:43:03","modified_gmt":"2025-04-10T08:43:03","slug":"billige-trikots-kinder-ajax-auswaertstrikot-2024-25-trikot-set","status":"publish","type":"product","link":"https:\/\/www.billigtrikotde.com\/da\/vare\/billige-trikots-kinder-ajax-auswaertstrikot-2024-25-trikot-set\/","title":{"rendered":"Billige Tr\u00f8jer B\u00f8rn Ajax Udebanetr\u00f8je 2024-25 tr\u00f8jes\u00e6t"},"content":{"rendered":"<p><strong>Billige Tr\u00f8jer B\u00f8rn Ajax Udebanetr\u00f8je 2024-25 tr\u00f8jes\u00e6t<\/strong><\/p>\n<p>De billige Ajax-tr\u00f8jer er en hyldest til Ajax' rige historie, samtidig med at de bringer moderne elementer og energi til denne Ajax-tr\u00f8je. Ajax' fodboldtr\u00f8je ligner en bl\u00e5 palet, hvor forskellige nuancer af bl\u00e5, der er dybt forankret i klubbens identitet, er harmonisk sammenflettet. Det virkelige blikfang p\u00e5 denne Ajax-tr\u00f8je er dog den lyse gule farve, som tilf\u00f8jer en dristig og i\u00f8jnefaldende kontrast til det samlede look.<\/p>\n<p>Tips til udskrivning: Hvis navn og nummer p\u00e5 billedet er pr\u00e6cis det, du \u00f8nsker, beh\u00f8ver du ikke at indtaste dem igen. Hvis ikke, skal du indtaste det \u00f8nskede navn og nummer.<\/p>\n<p>Tips til vask: Det anbefales at vaske fodboldtr\u00f8jer i h\u00e5nden. Hvis du vil bruge vaskemaskinen, skal du huske at vende vrangen ud p\u00e5 fodboldtr\u00f8jerne og derefter vaske dem. Fyld maskinen med koldt vand, og brug et sk\u00e5neprogram for bedre at beskytte farverne.<\/p>","protected":false},"excerpt":{"rendered":"<p>Billige Trikots Kinder Ajax Ausw\u00e4rtstrikot 2024-25 trikot set Die Billige Trikots von Ajax sind eine Hommage an die reiche Geschichte von Ajax und bringen gleichzeitig moderne Elemente und Energie in dieses Ajax-Trikot ein. Das Trikot der Ajax-Fu\u00dfballmannschaft sieht aus wie eine blaue Palette, in der verschiedene Blaut\u00f6ne, die tief in der Identit\u00e4t des Vereins verwurzelt [&hellip;]<\/p>","protected":false},"featured_media":21373,"comment_status":"open","ping_status":"closed","template":"","meta":[],"product_brand":[],"product_cat":[680],"product_tag":[1372,681,682,1456,301,20,22,23,24],"class_list":{"0":"post-21371","1":"product","2":"type-product","3":"status-publish","4":"has-post-thumbnail","6":"product_cat-ajax-kindertrikot","7":"product_tag-ajax-amsterdam-trikot","8":"product_tag-ajax-fussballtrikots-kinder-mit-eigenem-namen","9":"product_tag-ajax-trikot-fuer-kinder","10":"product_tag-ajax-trikot-kinder","11":"product_tag-ajax-trikots","12":"product_tag-coole-fussballtrikots","13":"product_tag-fussballtrikot-guenstig-kaufen","14":"product_tag-fussballtrikot-kurzarm","15":"product_tag-guenstiges-fussballtrikot","17":"first","18":"instock","19":"shipping-taxable","20":"purchasable","21":"product-type-variable"},"_links":{"self":[{"href":"https:\/\/www.billigtrikotde.com\/da\/wp-json\/wp\/v2\/product\/21371","targetHints":{"allow":["GET"]}}],"collection":[{"href":"https:\/\/www.billigtrikotde.com\/da\/wp-json\/wp\/v2\/product"}],"about":[{"href":"https:\/\/www.billigtrikotde.com\/da\/wp-json\/wp\/v2\/types\/product"}],"replies":[{"embeddable":true,"href":"https:\/\/www.billigtrikotde.com\/da\/wp-json\/wp\/v2\/comments?post=21371"}],"wp:featuredmedia":[{"embeddable":true,"href":"https:\/\/www.billigtrikotde.com\/da\/wp-json\/wp\/v2\/media\/21373"}],"wp:attachment":[{"href":"https:\/\/www.billigtrikotde.com\/da\/wp-json\/wp\/v2\/media?parent=21371"}],"wp:term":[{"taxonomy":"product_brand","embeddable":true,"href":"https:\/\/www.billigtrikotde.com\/da\/wp-json\/wp\/v2\/product_brand?post=21371"},{"taxonomy":"product_cat","embeddable":true,"href":"https:\/\/www.billigtrikotde.com\/da\/wp-json\/wp\/v2\/product_cat?post=21371"},{"taxonomy":"product_tag","embeddable":true,"href":"https:\/\/www.billigtrikotde.com\/da\/wp-json\/wp\/v2\/product_tag?post=21371"}],"curies":[{"name":"wp","href":"https:\/\/api.w.org\/{rel}","templated":true}]}}