{"id":21362,"date":"2025-03-23T16:45:13","date_gmt":"2025-03-23T15:45:13","guid":{"rendered":"https:\/\/www.billigtrikotde.com\/?post_type=product&#038;p=21362"},"modified":"2025-03-23T17:04:42","modified_gmt":"2025-03-23T16:04:42","slug":"guenstige-kindertrikots-ajax-auswaertstrikot-2024-25-brian-brobbey-9","status":"publish","type":"product","link":"https:\/\/www.billigtrikotde.com\/da\/vare\/guenstige-kindertrikots-ajax-auswaertstrikot-2024-25-brian-brobbey-9\/","title":{"rendered":"Billige B\u00f8rnetr\u00f8jer Ajax Udebanetr\u00f8je 2024-25 Brian Brobbey 9"},"content":{"rendered":"<p><strong>Billige B\u00f8rnetr\u00f8jer Ajax Udebanetr\u00f8je 2024-25 Brian Brobbey 9<\/strong><\/p>\n<p>De billige Ajax-tr\u00f8jer er en hyldest til Ajax' rige historie, samtidig med at de bringer moderne elementer og energi til denne Ajax-tr\u00f8je. Ajax' fodboldtr\u00f8je ligner en bl\u00e5 palet, hvor forskellige nuancer af bl\u00e5, der er dybt forankret i klubbens identitet, er harmonisk sammenflettet. Det virkelige blikfang p\u00e5 denne Ajax-tr\u00f8je er dog den lyse gule farve, som tilf\u00f8jer en dristig og i\u00f8jnefaldende kontrast til det samlede look.<\/p>\n<p>Tips til udskrivning: Hvis navn og nummer p\u00e5 billedet er pr\u00e6cis det, du \u00f8nsker, beh\u00f8ver du ikke at indtaste dem igen. Hvis ikke, skal du indtaste det \u00f8nskede navn og nummer.<\/p>\n<p>Tips til vask: Det anbefales at vaske fodboldtr\u00f8jer i h\u00e5nden. Hvis du vil bruge vaskemaskinen, skal du huske at vende vrangen ud p\u00e5 fodboldtr\u00f8jerne og derefter vaske dem. Fyld maskinen med koldt vand, og brug et sk\u00e5neprogram for bedre at beskytte farverne.<\/p>","protected":false},"excerpt":{"rendered":"<p>Billige b\u00f8rne tr\u00f8jer Ajax udebanetr\u00f8je 2024-25 Jordan Henderson 6 Billige tr\u00f8jer til Ajax er en hyldest til Ajaxens rige historie og bringer samtidig moderne elementer og energi ind i denne Ajax-tr\u00f8je. Ajax-fodboldholdets tr\u00f8je ser ud som en bl\u00e5 palet, hvor forskellige bl\u00e5 nuancer er dybt rodf\u00e6stede i holdets identitet [\u2026]<\/p>","protected":false},"featured_media":21366,"comment_status":"open","ping_status":"closed","template":"","meta":[],"product_brand":[],"product_cat":[680],"product_tag":[1372,681,682,1456,301,20,1457,22,23,24],"class_list":{"0":"post-21362","1":"product","2":"type-product","3":"status-publish","4":"has-post-thumbnail","6":"product_cat-ajax-kindertrikot","7":"product_tag-ajax-amsterdam-trikot","8":"product_tag-ajax-fussballtrikots-kinder-mit-eigenem-namen","9":"product_tag-ajax-trikot-fuer-kinder","10":"product_tag-ajax-trikot-kinder","11":"product_tag-ajax-trikots","12":"product_tag-coole-fussballtrikots","13":"product_tag-brian-brobbey-trikots","14":"product_tag-fussballtrikot-guenstig-kaufen","15":"product_tag-fussballtrikot-kurzarm","16":"product_tag-guenstiges-fussballtrikot","18":"first","19":"instock","20":"shipping-taxable","21":"purchasable","22":"product-type-variable"},"_links":{"self":[{"href":"https:\/\/www.billigtrikotde.com\/da\/wp-json\/wp\/v2\/product\/21362","targetHints":{"allow":["GET"]}}],"collection":[{"href":"https:\/\/www.billigtrikotde.com\/da\/wp-json\/wp\/v2\/product"}],"about":[{"href":"https:\/\/www.billigtrikotde.com\/da\/wp-json\/wp\/v2\/types\/product"}],"replies":[{"embeddable":true,"href":"https:\/\/www.billigtrikotde.com\/da\/wp-json\/wp\/v2\/comments?post=21362"}],"wp:featuredmedia":[{"embeddable":true,"href":"https:\/\/www.billigtrikotde.com\/da\/wp-json\/wp\/v2\/media\/21366"}],"wp:attachment":[{"href":"https:\/\/www.billigtrikotde.com\/da\/wp-json\/wp\/v2\/media?parent=21362"}],"wp:term":[{"taxonomy":"product_brand","embeddable":true,"href":"https:\/\/www.billigtrikotde.com\/da\/wp-json\/wp\/v2\/product_brand?post=21362"},{"taxonomy":"product_cat","embeddable":true,"href":"https:\/\/www.billigtrikotde.com\/da\/wp-json\/wp\/v2\/product_cat?post=21362"},{"taxonomy":"product_tag","embeddable":true,"href":"https:\/\/www.billigtrikotde.com\/da\/wp-json\/wp\/v2\/product_tag?post=21362"}],"curies":[{"name":"wp","href":"https:\/\/api.w.org\/{rel}","templated":true}]}}