{"id":21227,"date":"2025-06-04T15:38:58","date_gmt":"2025-06-04T13:38:58","guid":{"rendered":"https:\/\/www.billigtrikotde.com\/?post_type=product&#038;p=21227"},"modified":"2025-06-11T13:56:15","modified_gmt":"2025-06-11T11:56:15","slug":"kinder-fussball-trikot-arsenal-heimtrikot-2024-25-mit-namen-raheem-sterling-30","status":"publish","type":"product","link":"https:\/\/www.billigtrikotde.com\/da\/vare\/kinder-fussball-trikot-arsenal-heimtrikot-2024-25-mit-namen-raheem-sterling-30\/","title":{"rendered":"Arsenal Raheem Sterling #30 Hjemmet\u00f8j B\u00f8rn 2024-25 Kort\u00e6rmet (+ korte bukser)"},"content":{"rendered":"<h3>B\u00f8rne fodboldtr\u00f8je Arsenal hjemme tr\u00f8je 2024-25 med navn Raheem Sterling 30<\/h3>\n<p>Arsenals hjemmebanetr\u00f8je 2024-2025 kombinerer klubbens klassiske r\u00f8de hovedfarve med hvide logoer og m\u00f8rkebl\u00e5 designelementer. Med hensyn til design er Arsenal 2024-25-hjemmetr\u00f8jen ret enkel. Den er baseret p\u00e5 den nye 2024-25-skabelon og har unikke sidemarkeringer, i dette tilf\u00e6lde i bl\u00e5t.<\/p>\n<p>Tips til udskrivning: Hvis navn og nummer p\u00e5 billedet er pr\u00e6cis det, du \u00f8nsker, beh\u00f8ver du ikke at indtaste dem igen. Hvis ikke, skal du indtaste det \u00f8nskede navn og nummer.<\/p>\n<p>Tips til vask: Det anbefales at vaske fodboldtr\u00f8jer i h\u00e5nden. Hvis du vil bruge vaskemaskinen, skal du huske at vende vrangen ud p\u00e5 fodboldtr\u00f8jerne og derefter vaske dem. Fyld maskinen med koldt vand, og brug et sk\u00e5neprogram for bedre at beskytte farverne.<\/p>","protected":false},"excerpt":{"rendered":"<p>Kinder Fu\u00dfball Trikot Arsenal Heimtrikot 2024-25 mit Namen Raheem Sterling 30 Das Arsenal Heimtrikot 2024-2025 kombiniert die klassische rote Hauptfarbe des Vereins mit wei\u00dfen Logos und dunkelblauen Designelementen. In Bezug auf das Design ist das Arsenal 2024-25 Heimtrikot recht schlicht. Es basiert auf der neuen Vorlage 2024\u201325 und verf\u00fcgt \u00fcber einzigartige Seitenmarkierungen, in diesem Fall [\u2026]<\/p>","protected":false},"featured_media":21229,"comment_status":"open","ping_status":"closed","template":"","meta":[],"product_brand":[],"product_cat":[167],"product_tag":[1519,1520,1521],"class_list":{"0":"post-21227","1":"product","2":"type-product","3":"status-publish","4":"has-post-thumbnail","6":"product_cat-arsenal-kindertrikot","7":"product_tag-guenstige-raheem-sterling-trikot-kinder","8":"product_tag-raheem-sterling-trikot-kinder-kaufen","9":"product_tag-raheem-sterling-trikots","11":"first","12":"instock","13":"shipping-taxable","14":"purchasable","15":"product-type-variable"},"_links":{"self":[{"href":"https:\/\/www.billigtrikotde.com\/da\/wp-json\/wp\/v2\/product\/21227","targetHints":{"allow":["GET"]}}],"collection":[{"href":"https:\/\/www.billigtrikotde.com\/da\/wp-json\/wp\/v2\/product"}],"about":[{"href":"https:\/\/www.billigtrikotde.com\/da\/wp-json\/wp\/v2\/types\/product"}],"replies":[{"embeddable":true,"href":"https:\/\/www.billigtrikotde.com\/da\/wp-json\/wp\/v2\/comments?post=21227"}],"wp:featuredmedia":[{"embeddable":true,"href":"https:\/\/www.billigtrikotde.com\/da\/wp-json\/wp\/v2\/media\/21229"}],"wp:attachment":[{"href":"https:\/\/www.billigtrikotde.com\/da\/wp-json\/wp\/v2\/media?parent=21227"}],"wp:term":[{"taxonomy":"product_brand","embeddable":true,"href":"https:\/\/www.billigtrikotde.com\/da\/wp-json\/wp\/v2\/product_brand?post=21227"},{"taxonomy":"product_cat","embeddable":true,"href":"https:\/\/www.billigtrikotde.com\/da\/wp-json\/wp\/v2\/product_cat?post=21227"},{"taxonomy":"product_tag","embeddable":true,"href":"https:\/\/www.billigtrikotde.com\/da\/wp-json\/wp\/v2\/product_tag?post=21227"}],"curies":[{"name":"wp","href":"https:\/\/api.w.org\/{rel}","templated":true}]}}