{"id":21038,"date":"2025-03-10T14:27:38","date_gmt":"2025-03-10T13:27:38","guid":{"rendered":"https:\/\/www.billigtrikotde.com\/?post_type=product&#038;p=21038"},"modified":"2025-03-10T14:27:41","modified_gmt":"2025-03-10T13:27:41","slug":"kinder-ac-milan-heimtrikot-2024-25-trikotsatz-kit-mit-rafael-leao-10","status":"publish","type":"product","link":"https:\/\/www.billigtrikotde.com\/da\/vare\/kinder-ac-milan-heimtrikot-2024-25-trikotsatz-kit-mit-rafael-leao-10\/","title":{"rendered":"AC Milan hjemmebanetr\u00f8je 2024-25 s\u00e6t til b\u00f8rn med Rafael Leao 10"},"content":{"rendered":"<p>Efter sidste s\u00e6sons eksperimenterende tr\u00f8jedesign vender den nye AC Milan 24-25 hjemmebanetr\u00f8je tilbage til et klassisk design. Tr\u00f8jen har de r\u00f8de og sorte striber og klubbens hvide logo. Inden for den r\u00f8de stribe er der et meget subtilt design, som kan knyttes til klubbens 125-\u00e5rs jubil\u00e6um. Milan blev grundlagt i 1899, for 125 \u00e5r siden.<\/p>\n<p>Tips til udskrivning: Hvis navn og nummer p\u00e5 billedet er pr\u00e6cis det, du \u00f8nsker, beh\u00f8ver du ikke at indtaste dem igen. Hvis ikke, skal du indtaste det \u00f8nskede navn og nummer.<\/p>\n<p>Tips til vask: Det anbefales at vaske fodboldtr\u00f8jer i h\u00e5nden. Hvis du vil bruge vaskemaskinen, skal du huske at vende vrangen ud p\u00e5 fodboldtr\u00f8jerne og derefter vaske dem. Fyld maskinen med koldt vand, og brug et sk\u00e5neprogram for bedre at beskytte farverne.<\/p>","protected":false},"excerpt":{"rendered":"<p>Nach dem experimentellen Trikotdesign der letzten Saison kehrt das neue AC Mailand 24-25 Heimtrikot zu einem klassischen Design zur\u00fcck. Das Trikot weist die roten und schwarzen Streifen und das wei\u00dfe Logo des Vereins auf. Innerhalb des roten Streifens befindet sich ein sehr dezentes Design, das mit dem 125-j\u00e4hrigen Jubil\u00e4um des Clubs in Verbindung stehen k\u00f6nnte. [&hellip;]<\/p>","protected":false},"featured_media":21040,"comment_status":"open","ping_status":"closed","template":"","meta":[],"product_brand":[],"product_cat":[92],"product_tag":[630,631,93,20,574,1415,24,1416,94,1424],"class_list":{"0":"post-21038","1":"product","2":"type-product","3":"status-publish","4":"has-post-thumbnail","6":"product_cat-ac-mailand-kindertrikot","7":"product_tag-ac-milan-fussballtrikots-kinder","8":"product_tag-ac-milan-trikot-fuer-kinder","9":"product_tag-ac-milan-trikotsatz-fuer-kinder","10":"product_tag-coole-fussballtrikots","11":"product_tag-fussballtrikot-deutschland","12":"product_tag-fussballtrikots-set","13":"product_tag-guenstiges-fussballtrikot","14":"product_tag-kinder-ac-milan-trikot","15":"product_tag-kinder-fussball-trikotsatz","16":"product_tag-rafael-leao-trikot","18":"first","19":"instock","20":"shipping-taxable","21":"purchasable","22":"product-type-variable"},"_links":{"self":[{"href":"https:\/\/www.billigtrikotde.com\/da\/wp-json\/wp\/v2\/product\/21038","targetHints":{"allow":["GET"]}}],"collection":[{"href":"https:\/\/www.billigtrikotde.com\/da\/wp-json\/wp\/v2\/product"}],"about":[{"href":"https:\/\/www.billigtrikotde.com\/da\/wp-json\/wp\/v2\/types\/product"}],"replies":[{"embeddable":true,"href":"https:\/\/www.billigtrikotde.com\/da\/wp-json\/wp\/v2\/comments?post=21038"}],"wp:featuredmedia":[{"embeddable":true,"href":"https:\/\/www.billigtrikotde.com\/da\/wp-json\/wp\/v2\/media\/21040"}],"wp:attachment":[{"href":"https:\/\/www.billigtrikotde.com\/da\/wp-json\/wp\/v2\/media?parent=21038"}],"wp:term":[{"taxonomy":"product_brand","embeddable":true,"href":"https:\/\/www.billigtrikotde.com\/da\/wp-json\/wp\/v2\/product_brand?post=21038"},{"taxonomy":"product_cat","embeddable":true,"href":"https:\/\/www.billigtrikotde.com\/da\/wp-json\/wp\/v2\/product_cat?post=21038"},{"taxonomy":"product_tag","embeddable":true,"href":"https:\/\/www.billigtrikotde.com\/da\/wp-json\/wp\/v2\/product_tag?post=21038"}],"curies":[{"name":"wp","href":"https:\/\/api.w.org\/{rel}","templated":true}]}}