{"id":2099,"date":"2024-10-23T13:59:53","date_gmt":"2024-10-23T11:59:53","guid":{"rendered":"http:\/\/billigtrikots.com\/?post_type=product&#038;p=2099"},"modified":"2024-10-23T14:01:25","modified_gmt":"2024-10-23T12:01:25","slug":"inter-mailand-stadium-auswaertstrikot-2022-weiss-blau-mit-aufdruck-eriksen-24","status":"publish","type":"product","link":"https:\/\/www.billigtrikotde.com\/da\/vare\/inter-mailand-stadium-auswaertstrikot-2022-weiss-blau-mit-aufdruck-eriksen-24\/","title":{"rendered":"Inter Mailand Stadium Ausw\u00e4rtstrikot 2022 wei\u00df\/blau mit Aufdruck Eriksen 24"},"content":{"rendered":"<p>St\u00f8t Nerazzurri med Nike Inter Mailand 21\/22 Stadion udebanetr\u00f8je, en fansversion af tr\u00f8jen, der b\u00e6res af professionelle, med en lidt l\u00f8sere pasform.<\/p>\n<p>Den specielt designede Nike Inter Mailand 21\/22 Stadion udebanetr\u00f8je er lavet af let Nike Breathe-materiale, der holder dig k\u00f8lig og komfortabel, uanset om du efterligner dine helte under kampen eller hepper p\u00e5 dem fra tilskuerpladserne.<\/p>\n<p>Inter Mailand 21\/22 udebanetr\u00f8je fejrer klubbens nye visuelle identitet og tilbyder ud over det nyt designede \u201eIM\u201c-logo en h\u00e5ndtegnet Biscione-slangegrafik, der minder om den klassiske tr\u00f8je fra 10\/11 og symboliserer overgangen fra en \u00e6ra til en anden.<\/p>\n<p>Tips til udskrivning: Hvis navn og nummer p\u00e5 billedet er pr\u00e6cis det, du \u00f8nsker, beh\u00f8ver du ikke at indtaste dem igen. Hvis ikke, skal du indtaste det \u00f8nskede navn og nummer.<\/p>\n<p>Tips til vask: Det anbefales at vaske fodboldtr\u00f8jer i h\u00e5nden. Hvis du vil bruge vaskemaskinen, skal du huske at vende vrangen ud p\u00e5 fodboldtr\u00f8jerne og derefter vaske dem. Fyld maskinen med koldt vand, og brug et sk\u00e5neprogram for bedre at beskytte farverne.<\/p>","protected":false},"excerpt":{"rendered":"<p>St\u00f8t Nerazzurri med Nike Inter Mailand 21\/22 Stadion Udebanetr\u00f8je, en fansversion af tr\u00f8jen, som spillerne har p\u00e5, med en lidt l\u00f8sere pasform. Den specielt designet til fans Nike Inter Mailand 21\/22 Stadion Udebanetr\u00f8je er lavet af let Nike Breathe-materiale, der holder dig k\u00f8lig og komfortabel, uanset om du hepper p\u00e5 dine helte ved [...]<\/p>","protected":false},"featured_media":2130,"comment_status":"open","ping_status":"closed","template":"","meta":[],"product_brand":[],"product_cat":[77],"product_tag":[20,21,22,23,24,79,78],"class_list":{"0":"post-2099","1":"product","2":"type-product","3":"status-publish","4":"has-post-thumbnail","6":"product_cat-inter-milan","7":"product_tag-coole-fussballtrikots","8":"product_tag-fussballtrikot-fuer-herren","9":"product_tag-fussballtrikot-guenstig-kaufen","10":"product_tag-fussballtrikot-kurzarm","11":"product_tag-guenstiges-fussballtrikot","12":"product_tag-inter-milan-auswaertstrikot","13":"product_tag-inter-milan-trikots","15":"first","16":"instock","17":"shipping-taxable","18":"purchasable","19":"product-type-variable"},"_links":{"self":[{"href":"https:\/\/www.billigtrikotde.com\/da\/wp-json\/wp\/v2\/product\/2099","targetHints":{"allow":["GET"]}}],"collection":[{"href":"https:\/\/www.billigtrikotde.com\/da\/wp-json\/wp\/v2\/product"}],"about":[{"href":"https:\/\/www.billigtrikotde.com\/da\/wp-json\/wp\/v2\/types\/product"}],"replies":[{"embeddable":true,"href":"https:\/\/www.billigtrikotde.com\/da\/wp-json\/wp\/v2\/comments?post=2099"}],"wp:featuredmedia":[{"embeddable":true,"href":"https:\/\/www.billigtrikotde.com\/da\/wp-json\/wp\/v2\/media\/2130"}],"wp:attachment":[{"href":"https:\/\/www.billigtrikotde.com\/da\/wp-json\/wp\/v2\/media?parent=2099"}],"wp:term":[{"taxonomy":"product_brand","embeddable":true,"href":"https:\/\/www.billigtrikotde.com\/da\/wp-json\/wp\/v2\/product_brand?post=2099"},{"taxonomy":"product_cat","embeddable":true,"href":"https:\/\/www.billigtrikotde.com\/da\/wp-json\/wp\/v2\/product_cat?post=2099"},{"taxonomy":"product_tag","embeddable":true,"href":"https:\/\/www.billigtrikotde.com\/da\/wp-json\/wp\/v2\/product_tag?post=2099"}],"curies":[{"name":"wp","href":"https:\/\/api.w.org\/{rel}","templated":true}]}}