{"id":20897,"date":"2025-03-06T14:27:23","date_gmt":"2025-03-06T13:27:23","guid":{"rendered":"https:\/\/www.billigtrikotde.com\/?post_type=product&#038;p=20897"},"modified":"2025-03-06T14:52:29","modified_gmt":"2025-03-06T13:52:29","slug":"billige-trikots-kinder-ac-milan-auswaerts-trikotsatz-2024-25-alvaro-morata-7","status":"publish","type":"product","link":"https:\/\/www.billigtrikotde.com\/da\/vare\/billige-trikots-kinder-ac-milan-auswaerts-trikotsatz-2024-25-alvaro-morata-7\/","title":{"rendered":"Billige b\u00f8rnetr\u00f8jer AC Milan Udebanes\u00e6t 2024-25 Alvaro Morata 7"},"content":{"rendered":"<p>Den hvide udebustr\u00f8je tager den klassiske farvepalet fra AC Milan og pr\u00e6senterer et nyt look til s\u00e6sonen 24\/25. Den hvide tr\u00f8je har et beskedent m\u00f8nster med lodrette striber. Krave og manchetter er udstyret med r\u00f8de og sorte detaljer, og et sort logo fuldender designet. Der er et AC Milan-crest trykt med silikone og to varmeoverf\u00f8rte sponsorlogoer.<\/p>\n<p>Dette er en kort\u00e6rmet, ribstrikket udebustr\u00f8je med rund hals, der passer perfekt til kampe for AC Milan og til hverdagen. Tr\u00f8jen f\u00e5s i voksenst\u00f8rrelserne S\u20132XL og er standard indstillet til optimal komfort p\u00e5 og uden for banen. Denne T-shirt i let polyester er \u00e5ndbar og har Duracell-svedledende teknologi, som holder dig k\u00f8lig og t\u00f8r.<\/p>\n<p>Tips til udskrivning: Hvis navn og nummer p\u00e5 billedet er pr\u00e6cis det, du \u00f8nsker, beh\u00f8ver du ikke at indtaste dem igen. Hvis ikke, skal du indtaste det \u00f8nskede navn og nummer.<\/p>\n<p>Tips til vask: Det anbefales at vaske fodboldtr\u00f8jer i h\u00e5nden. Hvis du vil bruge vaskemaskinen, skal du huske at vende vrangen ud p\u00e5 fodboldtr\u00f8jerne og derefter vaske dem. Fyld maskinen med koldt vand, og brug et sk\u00e5neprogram for bedre at beskytte farverne.<\/p>","protected":false},"excerpt":{"rendered":"<p>Das wei\u00dfe Ausw\u00e4rtstrikot greift das klassische Farbdesign des AC Mailand auf und pr\u00e4sentiert einen neuen Look f\u00fcr die Saison 24\/25. Das wei\u00dfe Trikot weist ein dezentes Muster mit vertikalen Streifen auf. Der Kragen und die Manschetten sind mit roten und schwarzen Verzierungen versehen, und ein schwarzes Logo rundet das Design ab. Es gibt ein mit [&hellip;]<\/p>","protected":false},"featured_media":20899,"comment_status":"open","ping_status":"closed","template":"","meta":[],"product_brand":[],"product_cat":[92],"product_tag":[630,631,93,20,574,1415,24,1416,94],"class_list":{"0":"post-20897","1":"product","2":"type-product","3":"status-publish","4":"has-post-thumbnail","6":"product_cat-ac-mailand-kindertrikot","7":"product_tag-ac-milan-fussballtrikots-kinder","8":"product_tag-ac-milan-trikot-fuer-kinder","9":"product_tag-ac-milan-trikotsatz-fuer-kinder","10":"product_tag-coole-fussballtrikots","11":"product_tag-fussballtrikot-deutschland","12":"product_tag-fussballtrikots-set","13":"product_tag-guenstiges-fussballtrikot","14":"product_tag-kinder-ac-milan-trikot","15":"product_tag-kinder-fussball-trikotsatz","17":"first","18":"instock","19":"shipping-taxable","20":"purchasable","21":"product-type-variable"},"_links":{"self":[{"href":"https:\/\/www.billigtrikotde.com\/da\/wp-json\/wp\/v2\/product\/20897","targetHints":{"allow":["GET"]}}],"collection":[{"href":"https:\/\/www.billigtrikotde.com\/da\/wp-json\/wp\/v2\/product"}],"about":[{"href":"https:\/\/www.billigtrikotde.com\/da\/wp-json\/wp\/v2\/types\/product"}],"replies":[{"embeddable":true,"href":"https:\/\/www.billigtrikotde.com\/da\/wp-json\/wp\/v2\/comments?post=20897"}],"wp:featuredmedia":[{"embeddable":true,"href":"https:\/\/www.billigtrikotde.com\/da\/wp-json\/wp\/v2\/media\/20899"}],"wp:attachment":[{"href":"https:\/\/www.billigtrikotde.com\/da\/wp-json\/wp\/v2\/media?parent=20897"}],"wp:term":[{"taxonomy":"product_brand","embeddable":true,"href":"https:\/\/www.billigtrikotde.com\/da\/wp-json\/wp\/v2\/product_brand?post=20897"},{"taxonomy":"product_cat","embeddable":true,"href":"https:\/\/www.billigtrikotde.com\/da\/wp-json\/wp\/v2\/product_cat?post=20897"},{"taxonomy":"product_tag","embeddable":true,"href":"https:\/\/www.billigtrikotde.com\/da\/wp-json\/wp\/v2\/product_tag?post=20897"}],"curies":[{"name":"wp","href":"https:\/\/api.w.org\/{rel}","templated":true}]}}