{"id":20857,"date":"2025-03-01T13:50:28","date_gmt":"2025-03-01T12:50:28","guid":{"rendered":"https:\/\/www.billigtrikotde.com\/?post_type=product&#038;p=20857"},"modified":"2025-03-01T14:06:34","modified_gmt":"2025-03-01T13:06:34","slug":"fussballtrikot-kaufen-kinder-ac-milan-3rd-trikot-2024-25-trikotsatz-theo-hernandez-19","status":"publish","type":"product","link":"https:\/\/www.billigtrikotde.com\/da\/vare\/fussballtrikot-kaufen-kinder-ac-milan-3rd-trikot-2024-25-trikotsatz-theo-hernandez-19\/","title":{"rendered":"Fodboldtr\u00f8je K\u00f8b B\u00f8rn AC Milan 3. tr\u00f8je 2024-25 Kit Theo Hernandez 19"},"content":{"rendered":"<p>AC Milans tredjetr\u00f8je for s\u00e6sonen 2024\/25 afviger fra det klassiske r\u00f8de og sorte farveskema. M\u00f8rkegr\u00e5 er hovedfarven, og detaljerne i frisk mintgr\u00f8n, herunder det monokrome klubm\u00e6rke, manchetterne og kraven, er i frisk mintgr\u00f8n. Derudover tilf\u00f8jer detaljerne i druet\u00e5ge p\u00e5 kraven et subtilt og sofistikeret touch og afspejler Milans fremadrettede \u00e5nd.<\/p>\n<p>Tips til udskrivning: Hvis navn og nummer p\u00e5 billedet er pr\u00e6cis det, du \u00f8nsker, beh\u00f8ver du ikke at indtaste dem igen. Hvis ikke, skal du indtaste det \u00f8nskede navn og nummer.<\/p>\n<p>Tips til vask: Det anbefales at vaske fodboldtr\u00f8jer i h\u00e5nden. Hvis du vil bruge vaskemaskinen, skal du huske at vende vrangen ud p\u00e5 fodboldtr\u00f8jerne og derefter vaske dem. Fyld maskinen med koldt vand, og brug et sk\u00e5neprogram for bedre at beskytte farverne.<\/p>","protected":false},"excerpt":{"rendered":"<p>Das dritte Trikot des AC Mailand f\u00fcr die Saison 2024\/25 weicht vom klassischen Farbschema aus Rot und Schwarz ab. Dunkelgrau ist die Hauptfarbe und die Details in frischem Mintgr\u00fcn, darunter das einfarbige Vereinsabzeichen, die Manschetten und der Kragen, sind in frischem Mintgr\u00fcn gehalten. Dar\u00fcber hinaus verleihen die Details in Grape Mist am Kragen eine subtile [&hellip;]<\/p>","protected":false},"featured_media":20859,"comment_status":"open","ping_status":"closed","template":"","meta":[],"product_brand":[],"product_cat":[92],"product_tag":[630,631,93,20,574,1415,24,1416,94,1423],"class_list":{"0":"post-20857","1":"product","2":"type-product","3":"status-publish","4":"has-post-thumbnail","6":"product_cat-ac-mailand-kindertrikot","7":"product_tag-ac-milan-fussballtrikots-kinder","8":"product_tag-ac-milan-trikot-fuer-kinder","9":"product_tag-ac-milan-trikotsatz-fuer-kinder","10":"product_tag-coole-fussballtrikots","11":"product_tag-fussballtrikot-deutschland","12":"product_tag-fussballtrikots-set","13":"product_tag-guenstiges-fussballtrikot","14":"product_tag-kinder-ac-milan-trikot","15":"product_tag-kinder-fussball-trikotsatz","16":"product_tag-theo-hernandez-trikot","18":"first","19":"instock","20":"shipping-taxable","21":"purchasable","22":"product-type-variable"},"_links":{"self":[{"href":"https:\/\/www.billigtrikotde.com\/da\/wp-json\/wp\/v2\/product\/20857","targetHints":{"allow":["GET"]}}],"collection":[{"href":"https:\/\/www.billigtrikotde.com\/da\/wp-json\/wp\/v2\/product"}],"about":[{"href":"https:\/\/www.billigtrikotde.com\/da\/wp-json\/wp\/v2\/types\/product"}],"replies":[{"embeddable":true,"href":"https:\/\/www.billigtrikotde.com\/da\/wp-json\/wp\/v2\/comments?post=20857"}],"wp:featuredmedia":[{"embeddable":true,"href":"https:\/\/www.billigtrikotde.com\/da\/wp-json\/wp\/v2\/media\/20859"}],"wp:attachment":[{"href":"https:\/\/www.billigtrikotde.com\/da\/wp-json\/wp\/v2\/media?parent=20857"}],"wp:term":[{"taxonomy":"product_brand","embeddable":true,"href":"https:\/\/www.billigtrikotde.com\/da\/wp-json\/wp\/v2\/product_brand?post=20857"},{"taxonomy":"product_cat","embeddable":true,"href":"https:\/\/www.billigtrikotde.com\/da\/wp-json\/wp\/v2\/product_cat?post=20857"},{"taxonomy":"product_tag","embeddable":true,"href":"https:\/\/www.billigtrikotde.com\/da\/wp-json\/wp\/v2\/product_tag?post=20857"}],"curies":[{"name":"wp","href":"https:\/\/api.w.org\/{rel}","templated":true}]}}