{"id":20807,"date":"2025-02-21T13:54:26","date_gmt":"2025-02-21T12:54:26","guid":{"rendered":"https:\/\/www.billigtrikotde.com\/?post_type=product&#038;p=20807"},"modified":"2025-03-01T09:18:58","modified_gmt":"2025-03-01T08:18:58","slug":"guenstige-chelsea-fussballtrikots-kinder-auswaerts-trikotsatz-2024-25-nicolas-jackson-15","status":"publish","type":"product","link":"https:\/\/www.billigtrikotde.com\/da\/vare\/guenstige-chelsea-fussballtrikots-kinder-auswaerts-trikotsatz-2024-25-nicolas-jackson-15\/","title":{"rendered":"Billige Chelsea fodboldtr\u00f8jer B\u00f8rn Udebanes\u00e6t 2024-25 Nicolas Jackson 15"},"content":{"rendered":"<p>Temaet 'Blue Blame' p\u00e5 denne Chelsea FC 24\/25 hjemmebanetr\u00f8je er ogs\u00e5 gengivet p\u00e5 udebanetr\u00f8jen og understreger klubbens f\u00e6lles ambition, br\u00e6ndende passion og vilje til at lykkes. Den markante orange accentfarve symboliserer ild og repr\u00e6senterer den f\u00e6lles drivkraft hos alle, der er forbundet med Chelsea, b\u00e5de p\u00e5 og uden for banen. Sloganet \"Together, We Burn Blue\" indkapsler denne etos og afspejler det sammenhold og den intensitet, som klubben \u00f8nsker at bringe til den nye s\u00e6son. Chelsea udebanetr\u00f8jen 2024\/25 har et skr\u00e6ddersyet v\u00e5benskjold, der fremh\u00e6ver de orange toner fra klubbens tidligere tr\u00f8jer p\u00e5 en moderne m\u00e5de. Dette skr\u00e6ddersyede element understreger klubbens engagement i innovation og respekt for dens arv.<\/p>\n<p>Tips til udskrivning: Hvis navn og nummer p\u00e5 billedet er pr\u00e6cis det, du \u00f8nsker, beh\u00f8ver du ikke at indtaste dem igen. Hvis ikke, skal du indtaste det \u00f8nskede navn og nummer.<\/p>\n<p>Tips til vask: Det anbefales at vaske fodboldtr\u00f8jer i h\u00e5nden. Hvis du vil bruge vaskemaskinen, skal du huske at vende vrangen ud p\u00e5 fodboldtr\u00f8jerne og derefter vaske dem. Fyld maskinen med koldt vand, og brug et sk\u00e5neprogram for bedre at beskytte farverne.<\/p>","protected":false},"excerpt":{"rendered":"<p>Das \u201eBlue Blame\u201c-Thema dieses Heimtrikots 24\/25 des FC Chelsea wird auch auf dem Ausw\u00e4rtstrikot wiedergegeben und unterstreicht den gemeinsamen Ehrgeiz, die brennende Leidenschaft und die Entschlossenheit des Vereins, erfolgreich zu sein. Die auff\u00e4llige orange Akzentfarbe symbolisiert Feuer und repr\u00e4sentiert den gemeinsamen Antrieb aller, die mit Chelsea verbunden sind, sowohl auf als auch neben dem Spielfeld. [&hellip;]<\/p>","protected":false},"featured_media":20809,"comment_status":"open","ping_status":"closed","template":"","meta":[],"product_brand":[],"product_cat":[162],"product_tag":[20,1280,831,832,163,24,94,1412],"class_list":{"0":"post-20807","1":"product","2":"type-product","3":"status-publish","4":"has-post-thumbnail","6":"product_cat-chelsea-kindertrikot","7":"product_tag-coole-fussballtrikots","8":"product_tag-chelsea-fc-24-25-trikot","9":"product_tag-chelsea-fussballtrikots-kinder","10":"product_tag-chelsea-trikot-fuer-kinder","11":"product_tag-chelsea-trikotsatz-fuer-kinder","12":"product_tag-guenstiges-fussballtrikot","13":"product_tag-kinder-fussball-trikotsatz","14":"product_tag-nicolas-jackson-trikots","16":"first","17":"instock","18":"shipping-taxable","19":"purchasable","20":"product-type-variable"},"_links":{"self":[{"href":"https:\/\/www.billigtrikotde.com\/da\/wp-json\/wp\/v2\/product\/20807","targetHints":{"allow":["GET"]}}],"collection":[{"href":"https:\/\/www.billigtrikotde.com\/da\/wp-json\/wp\/v2\/product"}],"about":[{"href":"https:\/\/www.billigtrikotde.com\/da\/wp-json\/wp\/v2\/types\/product"}],"replies":[{"embeddable":true,"href":"https:\/\/www.billigtrikotde.com\/da\/wp-json\/wp\/v2\/comments?post=20807"}],"wp:featuredmedia":[{"embeddable":true,"href":"https:\/\/www.billigtrikotde.com\/da\/wp-json\/wp\/v2\/media\/20809"}],"wp:attachment":[{"href":"https:\/\/www.billigtrikotde.com\/da\/wp-json\/wp\/v2\/media?parent=20807"}],"wp:term":[{"taxonomy":"product_brand","embeddable":true,"href":"https:\/\/www.billigtrikotde.com\/da\/wp-json\/wp\/v2\/product_brand?post=20807"},{"taxonomy":"product_cat","embeddable":true,"href":"https:\/\/www.billigtrikotde.com\/da\/wp-json\/wp\/v2\/product_cat?post=20807"},{"taxonomy":"product_tag","embeddable":true,"href":"https:\/\/www.billigtrikotde.com\/da\/wp-json\/wp\/v2\/product_tag?post=20807"}],"curies":[{"name":"wp","href":"https:\/\/api.w.org\/{rel}","templated":true}]}}