{"id":20741,"date":"2025-02-08T13:23:01","date_gmt":"2025-02-08T12:23:01","guid":{"rendered":"https:\/\/www.billigtrikotde.com\/?post_type=product&#038;p=20741"},"modified":"2025-03-01T09:09:35","modified_gmt":"2025-03-01T08:09:35","slug":"chelsea-fussballtrikots-kinder-heimtrikot-2024-25-cole-palmer-20","status":"publish","type":"product","link":"https:\/\/www.billigtrikotde.com\/da\/vare\/chelsea-fussballtrikots-kinder-heimtrikot-2024-25-cole-palmer-20\/","title":{"rendered":"Chelsea Fodboldtr\u00f8jer B\u00f8rn Hjemmebanetr\u00f8je 2024-25 Cole Palmer 20"},"content":{"rendered":"<p>Chelseas fodboldtr\u00f8je kinder 24-25 er den f\u00f8rste i klubbens historie. Den kombinerer de traditionelle bl\u00e5 og hvide og orange farver. Logoerne p\u00e5 Chelseas hjemmebanetr\u00f8je 24-25 er lysebl\u00e5 og omkranset af \"Team Orange\". Begge har en 3D-effekt. Det, der skiller sig ud, er et b\u00f8lget design, der minder lidt om effekten af en skumb\u00f8lge.<\/p>\n<p>Tips til udskrivning: Hvis navn og nummer p\u00e5 billedet er pr\u00e6cis det, du \u00f8nsker, beh\u00f8ver du ikke at indtaste dem igen. Hvis ikke, skal du indtaste det \u00f8nskede navn og nummer.<\/p>\n<p>Tips til vask: Det anbefales at vaske fodboldtr\u00f8jer i h\u00e5nden. Hvis du vil bruge vaskemaskinen, skal du huske at vende vrangen ud p\u00e5 fodboldtr\u00f8jerne og derefter vaske dem. Fyld maskinen med koldt vand, og brug et sk\u00e5neprogram for bedre at beskytte farverne.<\/p>","protected":false},"excerpt":{"rendered":"<p>Das Chelsea Fu\u00dfballtrikots kinder 24-25 stellt eine Premiere in der Geschichte des Vereins dar. Es kombiniert das traditionelle Blau und Wei\u00df-Orange. Die Logos des Chelsea 24-25 Heimtrikots sind hellblau und mit \u201eTeam Orange\u201c umrandet. Beide haben einen 3D-Effekt. Was auff\u00e4llt, ist ein wellenf\u00f6rmiges Design, das ein wenig an den Effekt einer Schaumstoffwelle erinnert. Tipps zum [&hellip;]<\/p>","protected":false},"featured_media":20743,"comment_status":"open","ping_status":"closed","template":"","meta":[],"product_brand":[],"product_cat":[162],"product_tag":[20,1280,831,832,163,1221,24,94],"class_list":{"0":"post-20741","1":"product","2":"type-product","3":"status-publish","4":"has-post-thumbnail","6":"product_cat-chelsea-kindertrikot","7":"product_tag-coole-fussballtrikots","8":"product_tag-chelsea-fc-24-25-trikot","9":"product_tag-chelsea-fussballtrikots-kinder","10":"product_tag-chelsea-trikot-fuer-kinder","11":"product_tag-chelsea-trikotsatz-fuer-kinder","12":"product_tag-cole-palmer-trikots","13":"product_tag-guenstiges-fussballtrikot","14":"product_tag-kinder-fussball-trikotsatz","16":"first","17":"instock","18":"shipping-taxable","19":"purchasable","20":"product-type-variable"},"_links":{"self":[{"href":"https:\/\/www.billigtrikotde.com\/da\/wp-json\/wp\/v2\/product\/20741","targetHints":{"allow":["GET"]}}],"collection":[{"href":"https:\/\/www.billigtrikotde.com\/da\/wp-json\/wp\/v2\/product"}],"about":[{"href":"https:\/\/www.billigtrikotde.com\/da\/wp-json\/wp\/v2\/types\/product"}],"replies":[{"embeddable":true,"href":"https:\/\/www.billigtrikotde.com\/da\/wp-json\/wp\/v2\/comments?post=20741"}],"wp:featuredmedia":[{"embeddable":true,"href":"https:\/\/www.billigtrikotde.com\/da\/wp-json\/wp\/v2\/media\/20743"}],"wp:attachment":[{"href":"https:\/\/www.billigtrikotde.com\/da\/wp-json\/wp\/v2\/media?parent=20741"}],"wp:term":[{"taxonomy":"product_brand","embeddable":true,"href":"https:\/\/www.billigtrikotde.com\/da\/wp-json\/wp\/v2\/product_brand?post=20741"},{"taxonomy":"product_cat","embeddable":true,"href":"https:\/\/www.billigtrikotde.com\/da\/wp-json\/wp\/v2\/product_cat?post=20741"},{"taxonomy":"product_tag","embeddable":true,"href":"https:\/\/www.billigtrikotde.com\/da\/wp-json\/wp\/v2\/product_tag?post=20741"}],"curies":[{"name":"wp","href":"https:\/\/api.w.org\/{rel}","templated":true}]}}