{"id":20721,"date":"2025-01-29T05:48:39","date_gmt":"2025-01-29T04:48:39","guid":{"rendered":"https:\/\/www.billigtrikotde.com\/?post_type=product&#038;p=20721"},"modified":"2025-03-01T09:23:07","modified_gmt":"2025-03-01T08:23:07","slug":"kinder-trikot-billig-tottenham-hotspur-ausweich-trikotsatz-2024-25","status":"publish","type":"product","link":"https:\/\/www.billigtrikotde.com\/da\/vare\/kinder-trikot-billig-tottenham-hotspur-ausweich-trikotsatz-2024-25\/","title":{"rendered":"B\u00f8rnetr\u00f8je billig Tottenham Hotspur 2024-25"},"content":{"rendered":"<p>Designet p\u00e5 den tredje tr\u00f8je i Tottenham Hotspurs udebanes\u00e6t til b\u00f8rn er subtilt inspireret af de syv elmetr\u00e6er, der har st\u00e5et i South Tottenham i \u00e5rhundreder. Disse tr\u00e6er har fascineret de lokale beboere i generationer og er dybt forankret i folklore. Legenden siger, at de oprindelige elmetr\u00e6er blev plantet i det 14. \u00e5rhundrede af syv s\u00f8stre fra en lokal familie, hvilket giver omr\u00e5dets historie et mystisk pr\u00e6g.<\/p>\n<p>Ved at inkorporere elementer fra denne lokale legende i tr\u00f8jens design vil Tottenham Hotspur vise, at den er forpligtet til at opretholde sine b\u00e5nd til lokalsamfundet. M\u00f8nsteret p\u00e5 det gr\u00f8nne stof fungerer som en visuel repr\u00e6sentation af klubbens dybt forankrede forbindelse med postnummeret N17 og det omkringliggende omr\u00e5de, der har v\u00e6ret dens hjem i over et \u00e5rhundrede.<\/p>","protected":false},"excerpt":{"rendered":"<p>Das Design des dritten Trikots der Kinder Trikot Billig Tottenham Hotspur ist subtil inspiriert von den sieben Ulmen, die seit Jahrhunderten in South Tottenham stehen. Diese B\u00e4ume faszinieren die Anwohner seit Generationen und sind tief in der Folklore verwurzelt. Der Legende nach wurden die urspr\u00fcnglichen Ulmen im 14. Jahrhundert von sieben Schwestern einer einheimischen Familie [&hellip;]<\/p>","protected":false},"featured_media":20723,"comment_status":"open","ping_status":"closed","template":"","meta":[],"product_brand":[],"product_cat":[102],"product_tag":[20,574,24,94,1404,652,104,105],"class_list":{"0":"post-20721","1":"product","2":"type-product","3":"status-publish","4":"has-post-thumbnail","6":"product_cat-tottenham-hotspur-kindertrikot","7":"product_tag-coole-fussballtrikots","8":"product_tag-fussballtrikot-deutschland","9":"product_tag-guenstiges-fussballtrikot","10":"product_tag-kinder-fussball-trikotsatz","11":"product_tag-kinder-trikot-billig-tottenham-hotspur","12":"product_tag-tottenham-hotspur-fussballtrikot","13":"product_tag-tottenham-hotspur-trikots","14":"product_tag-tottenham-hotspur-trikotsatz-fuer-kinder","16":"first","17":"instock","18":"shipping-taxable","19":"purchasable","20":"product-type-variable"},"_links":{"self":[{"href":"https:\/\/www.billigtrikotde.com\/da\/wp-json\/wp\/v2\/product\/20721","targetHints":{"allow":["GET"]}}],"collection":[{"href":"https:\/\/www.billigtrikotde.com\/da\/wp-json\/wp\/v2\/product"}],"about":[{"href":"https:\/\/www.billigtrikotde.com\/da\/wp-json\/wp\/v2\/types\/product"}],"replies":[{"embeddable":true,"href":"https:\/\/www.billigtrikotde.com\/da\/wp-json\/wp\/v2\/comments?post=20721"}],"wp:featuredmedia":[{"embeddable":true,"href":"https:\/\/www.billigtrikotde.com\/da\/wp-json\/wp\/v2\/media\/20723"}],"wp:attachment":[{"href":"https:\/\/www.billigtrikotde.com\/da\/wp-json\/wp\/v2\/media?parent=20721"}],"wp:term":[{"taxonomy":"product_brand","embeddable":true,"href":"https:\/\/www.billigtrikotde.com\/da\/wp-json\/wp\/v2\/product_brand?post=20721"},{"taxonomy":"product_cat","embeddable":true,"href":"https:\/\/www.billigtrikotde.com\/da\/wp-json\/wp\/v2\/product_cat?post=20721"},{"taxonomy":"product_tag","embeddable":true,"href":"https:\/\/www.billigtrikotde.com\/da\/wp-json\/wp\/v2\/product_tag?post=20721"}],"curies":[{"name":"wp","href":"https:\/\/api.w.org\/{rel}","templated":true}]}}