{"id":20715,"date":"2025-01-29T05:27:56","date_gmt":"2025-01-29T04:27:56","guid":{"rendered":"https:\/\/www.billigtrikotde.com\/?post_type=product&#038;p=20715"},"modified":"2025-03-01T05:56:38","modified_gmt":"2025-03-01T04:56:38","slug":"tottenham-hotspur-auswaerts-trikotsatz-2024-25-fuer-kinder-cristian-romero-17","status":"publish","type":"product","link":"https:\/\/www.billigtrikotde.com\/da\/vare\/tottenham-hotspur-auswaerts-trikotsatz-2024-25-fuer-kinder-cristian-romero-17\/","title":{"rendered":"Tottenham Hotspur Udebanes\u00e6t 2024-25 til b\u00f8rn Cristian Romero 17"},"content":{"rendered":"<p>I en dristig afvigelse fra Tottenham Hotspurs traditionelle tr\u00f8jedesign er klubbens v\u00e5benskjold i centrum p\u00e5 Tottenham Hotspurs 24\/25 udebanes\u00e6t. Denne innovative placering giver et moderne twist til det klassiske design og bygger bro mellem Tottenhams rige historie og dens fremadrettede ambitioner. \u00c6rmerne og halsudsk\u00e6ringen er prydet med et gult og hvidt b\u00e5nd, et designelement, der vil v\u00e6re at finde p\u00e5 alle klubbens tr\u00f8jer i n\u00e6ste s\u00e6son.<\/p>\n<p>Tips til udskrivning: Hvis navn og nummer p\u00e5 billedet er pr\u00e6cis det, du \u00f8nsker, beh\u00f8ver du ikke at indtaste dem igen. Hvis ikke, skal du indtaste det \u00f8nskede navn og nummer.<\/p>\n<p>Tips til vask: Det anbefales at vaske fodboldtr\u00f8jer i h\u00e5nden. Hvis du vil bruge vaskemaskinen, skal du huske at vende vrangen ud p\u00e5 fodboldtr\u00f8jerne og derefter vaske dem. Fyld maskinen med koldt vand, og brug et sk\u00e5neprogram for bedre at beskytte farverne.<\/p>","protected":false},"excerpt":{"rendered":"<p>In einer mutigen Abkehr vom traditionellen Trikotdesign von Tottenham Hotspur steht das Vereinswappen auf dem Tottenham Hotspur 24\/25-Ausw\u00e4rtstrikot im Mittelpunkt. Diese innovative Platzierung verleiht dem klassischen Design eine moderne Note und \u00fcberbr\u00fcckt die L\u00fccke zwischen Tottenhams reicher Geschichte und seinen zukunftsweisenden Ambitionen. Die \u00c4rmel und der Ausschnitt sind mit einem gelb-wei\u00dfen Band verziert, einem Designelement, [&hellip;]<\/p>","protected":false},"featured_media":20717,"comment_status":"open","ping_status":"closed","template":"","meta":[],"product_brand":[],"product_cat":[102],"product_tag":[20,1403,574,24,94,652,104,105],"class_list":{"0":"post-20715","1":"product","2":"type-product","3":"status-publish","4":"has-post-thumbnail","6":"product_cat-tottenham-hotspur-kindertrikot","7":"product_tag-coole-fussballtrikots","8":"product_tag-cristian-romero-trikots","9":"product_tag-fussballtrikot-deutschland","10":"product_tag-guenstiges-fussballtrikot","11":"product_tag-kinder-fussball-trikotsatz","12":"product_tag-tottenham-hotspur-fussballtrikot","13":"product_tag-tottenham-hotspur-trikots","14":"product_tag-tottenham-hotspur-trikotsatz-fuer-kinder","16":"first","17":"instock","18":"shipping-taxable","19":"purchasable","20":"product-type-variable"},"_links":{"self":[{"href":"https:\/\/www.billigtrikotde.com\/da\/wp-json\/wp\/v2\/product\/20715","targetHints":{"allow":["GET"]}}],"collection":[{"href":"https:\/\/www.billigtrikotde.com\/da\/wp-json\/wp\/v2\/product"}],"about":[{"href":"https:\/\/www.billigtrikotde.com\/da\/wp-json\/wp\/v2\/types\/product"}],"replies":[{"embeddable":true,"href":"https:\/\/www.billigtrikotde.com\/da\/wp-json\/wp\/v2\/comments?post=20715"}],"wp:featuredmedia":[{"embeddable":true,"href":"https:\/\/www.billigtrikotde.com\/da\/wp-json\/wp\/v2\/media\/20717"}],"wp:attachment":[{"href":"https:\/\/www.billigtrikotde.com\/da\/wp-json\/wp\/v2\/media?parent=20715"}],"wp:term":[{"taxonomy":"product_brand","embeddable":true,"href":"https:\/\/www.billigtrikotde.com\/da\/wp-json\/wp\/v2\/product_brand?post=20715"},{"taxonomy":"product_cat","embeddable":true,"href":"https:\/\/www.billigtrikotde.com\/da\/wp-json\/wp\/v2\/product_cat?post=20715"},{"taxonomy":"product_tag","embeddable":true,"href":"https:\/\/www.billigtrikotde.com\/da\/wp-json\/wp\/v2\/product_tag?post=20715"}],"curies":[{"name":"wp","href":"https:\/\/api.w.org\/{rel}","templated":true}]}}