{"id":20703,"date":"2025-01-29T04:59:11","date_gmt":"2025-01-29T03:59:11","guid":{"rendered":"https:\/\/www.billigtrikotde.com\/?post_type=product&#038;p=20703"},"modified":"2025-02-01T15:59:59","modified_gmt":"2025-02-01T14:59:59","slug":"kaufen-kinder-tottenham-hotspur-heim-trikotsatz-2024-25-son-heung-min-7","status":"publish","type":"product","link":"https:\/\/www.billigtrikotde.com\/da\/vare\/kaufen-kinder-tottenham-hotspur-heim-trikotsatz-2024-25-son-heung-min-7\/","title":{"rendered":"K\u00f8b Tottenham Hotspur Hjemmebanetr\u00f8je 2024-25 Son Heung-min 7 til B\u00f8rn"},"content":{"rendered":"<p>Designet p\u00e5 den billige Tottenham Hotspur 24\/25 hjemmebanetr\u00f8je har marinebl\u00e5 \u00e6rmer hele vejen igennem og vender tilbage til den hvide \"Lilywhite\"-tr\u00f8je. Dette design hylder de ikoniske farver fra klubben i det nordlige London.<\/p>\n<p>Tr\u00f8jen har et nyt rundhalset design fra Soccer og n\u00e5lestribede manchetter. Alle detaljer p\u00e5 tr\u00f8jen er i Tottenhams traditionelle marinebl\u00e5 farver og matcher de m\u00f8rkebl\u00e5 shorts og hvide str\u00f8mper for et klassisk Spurs-look.<\/p>\n<p>Tips til udskrivning: Hvis navn og nummer p\u00e5 billedet er pr\u00e6cis det, du \u00f8nsker, beh\u00f8ver du ikke at indtaste dem igen. Hvis ikke, skal du indtaste det \u00f8nskede navn og nummer.<\/p>\n<p>Tips til vask: Det anbefales at vaske fodboldtr\u00f8jer i h\u00e5nden. Hvis du vil bruge vaskemaskinen, skal du huske at vende vrangen ud p\u00e5 fodboldtr\u00f8jerne og derefter vaske dem. Fyld maskinen med koldt vand, og brug et sk\u00e5neprogram for bedre at beskytte farverne.<\/p>","protected":false},"excerpt":{"rendered":"<p>Designet af den billige Tottenham Hotspur 24\/25 hjemmebanetr\u00f8je viser gennemg\u00e5ende marinebl\u00e5 \u00e6rmer, som vender tilbage til den hvide \u201eLilywhite\u201c-tr\u00f8je. Dette design fejrer klubbens ikoniske farver fra Nordlondon. Tr\u00f8jen har et nyt rundhals-design af Soccer og n\u00e5lestribede \u00e6rmeomslag. Alle detaljer p\u00e5 tr\u00f8jen er holdt i Tottenhams traditionelle marinebl\u00e5 accenter og passer til de m\u00f8rkebl\u00e5 shorts og [\u2026]<\/p>","protected":false},"featured_media":20705,"comment_status":"open","ping_status":"closed","template":"","meta":[],"product_brand":[],"product_cat":[102],"product_tag":[20,574,24,94,1401,652,104,105],"class_list":{"0":"post-20703","1":"product","2":"type-product","3":"status-publish","4":"has-post-thumbnail","6":"product_cat-tottenham-hotspur-kindertrikot","7":"product_tag-coole-fussballtrikots","8":"product_tag-fussballtrikot-deutschland","9":"product_tag-guenstiges-fussballtrikot","10":"product_tag-kinder-fussball-trikotsatz","11":"product_tag-son-heung-min-trikots","12":"product_tag-tottenham-hotspur-fussballtrikot","13":"product_tag-tottenham-hotspur-trikots","14":"product_tag-tottenham-hotspur-trikotsatz-fuer-kinder","16":"first","17":"instock","18":"shipping-taxable","19":"purchasable","20":"product-type-variable"},"_links":{"self":[{"href":"https:\/\/www.billigtrikotde.com\/da\/wp-json\/wp\/v2\/product\/20703","targetHints":{"allow":["GET"]}}],"collection":[{"href":"https:\/\/www.billigtrikotde.com\/da\/wp-json\/wp\/v2\/product"}],"about":[{"href":"https:\/\/www.billigtrikotde.com\/da\/wp-json\/wp\/v2\/types\/product"}],"replies":[{"embeddable":true,"href":"https:\/\/www.billigtrikotde.com\/da\/wp-json\/wp\/v2\/comments?post=20703"}],"wp:featuredmedia":[{"embeddable":true,"href":"https:\/\/www.billigtrikotde.com\/da\/wp-json\/wp\/v2\/media\/20705"}],"wp:attachment":[{"href":"https:\/\/www.billigtrikotde.com\/da\/wp-json\/wp\/v2\/media?parent=20703"}],"wp:term":[{"taxonomy":"product_brand","embeddable":true,"href":"https:\/\/www.billigtrikotde.com\/da\/wp-json\/wp\/v2\/product_brand?post=20703"},{"taxonomy":"product_cat","embeddable":true,"href":"https:\/\/www.billigtrikotde.com\/da\/wp-json\/wp\/v2\/product_cat?post=20703"},{"taxonomy":"product_tag","embeddable":true,"href":"https:\/\/www.billigtrikotde.com\/da\/wp-json\/wp\/v2\/product_tag?post=20703"}],"curies":[{"name":"wp","href":"https:\/\/api.w.org\/{rel}","templated":true}]}}