{"id":20692,"date":"2025-01-26T08:43:43","date_gmt":"2025-01-26T07:43:43","guid":{"rendered":"https:\/\/www.billigtrikotde.com\/?post_type=product&#038;p=20692"},"modified":"2025-02-01T16:00:43","modified_gmt":"2025-02-01T15:00:43","slug":"kindertrikot-personalisierbar-real-madrid-ausweich-trikotsatz-2024-25","status":"publish","type":"product","link":"https:\/\/www.billigtrikotde.com\/da\/vare\/kindertrikot-personalisierbar-real-madrid-ausweich-trikotsatz-2024-25\/","title":{"rendered":"B\u00f8rnetr\u00f8je, der kan tilpasses Real Madrid 2024-25"},"content":{"rendered":"<p>Den prisvenlige Real Madrid 2024\/25 tredjetr\u00f8je har et sofistikeret m\u00f8rkegr\u00e5t farveskema, der er meget forskelligt fra tidligere designs. Det mest i\u00f8jnefaldende tr\u00e6k ved Real Madrids nye tr\u00f8je er et indviklet m\u00f8nster med klubbens initialer 'RMCF', et unikt designelement inspireret af traditionelle gadeskilte i Madrid, som skaber en st\u00e6rk forbindelse mellem holdet og deres hjemby. Monogrammet, som g\u00e5r igen p\u00e5 hele tr\u00f8jen, giver dybde og karakter til den seneste Real Madrid 2024\/25-tr\u00f8je, hvor flere bem\u00e6rkelsesv\u00e6rdige detaljer er indarbejdet i designet af Real Madrids tredje tr\u00f8je 24\/25. Tr\u00f8jen har en fladstrikket polokrave og en knaplukning, der tilf\u00f8jer et strejf af elegance til den overordnede \u00e6stetik.<\/p>\n<p>Tips til udskrivning: Hvis navn og nummer p\u00e5 billedet er pr\u00e6cis det, du \u00f8nsker, beh\u00f8ver du ikke at indtaste dem igen. Hvis ikke, skal du indtaste det \u00f8nskede navn og nummer.<\/p>\n<p>Tips til vask: Det anbefales at vaske fodboldtr\u00f8jer i h\u00e5nden. Hvis du vil bruge vaskemaskinen, skal du huske at vende vrangen ud p\u00e5 fodboldtr\u00f8jerne og derefter vaske dem. Fyld maskinen med koldt vand, og brug et sk\u00e5neprogram for bedre at beskytte farverne.<\/p>","protected":false},"excerpt":{"rendered":"<p>Das g\u00fcnstige dritte Trikot von Real Madrid 2024\/25 zeichnet sich durch ein raffiniertes dunkelgraues Farbschema aus, das sich deutlich von fr\u00fcheren Designs unterscheidet. Das herausragende Merkmal des neuen Trikots von Real Madrid ist ein kompliziertes Muster mit den Initialen des Vereins \u201eRMCF\u201c.Dieses einzigartige Designelement ist von traditionellen Madrider Stra\u00dfenschildern inspiriert und schafft eine starke Verbindung [&hellip;]<\/p>","protected":false},"featured_media":20694,"comment_status":"open","ping_status":"closed","template":"","meta":[],"product_brand":[],"product_cat":[165],"product_tag":[20,574,24,94,879,880,47,166],"class_list":{"0":"post-20692","1":"product","2":"type-product","3":"status-publish","4":"has-post-thumbnail","6":"product_cat-real-madrid-kindertrikot","7":"product_tag-coole-fussballtrikots","8":"product_tag-fussballtrikot-deutschland","9":"product_tag-guenstiges-fussballtrikot","10":"product_tag-kinder-fussball-trikotsatz","11":"product_tag-real-madrid-fussballtrikots-kinder","12":"product_tag-real-madrid-trikot-fuer-kinder","13":"product_tag-real-madrid-trikots","14":"product_tag-real-madrid-trikotsatz-fuer-kinder","16":"first","17":"instock","18":"shipping-taxable","19":"purchasable","20":"product-type-variable"},"_links":{"self":[{"href":"https:\/\/www.billigtrikotde.com\/da\/wp-json\/wp\/v2\/product\/20692","targetHints":{"allow":["GET"]}}],"collection":[{"href":"https:\/\/www.billigtrikotde.com\/da\/wp-json\/wp\/v2\/product"}],"about":[{"href":"https:\/\/www.billigtrikotde.com\/da\/wp-json\/wp\/v2\/types\/product"}],"replies":[{"embeddable":true,"href":"https:\/\/www.billigtrikotde.com\/da\/wp-json\/wp\/v2\/comments?post=20692"}],"wp:featuredmedia":[{"embeddable":true,"href":"https:\/\/www.billigtrikotde.com\/da\/wp-json\/wp\/v2\/media\/20694"}],"wp:attachment":[{"href":"https:\/\/www.billigtrikotde.com\/da\/wp-json\/wp\/v2\/media?parent=20692"}],"wp:term":[{"taxonomy":"product_brand","embeddable":true,"href":"https:\/\/www.billigtrikotde.com\/da\/wp-json\/wp\/v2\/product_brand?post=20692"},{"taxonomy":"product_cat","embeddable":true,"href":"https:\/\/www.billigtrikotde.com\/da\/wp-json\/wp\/v2\/product_cat?post=20692"},{"taxonomy":"product_tag","embeddable":true,"href":"https:\/\/www.billigtrikotde.com\/da\/wp-json\/wp\/v2\/product_tag?post=20692"}],"curies":[{"name":"wp","href":"https:\/\/api.w.org\/{rel}","templated":true}]}}