{"id":20662,"date":"2025-01-24T08:36:18","date_gmt":"2025-01-24T07:36:18","guid":{"rendered":"https:\/\/www.billigtrikotde.com\/?post_type=product&#038;p=20662"},"modified":"2025-03-01T09:14:12","modified_gmt":"2025-03-01T08:14:12","slug":"fc-barcelona-ausweich-trikotsatz-2024-25-fussballtrikots-fuer-kinder","status":"publish","type":"product","link":"https:\/\/www.billigtrikotde.com\/da\/vare\/fc-barcelona-ausweich-trikotsatz-2024-25-fussballtrikots-fuer-kinder\/","title":{"rendered":"FC Barcelona 2024-25 Fodbolds\u00e6t til b\u00f8rn"},"content":{"rendered":"<p>Den prisvenlige Bar\u00e7a 2024-25 tredjetr\u00f8je imponerer med sit moderne farveskema. Den kombinerer en lys volt-farve med bl\u00e5 til logoer og applikationer. De officielle farver er \"Barely Volt \/ Old Royal\", og Bar\u00e7a 2024-2025 tredjetr\u00f8jen er designet med et kvindeligt k\u00f8nssymbol - en hermafrodit, en cirkel over et kors.<\/p>\n<p>Som alle andre tr\u00f8jer i s\u00e6sonen 2024-2025 har Barcelona-tr\u00f8jen 24-25 ogs\u00e5 en swoosh p\u00e5 hovedet. V\u00e5benskjoldet er p\u00e5 venstre side i en ensfarvet, bl\u00e5kantet volt-version.<\/p>\n<p>Tips til udskrivning: Hvis navn og nummer p\u00e5 billedet er pr\u00e6cis det, du \u00f8nsker, beh\u00f8ver du ikke at indtaste dem igen. Hvis ikke, skal du indtaste det \u00f8nskede navn og nummer.<\/p>\n<p>Tips til vask: Det anbefales at vaske fodboldtr\u00f8jer i h\u00e5nden. Hvis du vil bruge vaskemaskinen, skal du huske at vende vrangen ud p\u00e5 fodboldtr\u00f8jerne og derefter vaske dem. Fyld maskinen med koldt vand, og brug et sk\u00e5neprogram for bedre at beskytte farverne.<\/p>","protected":false},"excerpt":{"rendered":"<p>Den billige Bar\u00e7a 2024-25 tredje tr\u00f8je imponerer med et moderne farveskema. Den kombinerer en lys Volt med bl\u00e5 til logoer og applikationer. Officielt hedder farverne \u201eBarely Volt \/ Old Royal\u201c. Bar\u00e7a 2024-2025 tredje tr\u00f8je er designet med et kvindeligt k\u00f8nssymbol \u2013 en monekrat, en cirkel over et kryds. Som alle andre tr\u00f8jer i s\u00e6sonen [\u2026]<\/p>","protected":false},"featured_media":20664,"comment_status":"open","ping_status":"closed","template":"","meta":[],"product_brand":[],"product_cat":[146],"product_tag":[20,33,1261,22,24],"class_list":{"0":"post-20662","1":"product","2":"type-product","3":"status-publish","4":"has-post-thumbnail","6":"product_cat-barcelona-kindertrikot","7":"product_tag-coole-fussballtrikots","8":"product_tag-fc-barcelona-trikots","9":"product_tag-fussballtrikot-fuer-kinder","10":"product_tag-fussballtrikot-guenstig-kaufen","11":"product_tag-guenstiges-fussballtrikot","13":"first","14":"instock","15":"shipping-taxable","16":"purchasable","17":"product-type-variable"},"_links":{"self":[{"href":"https:\/\/www.billigtrikotde.com\/da\/wp-json\/wp\/v2\/product\/20662","targetHints":{"allow":["GET"]}}],"collection":[{"href":"https:\/\/www.billigtrikotde.com\/da\/wp-json\/wp\/v2\/product"}],"about":[{"href":"https:\/\/www.billigtrikotde.com\/da\/wp-json\/wp\/v2\/types\/product"}],"replies":[{"embeddable":true,"href":"https:\/\/www.billigtrikotde.com\/da\/wp-json\/wp\/v2\/comments?post=20662"}],"wp:featuredmedia":[{"embeddable":true,"href":"https:\/\/www.billigtrikotde.com\/da\/wp-json\/wp\/v2\/media\/20664"}],"wp:attachment":[{"href":"https:\/\/www.billigtrikotde.com\/da\/wp-json\/wp\/v2\/media?parent=20662"}],"wp:term":[{"taxonomy":"product_brand","embeddable":true,"href":"https:\/\/www.billigtrikotde.com\/da\/wp-json\/wp\/v2\/product_brand?post=20662"},{"taxonomy":"product_cat","embeddable":true,"href":"https:\/\/www.billigtrikotde.com\/da\/wp-json\/wp\/v2\/product_cat?post=20662"},{"taxonomy":"product_tag","embeddable":true,"href":"https:\/\/www.billigtrikotde.com\/da\/wp-json\/wp\/v2\/product_tag?post=20662"}],"curies":[{"name":"wp","href":"https:\/\/api.w.org\/{rel}","templated":true}]}}