{"id":20659,"date":"2025-01-24T08:23:09","date_gmt":"2025-01-24T07:23:09","guid":{"rendered":"https:\/\/www.billigtrikotde.com\/?post_type=product&#038;p=20659"},"modified":"2025-03-01T09:15:41","modified_gmt":"2025-03-01T08:15:41","slug":"fussballtrikot-kaufen-kinder-fc-barcelona-auswaerts-trikotsatz-2024-25-lamine-yamal-19","status":"publish","type":"product","link":"https:\/\/www.billigtrikotde.com\/da\/vare\/fussballtrikot-kaufen-kinder-fc-barcelona-auswaerts-trikotsatz-2024-25-lamine-yamal-19\/","title":{"rendered":"Fodboldtr\u00f8je K\u00f8b B\u00f8rn FC Barcelona Udebanes\u00e6t 2024-25 Lamine Yamal 19"},"content":{"rendered":"<p>FC Barcelonas udebanetr\u00f8je 2024\/25 har de ikoniske Barca-striber p\u00e5 en elegant sort baggrund, der giver en i\u00f8jnefaldende visuel kontrast. Et h\u00f8jdepunkt er klubm\u00e6rket, et TPU-m\u00e6rke med en reflekterende overflade og en bl\u00e5 og r\u00f8dbrun kant. Denne udebanetr\u00f8je for 2024\/25 udgives i forbindelse med Barcelonas 125-\u00e5rs jubil\u00e6um, hvilket giver udgivelsen en s\u00e6rlig betydning. Klubbens beslutning om at genoptage dette farveskema antyder en blanding af nostalgi og innovation, der appellerer til b\u00e5de mange\u00e5rige og nye fans.<\/p>\n<p>Tips til udskrivning: Hvis navn og nummer p\u00e5 billedet er pr\u00e6cis det, du \u00f8nsker, beh\u00f8ver du ikke at indtaste dem igen. Hvis ikke, skal du indtaste det \u00f8nskede navn og nummer.<\/p>\n<p>Tips til vask: Det anbefales at vaske fodboldtr\u00f8jer i h\u00e5nden. Hvis du vil bruge vaskemaskinen, skal du huske at vende vrangen ud p\u00e5 fodboldtr\u00f8jerne og derefter vaske dem. Fyld maskinen med koldt vand, og brug et sk\u00e5neprogram for bedre at beskytte farverne.<\/p>","protected":false},"excerpt":{"rendered":"<p>Das Ausw\u00e4rtstrikot 2024\/25 des FC Barcelona zeigt die ikonischen Barca-Streifen auf einem eleganten schwarzen Hintergrund f\u00fcr einen auff\u00e4lligen optischen Kontrast. Ein Highlight ist das Vereinsabzeichen, ein TPU-Abzeichen mit reflektierender Oberfl\u00e4che und einer blauen und kastanienbraunen Umrandung. Dieses Ausw\u00e4rtstrikot 2024\/25 erscheint genau zu Barcelonas 125-j\u00e4hrigem Jubil\u00e4um, was der Ver\u00f6ffentlichung eine besondere Bedeutung verleiht. Die Entscheidung des [&hellip;]<\/p>","protected":false},"featured_media":20661,"comment_status":"open","ping_status":"closed","template":"","meta":[],"product_brand":[],"product_cat":[146],"product_tag":[20,33,1261,22,24,1225],"class_list":{"0":"post-20659","1":"product","2":"type-product","3":"status-publish","4":"has-post-thumbnail","6":"product_cat-barcelona-kindertrikot","7":"product_tag-coole-fussballtrikots","8":"product_tag-fc-barcelona-trikots","9":"product_tag-fussballtrikot-fuer-kinder","10":"product_tag-fussballtrikot-guenstig-kaufen","11":"product_tag-guenstiges-fussballtrikot","12":"product_tag-lamine-yamal-trikots","14":"first","15":"instock","16":"shipping-taxable","17":"purchasable","18":"product-type-variable"},"_links":{"self":[{"href":"https:\/\/www.billigtrikotde.com\/da\/wp-json\/wp\/v2\/product\/20659","targetHints":{"allow":["GET"]}}],"collection":[{"href":"https:\/\/www.billigtrikotde.com\/da\/wp-json\/wp\/v2\/product"}],"about":[{"href":"https:\/\/www.billigtrikotde.com\/da\/wp-json\/wp\/v2\/types\/product"}],"replies":[{"embeddable":true,"href":"https:\/\/www.billigtrikotde.com\/da\/wp-json\/wp\/v2\/comments?post=20659"}],"wp:featuredmedia":[{"embeddable":true,"href":"https:\/\/www.billigtrikotde.com\/da\/wp-json\/wp\/v2\/media\/20661"}],"wp:attachment":[{"href":"https:\/\/www.billigtrikotde.com\/da\/wp-json\/wp\/v2\/media?parent=20659"}],"wp:term":[{"taxonomy":"product_brand","embeddable":true,"href":"https:\/\/www.billigtrikotde.com\/da\/wp-json\/wp\/v2\/product_brand?post=20659"},{"taxonomy":"product_cat","embeddable":true,"href":"https:\/\/www.billigtrikotde.com\/da\/wp-json\/wp\/v2\/product_cat?post=20659"},{"taxonomy":"product_tag","embeddable":true,"href":"https:\/\/www.billigtrikotde.com\/da\/wp-json\/wp\/v2\/product_tag?post=20659"}],"curies":[{"name":"wp","href":"https:\/\/api.w.org\/{rel}","templated":true}]}}