{"id":20569,"date":"2025-01-10T14:51:12","date_gmt":"2025-01-10T13:51:12","guid":{"rendered":"https:\/\/www.billigtrikotde.com\/?post_type=product&#038;p=20569"},"modified":"2025-02-13T10:37:20","modified_gmt":"2025-02-13T09:37:20","slug":"fussball-trikots-kinder-real-madrid-auswaerts-trikotsatz-2024-25-jude-bellingham-5","status":"publish","type":"product","link":"https:\/\/www.billigtrikotde.com\/da\/vare\/fussball-trikots-kinder-real-madrid-auswaerts-trikotsatz-2024-25-jude-bellingham-5\/","title":{"rendered":"Fodboldtr\u00f8jer B\u00f8rn Real Madrid Udebanes\u00e6t 2024-25 Jude Bellingham 5"},"content":{"rendered":"<p>Den prisvenlige Real Madrid 24-25 udebanetr\u00f8je minder farvem\u00e6ssigt om tredjetr\u00f8jen fra 2013-2014. Den er overvejende lys orange med sorte applikationer. Kraven har hvide detaljer. Farven p\u00e5 Real Madrids 24-25 udebanetr\u00f8je minder om den tredje tr\u00f8je i s\u00e6sonen 2013-2014. I s\u00e6sonen 2013-2014 opn\u00e5ede Madrid sin Decima-dr\u00f8m, den 10. Champions League-titel.<\/p>\n<p>Tips til udskrivning: Hvis navn og nummer p\u00e5 billedet er pr\u00e6cis det, du \u00f8nsker, beh\u00f8ver du ikke at indtaste dem igen. Hvis ikke, skal du indtaste det \u00f8nskede navn og nummer.<\/p>\n<p>Tips til vask: Det anbefales at vaske fodboldtr\u00f8jer i h\u00e5nden. Hvis du vil bruge vaskemaskinen, skal du huske at vende vrangen ud p\u00e5 fodboldtr\u00f8jerne og derefter vaske dem. Fyld maskinen med koldt vand, og brug et sk\u00e5neprogram for bedre at beskytte farverne.<\/p>","protected":false},"excerpt":{"rendered":"<p>Den billige Real Madrid 24-25 udebanetr\u00f8je minder om farven p\u00e5 tredjetr\u00f8jen fra 2013-2014 og er overvejende lys orange med sorte applikationer. Farven p\u00e5 Real Madrid 24-25 udebanetr\u00f8jen minder om tredjetr\u00f8jen i s\u00e6sonen 2013-2014. I s\u00e6sonen 2013-2014 opn\u00e5ede Madrid deres Decima-dr\u00f8m, den 10. Champions League-titel.<\/p>","protected":false},"featured_media":20571,"comment_status":"open","ping_status":"closed","template":"","meta":[],"product_brand":[],"product_cat":[165],"product_tag":[20,574,24,1255,94,879,880,47,166],"class_list":{"0":"post-20569","1":"product","2":"type-product","3":"status-publish","4":"has-post-thumbnail","6":"product_cat-real-madrid-kindertrikot","7":"product_tag-coole-fussballtrikots","8":"product_tag-fussballtrikot-deutschland","9":"product_tag-guenstiges-fussballtrikot","10":"product_tag-jude-bellingham-trikots","11":"product_tag-kinder-fussball-trikotsatz","12":"product_tag-real-madrid-fussballtrikots-kinder","13":"product_tag-real-madrid-trikot-fuer-kinder","14":"product_tag-real-madrid-trikots","15":"product_tag-real-madrid-trikotsatz-fuer-kinder","17":"first","18":"instock","19":"shipping-taxable","20":"purchasable","21":"product-type-variable"},"_links":{"self":[{"href":"https:\/\/www.billigtrikotde.com\/da\/wp-json\/wp\/v2\/product\/20569","targetHints":{"allow":["GET"]}}],"collection":[{"href":"https:\/\/www.billigtrikotde.com\/da\/wp-json\/wp\/v2\/product"}],"about":[{"href":"https:\/\/www.billigtrikotde.com\/da\/wp-json\/wp\/v2\/types\/product"}],"replies":[{"embeddable":true,"href":"https:\/\/www.billigtrikotde.com\/da\/wp-json\/wp\/v2\/comments?post=20569"}],"wp:featuredmedia":[{"embeddable":true,"href":"https:\/\/www.billigtrikotde.com\/da\/wp-json\/wp\/v2\/media\/20571"}],"wp:attachment":[{"href":"https:\/\/www.billigtrikotde.com\/da\/wp-json\/wp\/v2\/media?parent=20569"}],"wp:term":[{"taxonomy":"product_brand","embeddable":true,"href":"https:\/\/www.billigtrikotde.com\/da\/wp-json\/wp\/v2\/product_brand?post=20569"},{"taxonomy":"product_cat","embeddable":true,"href":"https:\/\/www.billigtrikotde.com\/da\/wp-json\/wp\/v2\/product_cat?post=20569"},{"taxonomy":"product_tag","embeddable":true,"href":"https:\/\/www.billigtrikotde.com\/da\/wp-json\/wp\/v2\/product_tag?post=20569"}],"curies":[{"name":"wp","href":"https:\/\/api.w.org\/{rel}","templated":true}]}}